{"id":2629,"date":"2026-01-29T16:29:02","date_gmt":"2026-01-29T13:29:02","guid":{"rendered":"https:\/\/kalinkamagazin.com\/product\/5899-arenque-bltico-clupea-harengus-membras-ahumado-en-aceite-de-colza-es\/"},"modified":"2026-01-29T16:54:32","modified_gmt":"2026-01-29T13:54:32","slug":"5899-arenque-bltico-clupea-harengus-membras-ahumado-en-aceite-de-colza-es","status":"publish","type":"product","link":"https:\/\/kalinkamagazin.com\/es\/product\/5899-arenque-bltico-clupea-harengus-membras-ahumado-en-aceite-de-colza-es\/","title":{"rendered":"Escaramujo fruta, deshidratado."},"content":{"rendered":"<p>Escaramujos secos. Pa\u00eds de origen: Uzbekist\u00e1n. Conservar en un lugar fresco y oscuro. Venta: ver fecha en la etiqueta blanca con texto en alem\u00e1n. Consumir preferentemente antes de: ver fecha en la etiqueta blanca con texto en alem\u00e1n. Escaramujos secos.<\/p>\n","protected":false},"excerpt":{"rendered":"<p>Escaramujos secos. Pa\u00eds de origen: Uzbekist\u00e1n. Conservar en un lugar fresco y oscuro. Venta: ver fecha en la etiqueta blanca con texto en alem\u00e1n. Consumir preferentemente antes de: ver fecha en la etiqueta blanca con texto en alem\u00e1n. Escaramujos secos.<\/p>\n","protected":false},"featured_media":2140,"template":"","meta":{"inline_featured_image":false},"product_brand":[],"product_cat":[212,207],"product_tag":[],"class_list":{"0":"post-2629","1":"product","2":"type-product","3":"status-publish","4":"has-post-thumbnail","6":"product_cat-frutos-secos-nueces","7":"product_cat-granos-cereales-y-snacks","9":"first","10":"instock","11":"shipping-taxable","12":"purchasable","13":"product-type-simple"},"acf":[],"_links":{"self":[{"href":"https:\/\/kalinkamagazin.com\/es\/wp-json\/wp\/v2\/product\/2629","targetHints":{"allow":["GET"]}}],"collection":[{"href":"https:\/\/kalinkamagazin.com\/es\/wp-json\/wp\/v2\/product"}],"about":[{"href":"https:\/\/kalinkamagazin.com\/es\/wp-json\/wp\/v2\/types\/product"}],"wp:featuredmedia":[{"embeddable":true,"href":"https:\/\/kalinkamagazin.com\/es\/wp-json\/wp\/v2\/media\/2140"}],"wp:attachment":[{"href":"https:\/\/kalinkamagazin.com\/es\/wp-json\/wp\/v2\/media?parent=2629"}],"wp:term":[{"taxonomy":"product_brand","embeddable":true,"href":"https:\/\/kalinkamagazin.com\/es\/wp-json\/wp\/v2\/product_brand?post=2629"},{"taxonomy":"product_cat","embeddable":true,"href":"https:\/\/kalinkamagazin.com\/es\/wp-json\/wp\/v2\/product_cat?post=2629"},{"taxonomy":"product_tag","embeddable":true,"href":"https:\/\/kalinkamagazin.com\/es\/wp-json\/wp\/v2\/product_tag?post=2629"}],"curies":[{"name":"wp","href":"https:\/\/api.w.org\/{rel}","templated":true}]}}