{"id":2630,"date":"2026-01-29T16:28:59","date_gmt":"2026-01-29T13:28:59","guid":{"rendered":"https:\/\/kalinkamagazin.com\/product\/5955-espadines-sprattus-sprattus-ahumado-en-aceite-es\/"},"modified":"2026-01-29T16:54:28","modified_gmt":"2026-01-29T13:54:28","slug":"5955-espadines-sprattus-sprattus-ahumado-en-aceite-es","status":"publish","type":"product","link":"https:\/\/kalinkamagazin.com\/es\/product\/5955-espadines-sprattus-sprattus-ahumado-en-aceite-es\/","title":{"rendered":"Arenque b\u00e1ltico (Clupea harengus membras), ahumado, en aceite de colza."},"content":{"rendered":"<p>Arenque del B\u00e1ltico (Clupea harengus membras), ahumado en aceite de colza. Peso del pescado enlatado tras la esterilizaci\u00f3n: 163 g. Ingredientes: arenque ahumado (arenque ahumado), aceite de colza 31 %, sal de mesa. Conservar en un lugar fresco y seco. Proteger de la luz solar directa. Ventas: Lackmann Fleisch- und Feinkostfabrik GmbH, Carl Benz Stra\u00dfe 10, 77731 Willst\u00e4tt, Alemania. La vida \u00fatil m\u00ednima en envase sin abrir es de: ver la primera l\u00ednea inferior. Una vez abierto, conservar en recipientes no met\u00e1licos a una temperatura no superior a +6 \u00b0C y consumir en 72 horas. <!--NWT-Text-->Valor nutricional por 100 g: Valor energ\u00e9tico: 1124 kJ \/ 271 kcal, Grasas: 23 g, de las cuales \u00e1cidos grasos saturados: 3,4 g, Hidratos de carbono: 0 g, de los cuales az\u00facares: 0 g, Prote\u00ednas: 16 g, Sal: 1,4 g, <!--NWT-Table--><\/p>\n<table>\n<tbody>\n<tr>\n<td colspan=\"2\">Valor nutricional por 100 g:<\/td>\n<\/tr>\n<tr>\n<td>Valor energ\u00e9tico:<\/td>\n<td align = \"right\">1124 kJ \/ 271 kcal<\/td>\n<\/tr>\n<tr>\n<td>Grasas:<\/td>\n<td align = \"right\">23 g<\/td>\n<\/tr>\n<tr>\n<td>de los cuales \u00e1cidos grasos saturados:<\/td>\n<td align = \"right\">3,4 g<\/td>\n<\/tr>\n<tr>\n<td>Hidratos de carbono:<\/td>\n<td align = \"right\">0 g<\/td>\n<\/tr>\n<tr>\n<td>- de los cuales az\u00facares:<\/td>\n<td align = \"right\">0 g<\/td>\n<\/tr>\n<tr>\n<td>Prote\u00ednas:<\/td>\n<td align = \"right\">16 g<\/td>\n<\/tr>\n<tr>\n<td>Sal:<\/td>\n<td align = \"right\">1,4 g<\/td>\n<\/tr>\n<\/tbody>\n<\/table>\n<p> <!--Bezeichnung-->Arenque del B\u00e1ltico (Clupea harengus membras), ahumado, en aceite de colza. .<\/p>\n","protected":false},"excerpt":{"rendered":"<p>Arenque del B\u00e1ltico (Clupea harengus membras), ahumado en aceite de colza. Peso del pescado enlatado tras la esterilizaci\u00f3n: 163 g. Ingredientes: arenque ahumado (arenque ahumado), aceite de colza 31 %, sal de mesa. Conservar en un lugar fresco y seco. Proteger de la luz solar directa. Ventas: Lackmann Fleisch- und Feinkostfabrik GmbH, Carl Benz Stra\u00dfe [&hellip;]<\/p>\n","protected":false},"featured_media":2143,"template":"","meta":{"inline_featured_image":false},"product_brand":[],"product_cat":[234,232],"product_tag":[],"class_list":{"0":"post-2630","1":"product","2":"type-product","3":"status-publish","4":"has-post-thumbnail","6":"product_cat-conservas-de-pescado","7":"product_cat-pescado-y-productos-de-pescado","9":"first","10":"instock","11":"shipping-taxable","12":"purchasable","13":"product-type-simple"},"acf":[],"_links":{"self":[{"href":"https:\/\/kalinkamagazin.com\/es\/wp-json\/wp\/v2\/product\/2630","targetHints":{"allow":["GET"]}}],"collection":[{"href":"https:\/\/kalinkamagazin.com\/es\/wp-json\/wp\/v2\/product"}],"about":[{"href":"https:\/\/kalinkamagazin.com\/es\/wp-json\/wp\/v2\/types\/product"}],"wp:featuredmedia":[{"embeddable":true,"href":"https:\/\/kalinkamagazin.com\/es\/wp-json\/wp\/v2\/media\/2143"}],"wp:attachment":[{"href":"https:\/\/kalinkamagazin.com\/es\/wp-json\/wp\/v2\/media?parent=2630"}],"wp:term":[{"taxonomy":"product_brand","embeddable":true,"href":"https:\/\/kalinkamagazin.com\/es\/wp-json\/wp\/v2\/product_brand?post=2630"},{"taxonomy":"product_cat","embeddable":true,"href":"https:\/\/kalinkamagazin.com\/es\/wp-json\/wp\/v2\/product_cat?post=2630"},{"taxonomy":"product_tag","embeddable":true,"href":"https:\/\/kalinkamagazin.com\/es\/wp-json\/wp\/v2\/product_tag?post=2630"}],"curies":[{"name":"wp","href":"https:\/\/api.w.org\/{rel}","templated":true}]}}