{"id":2631,"date":"2026-01-29T16:28:55","date_gmt":"2026-01-29T13:28:55","guid":{"rendered":"https:\/\/kalinkamagazin.com\/product\/5956-pat-de-espadn-ahumado-es\/"},"modified":"2026-01-29T16:54:25","modified_gmt":"2026-01-29T13:54:25","slug":"5956-pat-de-espadn-ahumado-es","status":"publish","type":"product","link":"https:\/\/kalinkamagazin.com\/es\/product\/5956-pat-de-espadn-ahumado-es\/","title":{"rendered":"Espadines (Sprattus sprattus) ahumado, en aceite."},"content":{"rendered":"<p>Espadines ahumados (Sprattus sprattus) en aceite. Peso del pescado enlatado tras la esterilizaci\u00f3n: 168 g. Ingredientes: Espadines ahumados (ahumado), aceite de colza, sal de mesa, aroma de mostaza. Conservar en un lugar fresco y seco. Una vez abierto, conservar en recipientes no met\u00e1licos a una temperatura no superior a +6 \u00b0C y consumir en 72 horas. Proteger de la luz solar directa. La vida \u00fatil m\u00ednima en envases sin abrir es de hasta: ver la primera l\u00ednea inferior. Ventas: Lackmann Fleisch- und Feinkostfabrik GmbH, Carl Benz Stra\u00dfe 10, 77731 Willst\u00e4tt, Alemania. <!--NWT-Text-->Valor nutricional por 100 g: Valor energ\u00e9tico: 1473 kJ \/ 356 kcal, Grasas: 32 g, de las cuales \u00e1cidos grasos saturados: 6,0 g, Hidratos de carbono: 0 g, de los cuales az\u00facares: 0 g, Prote\u00ednas: 17 g, Sal: 2,0 g, <!--NWT-Table--><\/p>\n<table>\n<tbody>\n<tr>\n<td colspan=\"2\">Valor nutricional por 100 g:<\/td>\n<\/tr>\n<tr>\n<td>Valor energ\u00e9tico:<\/td>\n<td align = \"right\">1473 kJ\/356 kcal<\/td>\n<\/tr>\n<tr>\n<td>Grasas:<\/td>\n<td align = \"right\">32 g<\/td>\n<\/tr>\n<tr>\n<td>de los cuales \u00e1cidos grasos saturados:<\/td>\n<td align = \"right\">6,0 g<\/td>\n<\/tr>\n<tr>\n<td>Hidratos de carbono:<\/td>\n<td align = \"right\">0 g<\/td>\n<\/tr>\n<tr>\n<td>- de los cuales az\u00facares:<\/td>\n<td align = \"right\">0 g<\/td>\n<\/tr>\n<tr>\n<td>Prote\u00ednas:<\/td>\n<td align = \"right\">17 g<\/td>\n<\/tr>\n<tr>\n<td>Sal:<\/td>\n<td align = \"right\">2,0 g<\/td>\n<\/tr>\n<\/tbody>\n<\/table>\n<p> <!--Bezeichnung-->espadines (Sprattus sprattus), ahumados, en aceite. .<\/p>\n","protected":false},"excerpt":{"rendered":"<p>Espadines ahumados (Sprattus sprattus) en aceite. Peso del pescado enlatado tras la esterilizaci\u00f3n: 168 g. Ingredientes: Espadines ahumados (ahumado), aceite de colza, sal de mesa, aroma de mostaza. Conservar en un lugar fresco y seco. Una vez abierto, conservar en recipientes no met\u00e1licos a una temperatura no superior a +6 \u00b0C y consumir en 72 [&hellip;]<\/p>\n","protected":false},"featured_media":2146,"template":"","meta":{"inline_featured_image":false},"product_brand":[],"product_cat":[234,232],"product_tag":[],"class_list":{"0":"post-2631","1":"product","2":"type-product","3":"status-publish","4":"has-post-thumbnail","6":"product_cat-conservas-de-pescado","7":"product_cat-pescado-y-productos-de-pescado","9":"first","10":"instock","11":"shipping-taxable","12":"purchasable","13":"product-type-simple"},"acf":[],"_links":{"self":[{"href":"https:\/\/kalinkamagazin.com\/es\/wp-json\/wp\/v2\/product\/2631","targetHints":{"allow":["GET"]}}],"collection":[{"href":"https:\/\/kalinkamagazin.com\/es\/wp-json\/wp\/v2\/product"}],"about":[{"href":"https:\/\/kalinkamagazin.com\/es\/wp-json\/wp\/v2\/types\/product"}],"wp:featuredmedia":[{"embeddable":true,"href":"https:\/\/kalinkamagazin.com\/es\/wp-json\/wp\/v2\/media\/2146"}],"wp:attachment":[{"href":"https:\/\/kalinkamagazin.com\/es\/wp-json\/wp\/v2\/media?parent=2631"}],"wp:term":[{"taxonomy":"product_brand","embeddable":true,"href":"https:\/\/kalinkamagazin.com\/es\/wp-json\/wp\/v2\/product_brand?post=2631"},{"taxonomy":"product_cat","embeddable":true,"href":"https:\/\/kalinkamagazin.com\/es\/wp-json\/wp\/v2\/product_cat?post=2631"},{"taxonomy":"product_tag","embeddable":true,"href":"https:\/\/kalinkamagazin.com\/es\/wp-json\/wp\/v2\/product_tag?post=2631"}],"curies":[{"name":"wp","href":"https:\/\/api.w.org\/{rel}","templated":true}]}}