{"id":2632,"date":"2026-01-29T16:28:52","date_gmt":"2026-01-29T13:28:52","guid":{"rendered":"https:\/\/kalinkamagazin.com\/product\/5962-hielo-con-sabor-a-granada-en-glaseado-lt-51-03-p-eb-es\/"},"modified":"2026-01-29T16:54:21","modified_gmt":"2026-01-29T13:54:21","slug":"5962-hielo-con-sabor-a-granada-en-glaseado-lt-51-03-p-eb-es","status":"publish","type":"product","link":"https:\/\/kalinkamagazin.com\/es\/product\/5962-hielo-con-sabor-a-granada-en-glaseado-lt-51-03-p-eb-es\/","title":{"rendered":"Pat\u00e9 de espad\u00edn ahumado."},"content":{"rendered":"<p>Pat\u00e9 de espad\u00edn ahumado. Ingredientes: 58 % de espad\u00edn ahumado picado (espad\u00edn ahumado), cebada perlada, agua, aceite de colza, sal, cebolla deshidratada, especias. Conservar en un lugar fresco y seco. Proteger de la luz solar directa. Una vez abierto, conservar en recipientes no met\u00e1licos a una temperatura no superior a +6 \u00b0C y consumir en 48 horas. Ventas: Lackmann Fleisch- und Feinkostfabrik GmbH, Carl Benz Stra\u00dfe 10, 77731 Willst\u00e4tt, Alemania. La vida \u00fatil m\u00ednima en envases sin abrir es de: ver la primera l\u00ednea inferior. <!--NWT-Text-->Valor nutricional por 100 g: Valor energ\u00e9tico: 692 kJ \/ 166 kcal, Grasas: 12 g, de las cuales saturadas: 2,8 g, Hidratos de carbono: 5,7 g, de los cuales az\u00facares: 0 g, Prote\u00ednas: 8,9 g, Sal: 1,5 g, <!--NWT-Table--><\/p>\n<table>\n<tbody>\n<tr>\n<td colspan=\"2\">Valor nutricional por 100 g:<\/td>\n<\/tr>\n<tr>\n<td>Valor energ\u00e9tico:<\/td>\n<td align = \"right\">692 kJ\/166 kcal<\/td>\n<\/tr>\n<tr>\n<td>Grasas:<\/td>\n<td align = \"right\">12 g<\/td>\n<\/tr>\n<tr>\n<td>de las cuales saturadas:<\/td>\n<td align = \"right\">2,8 g<\/td>\n<\/tr>\n<tr>\n<td>Hidratos de carbono:<\/td>\n<td align = \"right\">5,7 g<\/td>\n<\/tr>\n<tr>\n<td>- de los cuales az\u00facares:<\/td>\n<td align = \"right\">0 g<\/td>\n<\/tr>\n<tr>\n<td>Prote\u00ednas:<\/td>\n<td align = \"right\">8,9 g<\/td>\n<\/tr>\n<tr>\n<td>Sal:<\/td>\n<td align = \"right\">1,5 g<\/td>\n<\/tr>\n<\/tbody>\n<\/table>\n<p> <!--Bezeichnung-->pat\u00e9 de espad\u00edn ahumado. .<\/p>\n","protected":false},"excerpt":{"rendered":"<p>Pat\u00e9 de espad\u00edn ahumado. Ingredientes: 58 % de espad\u00edn ahumado picado (espad\u00edn ahumado), cebada perlada, agua, aceite de colza, sal, cebolla deshidratada, especias. Conservar en un lugar fresco y seco. Proteger de la luz solar directa. Una vez abierto, conservar en recipientes no met\u00e1licos a una temperatura no superior a +6 \u00b0C y consumir en [&hellip;]<\/p>\n","protected":false},"featured_media":2149,"template":"","meta":{"inline_featured_image":false},"product_brand":[],"product_cat":[234,232],"product_tag":[],"class_list":{"0":"post-2632","1":"product","2":"type-product","3":"status-publish","4":"has-post-thumbnail","6":"product_cat-conservas-de-pescado","7":"product_cat-pescado-y-productos-de-pescado","9":"first","10":"instock","11":"shipping-taxable","12":"purchasable","13":"product-type-simple"},"acf":[],"_links":{"self":[{"href":"https:\/\/kalinkamagazin.com\/es\/wp-json\/wp\/v2\/product\/2632","targetHints":{"allow":["GET"]}}],"collection":[{"href":"https:\/\/kalinkamagazin.com\/es\/wp-json\/wp\/v2\/product"}],"about":[{"href":"https:\/\/kalinkamagazin.com\/es\/wp-json\/wp\/v2\/types\/product"}],"wp:featuredmedia":[{"embeddable":true,"href":"https:\/\/kalinkamagazin.com\/es\/wp-json\/wp\/v2\/media\/2149"}],"wp:attachment":[{"href":"https:\/\/kalinkamagazin.com\/es\/wp-json\/wp\/v2\/media?parent=2632"}],"wp:term":[{"taxonomy":"product_brand","embeddable":true,"href":"https:\/\/kalinkamagazin.com\/es\/wp-json\/wp\/v2\/product_brand?post=2632"},{"taxonomy":"product_cat","embeddable":true,"href":"https:\/\/kalinkamagazin.com\/es\/wp-json\/wp\/v2\/product_cat?post=2632"},{"taxonomy":"product_tag","embeddable":true,"href":"https:\/\/kalinkamagazin.com\/es\/wp-json\/wp\/v2\/product_tag?post=2632"}],"curies":[{"name":"wp","href":"https:\/\/api.w.org\/{rel}","templated":true}]}}