{"id":2633,"date":"2026-01-29T16:28:49","date_gmt":"2026-01-29T13:28:49","guid":{"rendered":"https:\/\/kalinkamagazin.com\/product\/5966-dulces-con-sabor-a-limn-con-de-cobertura-de-chocolate-es\/"},"modified":"2026-01-29T16:54:18","modified_gmt":"2026-01-29T13:54:18","slug":"5966-dulces-con-sabor-a-limn-con-de-cobertura-de-chocolate-es","status":"publish","type":"product","link":"https:\/\/kalinkamagazin.com\/es\/product\/5966-dulces-con-sabor-a-limn-con-de-cobertura-de-chocolate-es\/","title":{"rendered":"Hielo con sabor a granada, en Glaseado. LT 51-03 P EB"},"content":{"rendered":"<p>Helado con sabor a granada en glaseado. 100 ml. La imagen muestra la direcci\u00f3n del sabor. Ingredientes: agua, glaseado 21,9%: (aceite de coco, az\u00facar, producto de suero, yogur en polvo: (leche desnatada, producto de suero, cultivos de \u00e1cido l\u00e1ctico), emulgente: (E322), colorante, (E120)), producto de granada 9,4%: (agua, az\u00facar, concentrado de jugo de granada, almid\u00f3n de ma\u00edz, acidulante: (E330), espesante: (E440), concentrado de colorante: (zanahoria, hibisco), aroma natural), az\u00facar, aceite de coco, leche desnatada en polvo, prote\u00ednas de la leche, jarabe de glucosa, emulgente: (E471), estabilizantes: (E410, E412, E407), concentrado de colorante: (E160d), concentrado de colorante: (boniato, zanahoria), aroma natural. No volver a congelar el producto descongelado. Fecha de consumo preferente a \u2264 -18\u00b0C: ver etiqueta. Ventas: Lackmann Fleisch- und Feinkostfabrik GmbH, Carl Benz Stra\u00dfe 10, 77731 Willst\u00e4tt, Alemania. <!--NWT-Text-->Valor nutricional por 100 g: Valor energ\u00e9tico: 1172 kJ \/ 281 kcal, Grasas: 18 g, de las cuales saturadas: 16 g, Hidratos de carbono: 28 g, de los cuales az\u00facares: 26 g, Prote\u00ednas: 2,4 g, Sal: 0,16 g, <!--NWT-Table--><\/p>\n<table>\n<tbody>\n<tr>\n<td colspan=\"2\">Valor nutricional por 100 g:<\/td>\n<\/tr>\n<tr>\n<td>Valor energ\u00e9tico:<\/td>\n<td align = \"right\">1172 kJ \/ 281 kcal<\/td>\n<\/tr>\n<tr>\n<td>Grasas:<\/td>\n<td align = \"right\">18 g<\/td>\n<\/tr>\n<tr>\n<td>de las cuales saturadas:<\/td>\n<td align = \"right\">16 g<\/td>\n<\/tr>\n<tr>\n<td>Hidratos de carbono:<\/td>\n<td align = \"right\">28 g<\/td>\n<\/tr>\n<tr>\n<td>- de los cuales az\u00facares:<\/td>\n<td align = \"right\">26 g<\/td>\n<\/tr>\n<tr>\n<td>Prote\u00ednas:<\/td>\n<td align = \"right\">2,4 g<\/td>\n<\/tr>\n<tr>\n<td>Sal:<\/td>\n<td align = \"right\">0,16 g<\/td>\n<\/tr>\n<\/tbody>\n<\/table>\n<p> <!--Bezeichnung-->Helado con sabor a granada glaseado.<\/p>\n","protected":false},"excerpt":{"rendered":"<p>Helado con sabor a granada en glaseado. 100 ml. La imagen muestra la direcci\u00f3n del sabor. Ingredientes: agua, glaseado 21,9%: (aceite de coco, az\u00facar, producto de suero, yogur en polvo: (leche desnatada, producto de suero, cultivos de \u00e1cido l\u00e1ctico), emulgente: (E322), colorante, (E120)), producto de granada 9,4%: (agua, az\u00facar, concentrado de jugo de granada, almid\u00f3n [&hellip;]<\/p>\n","protected":false},"featured_media":2152,"template":"","meta":{"inline_featured_image":false},"product_brand":[],"product_cat":[191,187],"product_tag":[],"class_list":{"0":"post-2633","1":"product","2":"type-product","3":"status-publish","4":"has-post-thumbnail","6":"product_cat-helado","7":"product_cat-productos-congelados-y-pan","9":"first","10":"instock","11":"shipping-taxable","12":"purchasable","13":"product-type-simple"},"acf":[],"_links":{"self":[{"href":"https:\/\/kalinkamagazin.com\/es\/wp-json\/wp\/v2\/product\/2633","targetHints":{"allow":["GET"]}}],"collection":[{"href":"https:\/\/kalinkamagazin.com\/es\/wp-json\/wp\/v2\/product"}],"about":[{"href":"https:\/\/kalinkamagazin.com\/es\/wp-json\/wp\/v2\/types\/product"}],"wp:featuredmedia":[{"embeddable":true,"href":"https:\/\/kalinkamagazin.com\/es\/wp-json\/wp\/v2\/media\/2152"}],"wp:attachment":[{"href":"https:\/\/kalinkamagazin.com\/es\/wp-json\/wp\/v2\/media?parent=2633"}],"wp:term":[{"taxonomy":"product_brand","embeddable":true,"href":"https:\/\/kalinkamagazin.com\/es\/wp-json\/wp\/v2\/product_brand?post=2633"},{"taxonomy":"product_cat","embeddable":true,"href":"https:\/\/kalinkamagazin.com\/es\/wp-json\/wp\/v2\/product_cat?post=2633"},{"taxonomy":"product_tag","embeddable":true,"href":"https:\/\/kalinkamagazin.com\/es\/wp-json\/wp\/v2\/product_tag?post=2633"}],"curies":[{"name":"wp","href":"https:\/\/api.w.org\/{rel}","templated":true}]}}