{"id":2635,"date":"2026-01-29T16:28:45","date_gmt":"2026-01-29T13:28:45","guid":{"rendered":"https:\/\/kalinkamagazin.com\/product\/6019-carne-de-cerdo-cocido-marinado-con-protena-de-pollo-aadid-esterilizado-lv-a-00213-ek-es\/"},"modified":"2026-01-29T16:54:14","modified_gmt":"2026-01-29T13:54:14","slug":"6019-carne-de-cerdo-cocido-marinado-con-protena-de-pollo-aadid-esterilizado-lv-a-00213-ek-es","status":"publish","type":"product","link":"https:\/\/kalinkamagazin.com\/es\/product\/6019-carne-de-cerdo-cocido-marinado-con-protena-de-pollo-aadid-esterilizado-lv-a-00213-ek-es\/","title":{"rendered":"Nube con sabor a nata en chocolate con leche."},"content":{"rendered":"<p>Caramelos batidos con un cremoso sabor a chocolate con leche. Ingredientes: Chocolate con leche 31% (az\u00facar, manteca de cacao, leche entera en polvo, pasta de cacao, producto de suero de leche, grasa l\u00e1ctea, emulgente: (lecitina (soja), E476), aroma), az\u00facar, jarabe de almid\u00f3n, mantequilla, leche condensada azucarada (leche, az\u00facar), jarabe de az\u00facar invertido, prote\u00edna seca, gelificante: (agar), crema seca 0.4%, regulador de acidez: (\u00e1cido c\u00edtrico), aromas, conservante: (sorbato de potasio). Chocolate con leche: Cacao: 32% m\u00ednimo. <b>Grasa l\u00e1ctea:<\/b>18% m\u00ednimo. Este producto puede contener trazas de: <b>Cacahuetes<\/b>,<\/b>Frutos secos,<\/b>gluten. Conservar en un lugar fresco y seco. Proteger de la luz solar directa. Distribuci\u00f3n: Lackmann Fleisch- und Feinkostfabrik GmbH, Carl Benz Stra\u00dfe 10, 77731 Willst\u00e4tt, Alemania. Consumir preferentemente antes: ver fecha al lado. Informaci\u00f3n nutricional por 100g: fibra diet\u00e9tica 1,4g. <!--NWT-Text-->Valor nutricional por 100 g: Valor energ\u00e9tico: 1898 kJ \/ 320 kcal, Grasas: 23 g, de las cuales saturadas: 14 g, Hidratos de carbono: 57 g, de los cuales az\u00facares: 48 g, Prote\u00ednas: 3,4 g, Sal: 0,10 g, <!--NWT-Table--><\/p>\n<table>\n<tbody>\n<tr>\n<td colspan=\"2\">Valor nutricional por 100 g:<\/td>\n<\/tr>\n<tr>\n<td>Valor energ\u00e9tico:<\/td>\n<td align = \"right\">1898 kJ\/320 kcal<\/td>\n<\/tr>\n<tr>\n<td>Grasas:<\/td>\n<td align = \"right\">23 g<\/td>\n<\/tr>\n<tr>\n<td>de las cuales saturadas:<\/td>\n<td align = \"right\">14g<\/td>\n<\/tr>\n<tr>\n<td>Carbohidratos:<\/td>\n<td align = \"right\">57g<\/td>\n<\/tr>\n<tr>\n<td>- de los cuales az\u00facares:<\/td>\n<td align = \"right\">48g<\/td>\n<\/tr>\n<tr>\n<td>Prote\u00ednas:<\/td>\n<td align = \"right\">3.4g<\/td>\n<\/tr>\n<tr>\n<td>Sal:<\/td>\n<td align = \"right\">0.10g<\/td>\n<\/tr>\n<\/tbody>\n<\/table>\n<p> <!--Bezeichnung-->Caramelos batidos con un sabor cremoso en chocolate con leche. .<\/p>\n","protected":false},"excerpt":{"rendered":"<p>Caramelos batidos con un cremoso sabor a chocolate con leche. Ingredientes: Chocolate con leche 31% (az\u00facar, manteca de cacao, leche entera en polvo, pasta de cacao, producto de suero de leche, grasa l\u00e1ctea, emulgente: (lecitina (soja), E476), aroma), az\u00facar, jarabe de almid\u00f3n, mantequilla, leche condensada azucarada (leche, az\u00facar), jarabe de az\u00facar invertido, prote\u00edna seca, gelificante: [&hellip;]<\/p>\n","protected":false},"featured_media":2158,"template":"","meta":{"inline_featured_image":false},"product_brand":[],"product_cat":[203],"product_tag":[],"class_list":{"0":"post-2635","1":"product","2":"type-product","3":"status-publish","4":"has-post-thumbnail","6":"product_cat-caramelos-bombones","8":"first","9":"instock","10":"shipping-taxable","11":"purchasable","12":"product-type-simple"},"acf":[],"_links":{"self":[{"href":"https:\/\/kalinkamagazin.com\/es\/wp-json\/wp\/v2\/product\/2635","targetHints":{"allow":["GET"]}}],"collection":[{"href":"https:\/\/kalinkamagazin.com\/es\/wp-json\/wp\/v2\/product"}],"about":[{"href":"https:\/\/kalinkamagazin.com\/es\/wp-json\/wp\/v2\/types\/product"}],"wp:featuredmedia":[{"embeddable":true,"href":"https:\/\/kalinkamagazin.com\/es\/wp-json\/wp\/v2\/media\/2158"}],"wp:attachment":[{"href":"https:\/\/kalinkamagazin.com\/es\/wp-json\/wp\/v2\/media?parent=2635"}],"wp:term":[{"taxonomy":"product_brand","embeddable":true,"href":"https:\/\/kalinkamagazin.com\/es\/wp-json\/wp\/v2\/product_brand?post=2635"},{"taxonomy":"product_cat","embeddable":true,"href":"https:\/\/kalinkamagazin.com\/es\/wp-json\/wp\/v2\/product_cat?post=2635"},{"taxonomy":"product_tag","embeddable":true,"href":"https:\/\/kalinkamagazin.com\/es\/wp-json\/wp\/v2\/product_tag?post=2635"}],"curies":[{"name":"wp","href":"https:\/\/api.w.org\/{rel}","templated":true}]}}