{"id":2642,"date":"2026-01-29T16:28:33","date_gmt":"2026-01-29T13:28:33","guid":{"rendered":"https:\/\/kalinkamagazin.com\/product\/6183-hielo-relleno-con-leche-condensada-azucarada-es\/"},"modified":"2026-01-29T16:54:03","modified_gmt":"2026-01-29T13:54:03","slug":"6183-hielo-relleno-con-leche-condensada-azucarada-es","status":"publish","type":"product","link":"https:\/\/kalinkamagazin.com\/es\/product\/6183-hielo-relleno-con-leche-condensada-azucarada-es\/","title":{"rendered":"Alforf\u00f3n, al vapor"},"content":{"rendered":"<p>Granos de trigo sarraceno seleccionados, guisados. Este producto puede contener trazas de: trigo, centeno, cebada, avena y espelta. Tiempo de cocci\u00f3n: 15-20 minutos. Conservar en un lugar fresco y seco. Distribuci\u00f3n: Lackmann Fleisch- und Feinkostfabrik GmbH, Carl Benz Stra\u00dfe 10, 77731 Willst\u00e4tt, Alemania. Consumir preferentemente antes de: ver el pie de imprenta del envase. Valor nutricional por 100 g: fibra diet\u00e9tica: 5,3 g. <!--NWT-Text-->Valor nutricional por 100 g: Valor energ\u00e9tico: 1477 kJ \/ 349 kcal, Grasas: 2,9 g, de las cuales saturadas: 0,7 g, Hidratos de carbono: 68 g, de los cuales az\u00facares: 1,0 g, Prote\u00ednas: 9,8 g, Sal: <0,1 g, <!--NWT-Table--><\/p>\n<table>\n<tbody>\n<tr>\n<td colspan=\"2\">Valor nutricional por 100 g:<\/td>\n<\/tr>\n<tr>\n<td>Valor energ\u00e9tico:<\/td>\n<td align = \"right\">1477 kJ\/349 kcal<\/td>\n<\/tr>\n<tr>\n<td>Grasas:<\/td>\n<td align = \"right\">2,9 g<\/td>\n<\/tr>\n<tr>\n<td>de las cuales saturadas:<\/td>\n<td align = \"right\">0,7 g<\/td>\n<\/tr>\n<tr>\n<td>Hidratos de carbono:<\/td>\n<td align = \"right\">68 g<\/td>\n<\/tr>\n<tr>\n<td>- de los cuales az\u00facares:<\/td>\n<td align = \"right\">1,0 g<\/td>\n<\/tr>\n<tr>\n<td>Prote\u00ednas:<\/td>\n<td align = \"right\">9,8 g<\/td>\n<\/tr>\n<tr>\n<td>Sal:<\/td>\n<td align = \"right\"><0,1 g<\/td>\n<\/tr>\n<\/tbody>\n<\/table>\n<p> <!--Bezeichnung-->Granos de trigo sarraceno seleccionados, guisados.<\/p>\n","protected":false},"excerpt":{"rendered":"<p>Granos de trigo sarraceno seleccionados, guisados. Este producto puede contener trazas de: trigo, centeno, cebada, avena y espelta. Tiempo de cocci\u00f3n: 15-20 minutos. Conservar en un lugar fresco y seco. Distribuci\u00f3n: Lackmann Fleisch- und Feinkostfabrik GmbH, Carl Benz Stra\u00dfe 10, 77731 Willst\u00e4tt, Alemania. Consumir preferentemente antes de: ver el pie de imprenta del envase. Valor [&hellip;]<\/p>\n","protected":false},"featured_media":2188,"template":"","meta":{"inline_featured_image":false},"product_brand":[],"product_cat":[209,207],"product_tag":[],"class_list":{"0":"post-2642","1":"product","2":"type-product","3":"status-publish","4":"has-post-thumbnail","6":"product_cat-cereales-para-cocinar-grano","7":"product_cat-granos-cereales-y-snacks","9":"first","10":"instock","11":"shipping-taxable","12":"purchasable","13":"product-type-simple"},"acf":[],"_links":{"self":[{"href":"https:\/\/kalinkamagazin.com\/es\/wp-json\/wp\/v2\/product\/2642","targetHints":{"allow":["GET"]}}],"collection":[{"href":"https:\/\/kalinkamagazin.com\/es\/wp-json\/wp\/v2\/product"}],"about":[{"href":"https:\/\/kalinkamagazin.com\/es\/wp-json\/wp\/v2\/types\/product"}],"wp:featuredmedia":[{"embeddable":true,"href":"https:\/\/kalinkamagazin.com\/es\/wp-json\/wp\/v2\/media\/2188"}],"wp:attachment":[{"href":"https:\/\/kalinkamagazin.com\/es\/wp-json\/wp\/v2\/media?parent=2642"}],"wp:term":[{"taxonomy":"product_brand","embeddable":true,"href":"https:\/\/kalinkamagazin.com\/es\/wp-json\/wp\/v2\/product_brand?post=2642"},{"taxonomy":"product_cat","embeddable":true,"href":"https:\/\/kalinkamagazin.com\/es\/wp-json\/wp\/v2\/product_cat?post=2642"},{"taxonomy":"product_tag","embeddable":true,"href":"https:\/\/kalinkamagazin.com\/es\/wp-json\/wp\/v2\/product_tag?post=2642"}],"curies":[{"name":"wp","href":"https:\/\/api.w.org\/{rel}","templated":true}]}}