{"id":2643,"date":"2026-01-29T16:28:30","date_gmt":"2026-01-29T13:28:30","guid":{"rendered":"https:\/\/kalinkamagazin.com\/product\/6238-pomidory-cherri-olya-nr1-s-ukropchikom-900ml-chistyj-ves-450g-ru\/"},"modified":"2026-01-29T16:53:59","modified_gmt":"2026-01-29T13:53:59","slug":"6238-pomidory-cherri-olya-nr1-s-ukropchikom-900ml-chistyj-ves-450g-ru","status":"publish","type":"product","link":"https:\/\/kalinkamagazin.com\/es\/product\/6238-pomidory-cherri-olya-nr1-s-ukropchikom-900ml-chistyj-ves-450g-ru\/","title":{"rendered":"Hielo relleno con leche condensada azucarada"},"content":{"rendered":"<p>Helado \"Leche condensada\". 1000 ml. Ingredientes: agua, aceite de coco, az\u00facar, relleno con leche condensada y az\u00facar 10,7% (jarabe de glucosa y fructosa, leche condensada con az\u00facar 24% (leche, az\u00facar), az\u00facar, agua, grasas y aceites vegetales (palma, karit\u00e9), sal, espesante (E440), jarabe de caramelo, aroma, corrector de acidez (E331), antioxidantes (E300)), prote\u00ednas de la leche, leche desnatada en polvo, jarabe de glucosa, emulgente (E471), estabilizantes (E410, E412, E407), aroma natural (contiene leche). No volver a congelar el producto descongelado. Consumir preferentemente antes de: \u2264 -18 \u00b0C (ver anverso). Distribuci\u00f3n: Lackmann Fleisch- und Feinkostfabrik GmbH, Carl Benz Stra\u00dfe 10, 77731 Willst\u00e4tt, Alemania. <!--NWT-Text-->Valor nutricional por 100 g: Valor energ\u00e9tico: 970 kJ \/ 232 kcal, Grasas: 14 g, de las cuales saturadas: 12 g, Hidratos de carbono: 25 g, de los cuales az\u00facares: 24 g, Prote\u00ednas: 2,1 g, Sal: 0,19 g, <!--NWT-Table--><\/p>\n<table>\n<tbody>\n<tr>\n<td colspan=\"2\">Valor nutricional por 100 g:<\/td>\n<\/tr>\n<tr>\n<td>Valor energ\u00e9tico:<\/td>\n<td align = \"right\">970 kJ \/ 232 kcal<\/td>\n<\/tr>\n<tr>\n<td>Grasas:<\/td>\n<td align = \"right\">14 g<\/td>\n<\/tr>\n<tr>\n<td>de los cuales saturados:<\/td>\n<td align = \"right\">12g<\/td>\n<\/tr>\n<tr>\n<td>Hidratos de carbono:<\/td>\n<td align = \"right\">25g<\/td>\n<\/tr>\n<tr>\n<td>- de los cuales az\u00facares:<\/td>\n<td align = \"right\">24g<\/td>\n<\/tr>\n<tr>\n<td>Prote\u00ednas:<\/td>\n<td align = \"right\">2,1g<\/td>\n<\/tr>\n<tr>\n<td>Sal:<\/td>\n<td align = \"right\">0,19g<\/td>\n<\/tr>\n<\/tbody>\n<\/table>\n<p> <!--Bezeichnung-->Helado de leche condensada.<\/p>\n","protected":false},"excerpt":{"rendered":"<p>Helado \"Leche condensada\". 1000 ml. Ingredientes: agua, aceite de coco, az\u00facar, relleno con leche condensada y az\u00facar 10,7% (jarabe de glucosa y fructosa, leche condensada con az\u00facar 24% (leche, az\u00facar), az\u00facar, agua, grasas y aceites vegetales (palma, karit\u00e9), sal, espesante (E440), jarabe de caramelo, aroma, corrector de acidez (E331), antioxidantes (E300)), prote\u00ednas de la leche, [&hellip;]<\/p>\n","protected":false},"featured_media":2191,"template":"","meta":{"inline_featured_image":false},"product_brand":[],"product_cat":[191,187],"product_tag":[],"class_list":{"0":"post-2643","1":"product","2":"type-product","3":"status-publish","4":"has-post-thumbnail","6":"product_cat-helado","7":"product_cat-productos-congelados-y-pan","9":"first","10":"instock","11":"shipping-taxable","12":"purchasable","13":"product-type-simple"},"acf":[],"_links":{"self":[{"href":"https:\/\/kalinkamagazin.com\/es\/wp-json\/wp\/v2\/product\/2643","targetHints":{"allow":["GET"]}}],"collection":[{"href":"https:\/\/kalinkamagazin.com\/es\/wp-json\/wp\/v2\/product"}],"about":[{"href":"https:\/\/kalinkamagazin.com\/es\/wp-json\/wp\/v2\/types\/product"}],"wp:featuredmedia":[{"embeddable":true,"href":"https:\/\/kalinkamagazin.com\/es\/wp-json\/wp\/v2\/media\/2191"}],"wp:attachment":[{"href":"https:\/\/kalinkamagazin.com\/es\/wp-json\/wp\/v2\/media?parent=2643"}],"wp:term":[{"taxonomy":"product_brand","embeddable":true,"href":"https:\/\/kalinkamagazin.com\/es\/wp-json\/wp\/v2\/product_brand?post=2643"},{"taxonomy":"product_cat","embeddable":true,"href":"https:\/\/kalinkamagazin.com\/es\/wp-json\/wp\/v2\/product_cat?post=2643"},{"taxonomy":"product_tag","embeddable":true,"href":"https:\/\/kalinkamagazin.com\/es\/wp-json\/wp\/v2\/product_tag?post=2643"}],"curies":[{"name":"wp","href":"https:\/\/api.w.org\/{rel}","templated":true}]}}