{"id":3379,"date":"2026-01-27T20:36:44","date_gmt":"2026-01-27T17:36:44","guid":{"rendered":"https:\/\/kalinkamagazin.com\/product\/6816-bizcocho-choco-pie-original\/"},"modified":"2026-01-27T20:36:44","modified_gmt":"2026-01-27T17:36:44","slug":"6816-bizcocho-choco-pie-original","status":"publish","type":"product","link":"https:\/\/kalinkamagazin.com\/es\/product\/6816-bizcocho-choco-pie-original\/","title":{"rendered":"Bizcocho Choco Pie, Original"},"content":{"rendered":"<p>Dulce de harina con nube y glaseado de cacao.. Contiene 12 porciones de 30 g cada una.. Ingredientes: <b>harina de trigo, <\/b>Az\u00facar, agua potable, jarabe de glucosa, grasas y aceites vegetales parcialmente hidrogenado (Palma, almendra de palma, girasol, emulgentes: lecitina <b>(Soja), <\/b>Triestearato de sorbitano), Cacao en polvo, <b>Leche entera en polvo, <\/b>Glucosa, Masa de cacao, <b>huevo de gallina, <\/b>Gelatina alimentaria, sal de calidad alimentaria, <b>Prote\u00ednas l\u00e1cteas, <\/b>gasificante: (E500, E503, E341), aroma, emulgente: (lecitina <b>(soja)), <\/b>espesantes: goma xantana. Almacenar en un lugar fresco y seco. Sin abrir, consumir preferentemente antes de: ver impresi\u00f3n lateral, primera l\u00ednea. Comercializaci\u00f3n: Lackmann Fleisch- und Feinkostfabrik GmbH, Carl Benz Stra\u00dfe 10, 77731 Willst\u00e4tt, Alemania.  <!--NWT-Text-->Valores energ\u00e9ticos y nutricionales medios por 100g: Valor energ\u00e9tico: 1810 kJ \/ 430 kcal, Grasas: 18g, - de las cuales \u00e1cidos grasos saturados: 11g, Hidratos de Carbono: 63g, - de los cuales az\u00facares: 37g, Prote\u00ednas: 4,5g, Sal: 0,62g,  <!--NWT-Table--><\/p>\n<table>\n<tbody>\n<tr>\n<td colspan=\"2\">Valores energ\u00e9ticos y nutricionales medios por 100g:<\/td>\n<\/tr>\n<tr>\n<td>Valor energ\u00e9tico:<\/td>\n<td align = \"right\">1810 kJ\/430kcal<\/td>\n<\/tr>\n<tr>\n<td>Grasas:<\/td>\n<td align = \"right\">18g<\/td>\n<\/tr>\n<tr>\n<td>- de las cuales \u00e1cidos grasos saturados:<\/td>\n<td align = \"right\">11g<\/td>\n<\/tr>\n<tr>\n<td>Hidratos de Carbono:<\/td>\n<td align = \"right\">63g<\/td>\n<\/tr>\n<tr>\n<td>- de los cuales az\u00facares:<\/td>\n<td align = \"right\">37g<\/td>\n<\/tr>\n<tr>\n<td>Prote\u00ednas:<\/td>\n<td align = \"right\">4,5g<\/td>\n<\/tr>\n<tr>\n<td>Sal:<\/td>\n<td align = \"right\">0,62g<\/td>\n<\/tr>\n<\/tbody>\n<\/table>\n<p> <!--Bezeichnung-->Dulce de harina con nube y glaseado de cacao.. <\/p>\n","protected":false},"excerpt":{"rendered":"<p>Dulce de harina con nube y glaseado de cacao.. Contiene 12 porciones de 30 g cada una.. Ingredientes: harina de trigo, Az\u00facar, agua potable, jarabe de glucosa, grasas y aceites vegetales parcialmente hidrogenado (Palma, almendra de palma, girasol, emulgentes: lecitina (Soja), Triestearato de sorbitano), Cacao en polvo, Leche entera en polvo, Glucosa, Masa de cacao, [&hellip;]<\/p>\n","protected":false},"featured_media":2757,"template":"","meta":{"inline_featured_image":false},"product_brand":[],"product_cat":[165,164],"product_tag":[],"class_list":{"0":"post-3379","1":"product","2":"type-product","3":"status-publish","4":"has-post-thumbnail","6":"product_cat-konditerskie-izdeliya","7":"product_cat-sladosti-i-vypechka","9":"first","10":"instock","11":"shipping-taxable","12":"purchasable","13":"product-type-simple"},"acf":[],"_links":{"self":[{"href":"https:\/\/kalinkamagazin.com\/es\/wp-json\/wp\/v2\/product\/3379","targetHints":{"allow":["GET"]}}],"collection":[{"href":"https:\/\/kalinkamagazin.com\/es\/wp-json\/wp\/v2\/product"}],"about":[{"href":"https:\/\/kalinkamagazin.com\/es\/wp-json\/wp\/v2\/types\/product"}],"wp:featuredmedia":[{"embeddable":true,"href":"https:\/\/kalinkamagazin.com\/es\/wp-json\/wp\/v2\/media\/2757"}],"wp:attachment":[{"href":"https:\/\/kalinkamagazin.com\/es\/wp-json\/wp\/v2\/media?parent=3379"}],"wp:term":[{"taxonomy":"product_brand","embeddable":true,"href":"https:\/\/kalinkamagazin.com\/es\/wp-json\/wp\/v2\/product_brand?post=3379"},{"taxonomy":"product_cat","embeddable":true,"href":"https:\/\/kalinkamagazin.com\/es\/wp-json\/wp\/v2\/product_cat?post=3379"},{"taxonomy":"product_tag","embeddable":true,"href":"https:\/\/kalinkamagazin.com\/es\/wp-json\/wp\/v2\/product_tag?post=3379"}],"curies":[{"name":"wp","href":"https:\/\/api.w.org\/{rel}","templated":true}]}}