{"id":3380,"date":"2026-01-27T20:36:50","date_gmt":"2026-01-27T17:36:50","guid":{"rendered":"https:\/\/kalinkamagazin.com\/product\/8553-brandy-shustoff-vsop-5-aos-40-vol-500-ml\/"},"modified":"2026-01-27T20:36:50","modified_gmt":"2026-01-27T17:36:50","slug":"8553-brandy-shustoff-vsop-5-aos-40-vol-500-ml","status":"publish","type":"product","link":"https:\/\/kalinkamagazin.com\/es\/product\/8553-brandy-shustoff-vsop-5-aos-40-vol-500-ml\/","title":{"rendered":"Brandy Shustoff VSOP, 5 a\u00f1os, 40 % vol., 500 ml"},"content":{"rendered":"<p>Aguardiente. \"Shustoff\" . Alc. 40% vol. 0,5L. Contiene colorante: caramelo natural. Producido y envasado en: Ucrania. Conservar en un lugar fresco y oscuro. No indicado para mujeres embarazadas, en periodo de lactancia o j\u00f3venes menores de  18 a\u00f1os. Comercializaci\u00f3n: Lackmann Fleisch- und Feinkostfabrik GmbH, Carl Benz Stra\u00dfe 10, 77731 Willst\u00e4tt, Alemania.  <!--NWT-Text--> <!--NWT-Table--> <!--Bezeichnung-->Aguardiente. \"Shustoff\" . <\/p>\n","protected":false},"excerpt":{"rendered":"<p>Aguardiente. \"Shustoff\" . Alc. 40% vol. 0,5L. Contiene colorante: caramelo natural. Producido y envasado en: Ucrania. Conservar en un lugar fresco y oscuro. No indicado para mujeres embarazadas, en periodo de lactancia o j\u00f3venes menores de 18 a\u00f1os. Comercializaci\u00f3n: Lackmann Fleisch- und Feinkostfabrik GmbH, Carl Benz Stra\u00dfe 10, 77731 Willst\u00e4tt, Alemania. Aguardiente. \"Shustoff\" .<\/p>\n","protected":false},"featured_media":2760,"template":"","meta":{"inline_featured_image":false},"product_brand":[],"product_cat":[156],"product_tag":[],"class_list":{"0":"post-3380","1":"product","2":"type-product","3":"status-publish","4":"has-post-thumbnail","6":"product_cat-alkogolnye-napitki","8":"first","9":"instock","10":"shipping-taxable","11":"purchasable","12":"product-type-simple"},"acf":[],"_links":{"self":[{"href":"https:\/\/kalinkamagazin.com\/es\/wp-json\/wp\/v2\/product\/3380","targetHints":{"allow":["GET"]}}],"collection":[{"href":"https:\/\/kalinkamagazin.com\/es\/wp-json\/wp\/v2\/product"}],"about":[{"href":"https:\/\/kalinkamagazin.com\/es\/wp-json\/wp\/v2\/types\/product"}],"wp:featuredmedia":[{"embeddable":true,"href":"https:\/\/kalinkamagazin.com\/es\/wp-json\/wp\/v2\/media\/2760"}],"wp:attachment":[{"href":"https:\/\/kalinkamagazin.com\/es\/wp-json\/wp\/v2\/media?parent=3380"}],"wp:term":[{"taxonomy":"product_brand","embeddable":true,"href":"https:\/\/kalinkamagazin.com\/es\/wp-json\/wp\/v2\/product_brand?post=3380"},{"taxonomy":"product_cat","embeddable":true,"href":"https:\/\/kalinkamagazin.com\/es\/wp-json\/wp\/v2\/product_cat?post=3380"},{"taxonomy":"product_tag","embeddable":true,"href":"https:\/\/kalinkamagazin.com\/es\/wp-json\/wp\/v2\/product_tag?post=3380"}],"curies":[{"name":"wp","href":"https:\/\/api.w.org\/{rel}","templated":true}]}}