{"id":3381,"date":"2026-01-27T20:36:57","date_gmt":"2026-01-27T17:36:57","guid":{"rendered":"https:\/\/kalinkamagazin.com\/product\/7425-gofres-rellenos-de-cacao\/"},"modified":"2026-05-04T16:27:11","modified_gmt":"2026-05-04T13:27:11","slug":"7425-gofres-rellenos-de-cacao","status":"publish","type":"product","link":"https:\/\/kalinkamagazin.com\/es\/product\/7425-gofres-rellenos-de-cacao\/","title":{"rendered":"Gofres rellenos de cacao"},"content":{"rendered":"<p>Barquillos con relleno que contiene cacao 75%. . Ingredientes: Az\u00facar, <b>harina de trigo, <\/b>Grasa de confiter\u00eda: (Grasa de palma parcialmente hidrogenado, emulgente: (lecitina <b>(soja)), <\/b>Antioxidantes: (E300, E307)), Cacao en polvo 3,17%, <b>Producto a base de suero de leche, <\/b><b>Leche entera en polvo, <\/b>sal de calidad alimentaria, <b>huevo completo en polvo , <\/b>aceite de girasol, emulgente: (lecitina <b>(soja)), <\/b>gasificante: (E500), aroma, corrector de acidez: (E330). Este producto puede tener trazas de: <b>cacahuetes. <\/b>Almacenar en un lugar fresco y seco. Consumir preferentemente antes de: Comercializaci\u00f3n: Lackmann Fleisch- und Feinkostfabrik GmbH, Carl Benz Stra\u00dfe 10, 77731 Willst\u00e4tt, Alemania.  <!--NWT-Text-->Valores energ\u00e9ticos y nutricionales medios por 100g: Valor energ\u00e9tico: 2220 kJ \/ 530 kcal, Grasas: 28g, - de las cuales \u00e1cidos grasos saturados: 15g, Hidratos de Carbono: 64g, - de los cuales az\u00facares: 40g, Prote\u00ednas: 4,5g, Sal: 0,20g,  <!--NWT-Table--><\/p>\n<table>\n<tbody>\n<tr>\n<td colspan=\"2\">Valores energ\u00e9ticos y nutricionales medios por 100g:<\/td>\n<\/tr>\n<tr>\n<td>Valor energ\u00e9tico:<\/td>\n<td align = \"right\">2220 kJ\/530kcal<\/td>\n<\/tr>\n<tr>\n<td>Grasas:<\/td>\n<td align = \"right\">28g<\/td>\n<\/tr>\n<tr>\n<td>- de las cuales \u00e1cidos grasos saturados:<\/td>\n<td align = \"right\">15g<\/td>\n<\/tr>\n<tr>\n<td>Hidratos de Carbono:<\/td>\n<td align = \"right\">64g<\/td>\n<\/tr>\n<tr>\n<td>- de los cuales az\u00facares:<\/td>\n<td align = \"right\">40g<\/td>\n<\/tr>\n<tr>\n<td>Prote\u00ednas:<\/td>\n<td align = \"right\">4,5g<\/td>\n<\/tr>\n<tr>\n<td>Sal:<\/td>\n<td align = \"right\">0,20g<\/td>\n<\/tr>\n<\/tbody>\n<\/table>\n<p> <!--Bezeichnung-->Barquillos con relleno que contiene cacao 75%. . <\/p>\n","protected":false},"excerpt":{"rendered":"<p>Barquillos con relleno que contiene cacao 75%. . Ingredientes: Az\u00facar, harina de trigo, Grasa de confiter\u00eda: (Grasa de palma parcialmente hidrogenado, emulgente: (lecitina (soja)), Antioxidantes: (E300, E307)), Cacao en polvo 3,17%, Producto a base de suero de leche, Leche entera en polvo, sal de calidad alimentaria, huevo completo en polvo , aceite de girasol, emulgente: [&hellip;]<\/p>\n","protected":false},"featured_media":2775,"template":"","meta":{"inline_featured_image":false},"product_brand":[],"product_cat":[245,169,164],"product_tag":[],"class_list":{"0":"post-3381","1":"product","2":"type-product","3":"status-publish","4":"has-post-thumbnail","6":"product_cat-galletas","7":"product_cat-pechene","8":"product_cat-sladosti-i-vypechka","10":"first","11":"instock","12":"shipping-taxable","13":"purchasable","14":"product-type-simple"},"acf":[],"_links":{"self":[{"href":"https:\/\/kalinkamagazin.com\/es\/wp-json\/wp\/v2\/product\/3381","targetHints":{"allow":["GET"]}}],"collection":[{"href":"https:\/\/kalinkamagazin.com\/es\/wp-json\/wp\/v2\/product"}],"about":[{"href":"https:\/\/kalinkamagazin.com\/es\/wp-json\/wp\/v2\/types\/product"}],"wp:featuredmedia":[{"embeddable":true,"href":"https:\/\/kalinkamagazin.com\/es\/wp-json\/wp\/v2\/media\/2775"}],"wp:attachment":[{"href":"https:\/\/kalinkamagazin.com\/es\/wp-json\/wp\/v2\/media?parent=3381"}],"wp:term":[{"taxonomy":"product_brand","embeddable":true,"href":"https:\/\/kalinkamagazin.com\/es\/wp-json\/wp\/v2\/product_brand?post=3381"},{"taxonomy":"product_cat","embeddable":true,"href":"https:\/\/kalinkamagazin.com\/es\/wp-json\/wp\/v2\/product_cat?post=3381"},{"taxonomy":"product_tag","embeddable":true,"href":"https:\/\/kalinkamagazin.com\/es\/wp-json\/wp\/v2\/product_tag?post=3381"}],"curies":[{"name":"wp","href":"https:\/\/api.w.org\/{rel}","templated":true}]}}