{"id":3384,"date":"2026-01-27T20:37:15","date_gmt":"2026-01-27T17:37:15","guid":{"rendered":"https:\/\/kalinkamagazin.com\/product\/6659-vino-espumoso-crimean-winery-blanco-dulce-113-vol-750-ml\/"},"modified":"2026-05-04T16:31:10","modified_gmt":"2026-05-04T13:31:10","slug":"6659-vino-espumoso-crimean-winery-blanco-dulce-113-vol-750-ml","status":"publish","type":"product","link":"https:\/\/kalinkamagazin.com\/es\/product\/6659-vino-espumoso-crimean-winery-blanco-dulce-113-vol-750-ml\/","title":{"rendered":"Vino espumoso CRIMEAN WINERY, blanco, dulce, 11,3 % vol., 750 ml"},"content":{"rendered":"<p>Vino espumoso blancos, dulce. . Alc. 11,3% vol. 0,75L. con conservante: <b>(di\u00f3xido de azufre). <\/b>No indicado para mujeres embarazadas, en periodo de lactancia o j\u00f3venes menores de  16 a\u00f1os. Envasado en: Rusia. Introducido por: Lackmann Fleisch- und Feinkostfabrik GmbH, Carl-Benz-Stra\u00dfe 10, 77731 Willst\u00e4tt, Deutschland. Conservar en un lugar fresco y oscuro.  <!--NWT-Text-->Valores energ\u00e9ticos y nutricionales medios por 100g: Valor energ\u00e9tico: 386 kJ \/ 92 kcal, Grasas: 0g, - de las cuales \u00e1cidos grasos saturados: 0g, Hidratos de Carbono: 6,9g, - de los cuales az\u00facares: 6,3g, Prote\u00ednas: 0g, Sal: 0g,  <!--NWT-Table--><\/p>\n<table>\n<tbody>\n<tr>\n<td colspan=\"2\">Valores energ\u00e9ticos y nutricionales medios por 100g:<\/td>\n<\/tr>\n<tr>\n<td>Valor energ\u00e9tico:<\/td>\n<td align = \"right\">386 kJ\/92kcal<\/td>\n<\/tr>\n<tr>\n<td>Grasas:<\/td>\n<td align = \"right\">0g<\/td>\n<\/tr>\n<tr>\n<td>- de las cuales \u00e1cidos grasos saturados:<\/td>\n<td align = \"right\">0g<\/td>\n<\/tr>\n<tr>\n<td>Hidratos de Carbono:<\/td>\n<td align = \"right\">6,9g<\/td>\n<\/tr>\n<tr>\n<td>- de los cuales az\u00facares:<\/td>\n<td align = \"right\">6,3g<\/td>\n<\/tr>\n<tr>\n<td>Prote\u00ednas:<\/td>\n<td align = \"right\">0g<\/td>\n<\/tr>\n<tr>\n<td>Sal:<\/td>\n<td align = \"right\">0g<\/td>\n<\/tr>\n<\/tbody>\n<\/table>\n<p> <!--Bezeichnung-->Vino espumoso blancos, dulce. . <\/p>\n","protected":false},"excerpt":{"rendered":"<p>Vino espumoso blancos, dulce. . Alc. 11,3% vol. 0,75L. con conservante: (di\u00f3xido de azufre). No indicado para mujeres embarazadas, en periodo de lactancia o j\u00f3venes menores de 16 a\u00f1os. Envasado en: Rusia. Introducido por: Lackmann Fleisch- und Feinkostfabrik GmbH, Carl-Benz-Stra\u00dfe 10, 77731 Willst\u00e4tt, Deutschland. Conservar en un lugar fresco y oscuro. Valores energ\u00e9ticos y nutricionales [&hellip;]<\/p>\n","protected":false},"featured_media":2790,"template":"","meta":{"inline_featured_image":false},"product_brand":[],"product_cat":[180,156,158],"product_tag":[],"class_list":{"0":"post-3384","1":"product","2":"type-product","3":"status-publish","4":"has-post-thumbnail","6":"product_cat-vino-es","7":"product_cat-alkogolnye-napitki","8":"product_cat-vino","10":"first","11":"instock","12":"shipping-taxable","13":"purchasable","14":"product-type-simple"},"acf":[],"_links":{"self":[{"href":"https:\/\/kalinkamagazin.com\/es\/wp-json\/wp\/v2\/product\/3384","targetHints":{"allow":["GET"]}}],"collection":[{"href":"https:\/\/kalinkamagazin.com\/es\/wp-json\/wp\/v2\/product"}],"about":[{"href":"https:\/\/kalinkamagazin.com\/es\/wp-json\/wp\/v2\/types\/product"}],"wp:featuredmedia":[{"embeddable":true,"href":"https:\/\/kalinkamagazin.com\/es\/wp-json\/wp\/v2\/media\/2790"}],"wp:attachment":[{"href":"https:\/\/kalinkamagazin.com\/es\/wp-json\/wp\/v2\/media?parent=3384"}],"wp:term":[{"taxonomy":"product_brand","embeddable":true,"href":"https:\/\/kalinkamagazin.com\/es\/wp-json\/wp\/v2\/product_brand?post=3384"},{"taxonomy":"product_cat","embeddable":true,"href":"https:\/\/kalinkamagazin.com\/es\/wp-json\/wp\/v2\/product_cat?post=3384"},{"taxonomy":"product_tag","embeddable":true,"href":"https:\/\/kalinkamagazin.com\/es\/wp-json\/wp\/v2\/product_tag?post=3384"}],"curies":[{"name":"wp","href":"https:\/\/api.w.org\/{rel}","templated":true}]}}