{"id":3385,"date":"2026-01-27T20:37:22","date_gmt":"2026-01-27T17:37:22","guid":{"rendered":"https:\/\/kalinkamagazin.com\/product\/6658-vino-espumoso-crimean-winery-blanco-seco-114-vol-750-ml\/"},"modified":"2026-05-04T16:31:26","modified_gmt":"2026-05-04T13:31:26","slug":"6658-vino-espumoso-crimean-winery-blanco-seco-114-vol-750-ml","status":"publish","type":"product","link":"https:\/\/kalinkamagazin.com\/es\/product\/6658-vino-espumoso-crimean-winery-blanco-seco-114-vol-750-ml\/","title":{"rendered":"Vino espumoso CRIMEAN WINERY, blanco, seco, 11,4 % vol., 750 ml"},"content":{"rendered":"<p>Vino espumoso blancos, seco. Alc. 11,4% vol. 0,75L con conservante <b>(di\u00f3xido de azufre). <\/b>Envasado en: Rusia. Introducido por: Lackmann Fleisch- und Feinkostfabrik GmbH, Carl-Benz-Stra\u00dfe 10, 77731 Willst\u00e4tt, Deutschland. Conservar en un lugar fresco y oscuro.  <!--NWT-Text-->Valores energ\u00e9ticos y nutricionales medios por 100g: Valor energ\u00e9tico: 300 kJ \/ 72 kcal, Grasas: 0g, - de las cuales \u00e1cidos grasos saturados: 0g, Hidratos de Carbono: 1,7g, - de los cuales az\u00facares: 1,0g, Prote\u00ednas: 0g, Sal: 0g,  <!--NWT-Table--><\/p>\n<table>\n<tbody>\n<tr>\n<td colspan=\"2\">Valores energ\u00e9ticos y nutricionales medios por 100g:<\/td>\n<\/tr>\n<tr>\n<td>Valor energ\u00e9tico:<\/td>\n<td align = \"right\">300 kJ\/72kcal<\/td>\n<\/tr>\n<tr>\n<td>Grasas:<\/td>\n<td align = \"right\">0g<\/td>\n<\/tr>\n<tr>\n<td>- de las cuales \u00e1cidos grasos saturados:<\/td>\n<td align = \"right\">0g<\/td>\n<\/tr>\n<tr>\n<td>Hidratos de Carbono:<\/td>\n<td align = \"right\">1,7g<\/td>\n<\/tr>\n<tr>\n<td>- de los cuales az\u00facares:<\/td>\n<td align = \"right\">1,0g<\/td>\n<\/tr>\n<tr>\n<td>Prote\u00ednas:<\/td>\n<td align = \"right\">0g<\/td>\n<\/tr>\n<tr>\n<td>Sal:<\/td>\n<td align = \"right\">0g<\/td>\n<\/tr>\n<\/tbody>\n<\/table>\n<p> <!--Bezeichnung-->Vino espumoso blancos, seco. <\/p>\n","protected":false},"excerpt":{"rendered":"<p>Vino espumoso blancos, seco. Alc. 11,4% vol. 0,75L con conservante (di\u00f3xido de azufre). Envasado en: Rusia. Introducido por: Lackmann Fleisch- und Feinkostfabrik GmbH, Carl-Benz-Stra\u00dfe 10, 77731 Willst\u00e4tt, Deutschland. Conservar en un lugar fresco y oscuro. Valores energ\u00e9ticos y nutricionales medios por 100g: Valor energ\u00e9tico: 300 kJ \/ 72 kcal, Grasas: 0g, - de las cuales [&hellip;]<\/p>\n","protected":false},"featured_media":2793,"template":"","meta":{"inline_featured_image":false},"product_brand":[],"product_cat":[180,156,158],"product_tag":[],"class_list":{"0":"post-3385","1":"product","2":"type-product","3":"status-publish","4":"has-post-thumbnail","6":"product_cat-vino-es","7":"product_cat-alkogolnye-napitki","8":"product_cat-vino","10":"first","11":"instock","12":"shipping-taxable","13":"purchasable","14":"product-type-simple"},"acf":[],"_links":{"self":[{"href":"https:\/\/kalinkamagazin.com\/es\/wp-json\/wp\/v2\/product\/3385","targetHints":{"allow":["GET"]}}],"collection":[{"href":"https:\/\/kalinkamagazin.com\/es\/wp-json\/wp\/v2\/product"}],"about":[{"href":"https:\/\/kalinkamagazin.com\/es\/wp-json\/wp\/v2\/types\/product"}],"wp:featuredmedia":[{"embeddable":true,"href":"https:\/\/kalinkamagazin.com\/es\/wp-json\/wp\/v2\/media\/2793"}],"wp:attachment":[{"href":"https:\/\/kalinkamagazin.com\/es\/wp-json\/wp\/v2\/media?parent=3385"}],"wp:term":[{"taxonomy":"product_brand","embeddable":true,"href":"https:\/\/kalinkamagazin.com\/es\/wp-json\/wp\/v2\/product_brand?post=3385"},{"taxonomy":"product_cat","embeddable":true,"href":"https:\/\/kalinkamagazin.com\/es\/wp-json\/wp\/v2\/product_cat?post=3385"},{"taxonomy":"product_tag","embeddable":true,"href":"https:\/\/kalinkamagazin.com\/es\/wp-json\/wp\/v2\/product_tag?post=3385"}],"curies":[{"name":"wp","href":"https:\/\/api.w.org\/{rel}","templated":true}]}}