{"id":3386,"date":"2026-01-27T20:37:29","date_gmt":"2026-01-27T17:37:29","guid":{"rendered":"https:\/\/kalinkamagazin.com\/product\/8738-vodka-green-mark-cedar-con-un-ligero-toque-de-piones-40-vol-500-ml\/"},"modified":"2026-01-27T20:37:29","modified_gmt":"2026-01-27T17:37:29","slug":"8738-vodka-green-mark-cedar-con-un-ligero-toque-de-piones-40-vol-500-ml","status":"publish","type":"product","link":"https:\/\/kalinkamagazin.com\/es\/product\/8738-vodka-green-mark-cedar-con-un-ligero-toque-de-piones-40-vol-500-ml\/","title":{"rendered":"Vodka Green Mark Cedar, con un ligero toque de pi\u00f1ones, 40 % vol., 500 ml"},"content":{"rendered":"<p>Vodka aromatizado, con pi\u00f1ones aroma.. Alc. 40% vol. 0,5L. Producido y envasado en Uzbekist\u00e1n. Conservar en un lugar fresco y oscuro. No indicado para mujeres embarazadas, en periodo de lactancia o j\u00f3venes menores de  18 a\u00f1os. Comercializaci\u00f3n:  Lackmann Fleisch- und Feinkostfabrik GmbH, Carl-Benz-Stra\u00dfe 10, 77731 Willst\u00e4tt, Deutschland.  <!--NWT-Text--> <!--NWT-Table--> <!--Bezeichnung-->Vodka aromatizado, con pi\u00f1ones aroma.. <\/p>\n","protected":false},"excerpt":{"rendered":"<p>Vodka aromatizado, con pi\u00f1ones aroma.. Alc. 40% vol. 0,5L. Producido y envasado en Uzbekist\u00e1n. Conservar en un lugar fresco y oscuro. No indicado para mujeres embarazadas, en periodo de lactancia o j\u00f3venes menores de 18 a\u00f1os. Comercializaci\u00f3n: Lackmann Fleisch- und Feinkostfabrik GmbH, Carl-Benz-Stra\u00dfe 10, 77731 Willst\u00e4tt, Deutschland. Vodka aromatizado, con pi\u00f1ones aroma..<\/p>\n","protected":false},"featured_media":2799,"template":"","meta":{"inline_featured_image":false},"product_brand":[],"product_cat":[156,160],"product_tag":[],"class_list":{"0":"post-3386","1":"product","2":"type-product","3":"status-publish","4":"has-post-thumbnail","6":"product_cat-alkogolnye-napitki","7":"product_cat-vodka","9":"first","10":"instock","11":"shipping-taxable","12":"purchasable","13":"product-type-simple"},"acf":[],"_links":{"self":[{"href":"https:\/\/kalinkamagazin.com\/es\/wp-json\/wp\/v2\/product\/3386","targetHints":{"allow":["GET"]}}],"collection":[{"href":"https:\/\/kalinkamagazin.com\/es\/wp-json\/wp\/v2\/product"}],"about":[{"href":"https:\/\/kalinkamagazin.com\/es\/wp-json\/wp\/v2\/types\/product"}],"wp:featuredmedia":[{"embeddable":true,"href":"https:\/\/kalinkamagazin.com\/es\/wp-json\/wp\/v2\/media\/2799"}],"wp:attachment":[{"href":"https:\/\/kalinkamagazin.com\/es\/wp-json\/wp\/v2\/media?parent=3386"}],"wp:term":[{"taxonomy":"product_brand","embeddable":true,"href":"https:\/\/kalinkamagazin.com\/es\/wp-json\/wp\/v2\/product_brand?post=3386"},{"taxonomy":"product_cat","embeddable":true,"href":"https:\/\/kalinkamagazin.com\/es\/wp-json\/wp\/v2\/product_cat?post=3386"},{"taxonomy":"product_tag","embeddable":true,"href":"https:\/\/kalinkamagazin.com\/es\/wp-json\/wp\/v2\/product_tag?post=3386"}],"curies":[{"name":"wp","href":"https:\/\/api.w.org\/{rel}","templated":true}]}}