{"id":3388,"date":"2026-01-27T20:37:40","date_gmt":"2026-01-27T17:37:40","guid":{"rendered":"https:\/\/kalinkamagazin.com\/product\/8393-vodka-clsico-khortitsa-40-500-ml\/"},"modified":"2026-01-27T20:37:40","modified_gmt":"2026-01-27T17:37:40","slug":"8393-vodka-clsico-khortitsa-40-500-ml","status":"publish","type":"product","link":"https:\/\/kalinkamagazin.com\/es\/product\/8393-vodka-clsico-khortitsa-40-500-ml\/","title":{"rendered":"Vodka cl\u00e1sico Khortitsa, 40 %, 500 ml"},"content":{"rendered":"<p>Vodka aromatizado. \"Khortytsa Classic\". Alc. 40% vol. 0,5L. Hecho en: Ucrania. No indicado para mujeres embarazadas, en periodo de lactancia o j\u00f3venes menores de  18 a\u00f1os. Almacenar en un lugar fresco y seco. Comercializaci\u00f3n: Lackmann Fleisch- und Feinkostfabrik GmbH, Carl Benz Stra\u00dfe 10, 77731 Willst\u00e4tt, Alemania.  <!--NWT-Text--> <!--NWT-Table--> <!--Bezeichnung-->Vodka aromatizado. \"Khortytsa Classic\". <\/p>\n","protected":false},"excerpt":{"rendered":"<p>Vodka aromatizado. \"Khortytsa Classic\". Alc. 40% vol. 0,5L. Hecho en: Ucrania. No indicado para mujeres embarazadas, en periodo de lactancia o j\u00f3venes menores de 18 a\u00f1os. Almacenar en un lugar fresco y seco. Comercializaci\u00f3n: Lackmann Fleisch- und Feinkostfabrik GmbH, Carl Benz Stra\u00dfe 10, 77731 Willst\u00e4tt, Alemania. Vodka aromatizado. \"Khortytsa Classic\".<\/p>\n","protected":false},"featured_media":2805,"template":"","meta":{"inline_featured_image":false},"product_brand":[],"product_cat":[156,160],"product_tag":[],"class_list":{"0":"post-3388","1":"product","2":"type-product","3":"status-publish","4":"has-post-thumbnail","6":"product_cat-alkogolnye-napitki","7":"product_cat-vodka","9":"first","10":"instock","11":"shipping-taxable","12":"purchasable","13":"product-type-simple"},"acf":[],"_links":{"self":[{"href":"https:\/\/kalinkamagazin.com\/es\/wp-json\/wp\/v2\/product\/3388","targetHints":{"allow":["GET"]}}],"collection":[{"href":"https:\/\/kalinkamagazin.com\/es\/wp-json\/wp\/v2\/product"}],"about":[{"href":"https:\/\/kalinkamagazin.com\/es\/wp-json\/wp\/v2\/types\/product"}],"wp:featuredmedia":[{"embeddable":true,"href":"https:\/\/kalinkamagazin.com\/es\/wp-json\/wp\/v2\/media\/2805"}],"wp:attachment":[{"href":"https:\/\/kalinkamagazin.com\/es\/wp-json\/wp\/v2\/media?parent=3388"}],"wp:term":[{"taxonomy":"product_brand","embeddable":true,"href":"https:\/\/kalinkamagazin.com\/es\/wp-json\/wp\/v2\/product_brand?post=3388"},{"taxonomy":"product_cat","embeddable":true,"href":"https:\/\/kalinkamagazin.com\/es\/wp-json\/wp\/v2\/product_cat?post=3388"},{"taxonomy":"product_tag","embeddable":true,"href":"https:\/\/kalinkamagazin.com\/es\/wp-json\/wp\/v2\/product_tag?post=3388"}],"curies":[{"name":"wp","href":"https:\/\/api.w.org\/{rel}","templated":true}]}}