{"id":3390,"date":"2026-01-27T20:37:52","date_gmt":"2026-01-27T17:37:52","guid":{"rendered":"https:\/\/kalinkamagazin.com\/product\/7217-caviar-de-caeln-en-salsa-de-ensalada-con-trozos-de-salmn-ahumado\/"},"modified":"2026-01-27T20:37:52","modified_gmt":"2026-01-27T17:37:52","slug":"7217-caviar-de-caeln-en-salsa-de-ensalada-con-trozos-de-salmn-ahumado","status":"publish","type":"product","link":"https:\/\/kalinkamagazin.com\/es\/product\/7217-caviar-de-caeln-en-salsa-de-ensalada-con-trozos-de-salmn-ahumado\/","title":{"rendered":"Caviar de cael\u00edn en salsa de ensalada con trozos de salm\u00f3n ahumado"},"content":{"rendered":"<p>Untable elaborado con huevas de arenque (Clupea Harengus) (*\u0410) o huevas de capel\u00e1n (Mallotus villosus) (*B) (45%) en crema de ensalada con carne de salm\u00f3n ahumado (5%). La imagen muestra una sugerencia de presentaci\u00f3n.. Ingredientes: <b>huevas de capel\u00e1n <\/b>o <b>arenque <\/b><b>Huevas, <\/b>aceite de girasol, <b>Carne de salm\u00f3n <\/b>ahumado <b>(Carne de salm\u00f3n, <\/b>humo), agua potable, Az\u00facar, sal de calidad alimentaria, corrector de acidez: (E260), <b>Yema de huevo en polvo, <\/b>espesantes: (E1420, E415, E412), conservante: (E202, E211), colorante: (E160c). <b>saumon <\/b>De acuicultura en: Noruega. <b>huevas de capel\u00e1n <\/b>Zona de captura: FAO 27.5, FAO 21. M\u00e9todo de captura: red de arrastre. Hecho en: Ucrania. Comercializaci\u00f3n: Lackmann Fleisch- und Feinkostfabrik GmbH, Carl Benz Stra\u00dfe 10, 77731 Willst\u00e4tt, Alemania. Sin abrir y a -6 \u00b0C - +6 \u00b0C se conserva al menos hasta: ver pegatina adicional.  <!--NWT-Text-->Valores energ\u00e9ticos y nutricionales medios por 100g: Valor energ\u00e9tico: 1461 kJ \/ 354 kcal, Grasas: 4,9g, - de las cuales \u00e1cidos grasos saturados: 4,5g, Hidratos de Carbono: 4,5g, - de los cuales az\u00facares: 4,5g, Prote\u00ednas: 5,5g, Sal: 2,8g,  <!--NWT-Table--><\/p>\n<table>\n<tbody>\n<tr>\n<td colspan=\"2\">Valores energ\u00e9ticos y nutricionales medios por 100g:<\/td>\n<\/tr>\n<tr>\n<td>Valor energ\u00e9tico:<\/td>\n<td align = \"right\">1461 kJ\/354kcal<\/td>\n<\/tr>\n<tr>\n<td>Grasas:<\/td>\n<td align = \"right\">4,9g<\/td>\n<\/tr>\n<tr>\n<td>- de las cuales \u00e1cidos grasos saturados:<\/td>\n<td align = \"right\">4,5g<\/td>\n<\/tr>\n<tr>\n<td>Hidratos de Carbono:<\/td>\n<td align = \"right\">4,5g<\/td>\n<\/tr>\n<tr>\n<td>- de los cuales az\u00facares:<\/td>\n<td align = \"right\">4,5g<\/td>\n<\/tr>\n<tr>\n<td>Prote\u00ednas:<\/td>\n<td align = \"right\">5,5g<\/td>\n<\/tr>\n<tr>\n<td>Sal:<\/td>\n<td align = \"right\">2,8g<\/td>\n<\/tr>\n<\/tbody>\n<\/table>\n<p> <!--Bezeichnung-->Untable elaborado con huevas de arenque (Clupea Harengus) (*\u0410) o huevas de capel\u00e1n (Mallotus villosus) (*B) (45%) en crema de ensalada con carne de salm\u00f3n ahumado (5%). <\/p>\n","protected":false},"excerpt":{"rendered":"<p>Untable elaborado con huevas de arenque (Clupea Harengus) (*\u0410) o huevas de capel\u00e1n (Mallotus villosus) (*B) (45%) en crema de ensalada con carne de salm\u00f3n ahumado (5%). La imagen muestra una sugerencia de presentaci\u00f3n.. Ingredientes: huevas de capel\u00e1n o arenque Huevas, aceite de girasol, Carne de salm\u00f3n ahumado (Carne de salm\u00f3n, humo), agua potable, Az\u00facar, [&hellip;]<\/p>\n","protected":false},"featured_media":2875,"template":"","meta":{"inline_featured_image":false},"product_brand":[],"product_cat":[105,111],"product_tag":[],"class_list":{"0":"post-3390","1":"product","2":"type-product","3":"status-publish","4":"has-post-thumbnail","6":"product_cat-zamorozhennye-produkty-i-hleb","7":"product_cat-ikra-svezhaya-i-zamorozhennaya","9":"first","10":"instock","11":"shipping-taxable","12":"purchasable","13":"product-type-simple"},"acf":[],"_links":{"self":[{"href":"https:\/\/kalinkamagazin.com\/es\/wp-json\/wp\/v2\/product\/3390","targetHints":{"allow":["GET"]}}],"collection":[{"href":"https:\/\/kalinkamagazin.com\/es\/wp-json\/wp\/v2\/product"}],"about":[{"href":"https:\/\/kalinkamagazin.com\/es\/wp-json\/wp\/v2\/types\/product"}],"wp:featuredmedia":[{"embeddable":true,"href":"https:\/\/kalinkamagazin.com\/es\/wp-json\/wp\/v2\/media\/2875"}],"wp:attachment":[{"href":"https:\/\/kalinkamagazin.com\/es\/wp-json\/wp\/v2\/media?parent=3390"}],"wp:term":[{"taxonomy":"product_brand","embeddable":true,"href":"https:\/\/kalinkamagazin.com\/es\/wp-json\/wp\/v2\/product_brand?post=3390"},{"taxonomy":"product_cat","embeddable":true,"href":"https:\/\/kalinkamagazin.com\/es\/wp-json\/wp\/v2\/product_cat?post=3390"},{"taxonomy":"product_tag","embeddable":true,"href":"https:\/\/kalinkamagazin.com\/es\/wp-json\/wp\/v2\/product_tag?post=3390"}],"curies":[{"name":"wp","href":"https:\/\/api.w.org\/{rel}","templated":true}]}}