{"id":3391,"date":"2026-01-27T20:37:57","date_gmt":"2026-01-27T17:37:57","guid":{"rendered":"https:\/\/kalinkamagazin.com\/product\/7207-caviar-de-caeln-en-salsa-para-ensalada-gourmet\/"},"modified":"2026-01-27T20:37:57","modified_gmt":"2026-01-27T17:37:57","slug":"7207-caviar-de-caeln-en-salsa-para-ensalada-gourmet","status":"publish","type":"product","link":"https:\/\/kalinkamagazin.com\/es\/product\/7207-caviar-de-caeln-en-salsa-para-ensalada-gourmet\/","title":{"rendered":"Caviar de cael\u00edn en Salsa para ensalada, gourmet"},"content":{"rendered":"<p>Untable elaborado con huevas de arenque (Clupea Harengus) (*\u0410) o huevas de capel\u00e1n (Mallotus villosus) (*B) 50% en crema para ensalada.. La imagen muestra una sugerencia de presentaci\u00f3n.. Ingredientes: <b>huevas de capel\u00e1n, <\/b>o <b>arenque <\/b><b>Huevas, <\/b>aceite de girasol, agua potable, Az\u00facar, sal de calidad alimentaria, corrector de acidez: (E260), <b>Yema de huevo en polvo, <\/b>espesantes: (E1420, E415, E412), conservante: (E202, E211). Hecho en: Ucrania. Comercializaci\u00f3n: Lackmann Fleisch- und Feinkostfabrik GmbH, Carl Benz Stra\u00dfe 10, 77731 Willst\u00e4tt, Alemania. Sin abrir y a -6 \u00b0C - +6 \u00b0C se conserva al menos hasta:  <!--NWT-Text-->Valores energ\u00e9ticos y nutricionales medios por 100g: Valor energ\u00e9tico: 1423 kJ \/ 345 kcal, Grasas: 34g, - de las cuales \u00e1cidos grasos saturados: 4,8g, Hidratos de Carbono: 4,5g, - de los cuales az\u00facares: 4,5g, Prote\u00ednas: 5,0g, Sal: 2,8g,  <!--NWT-Table--><\/p>\n<table>\n<tbody>\n<tr>\n<td colspan=\"2\">Valores energ\u00e9ticos y nutricionales medios por 100g:<\/td>\n<\/tr>\n<tr>\n<td>Valor energ\u00e9tico:<\/td>\n<td align = \"right\">1423 kJ\/345kcal<\/td>\n<\/tr>\n<tr>\n<td>Grasas:<\/td>\n<td align = \"right\">34g<\/td>\n<\/tr>\n<tr>\n<td>- de las cuales \u00e1cidos grasos saturados:<\/td>\n<td align = \"right\">4,8g<\/td>\n<\/tr>\n<tr>\n<td>Hidratos de Carbono:<\/td>\n<td align = \"right\">4,5g<\/td>\n<\/tr>\n<tr>\n<td>- de los cuales az\u00facares:<\/td>\n<td align = \"right\">4,5g<\/td>\n<\/tr>\n<tr>\n<td>Prote\u00ednas:<\/td>\n<td align = \"right\">5,0g<\/td>\n<\/tr>\n<tr>\n<td>Sal:<\/td>\n<td align = \"right\">2,8g<\/td>\n<\/tr>\n<\/tbody>\n<\/table>\n<p> <!--Bezeichnung-->Untable elaborado con huevas de arenque (Clupea Harengus) (*\u0410) o huevas de capel\u00e1n (Mallotus villosus) (*B) 50% en crema para ensalada.. <\/p>\n","protected":false},"excerpt":{"rendered":"<p>Untable elaborado con huevas de arenque (Clupea Harengus) (*\u0410) o huevas de capel\u00e1n (Mallotus villosus) (*B) 50% en crema para ensalada.. La imagen muestra una sugerencia de presentaci\u00f3n.. Ingredientes: huevas de capel\u00e1n, o arenque Huevas, aceite de girasol, agua potable, Az\u00facar, sal de calidad alimentaria, corrector de acidez: (E260), Yema de huevo en polvo, espesantes: [&hellip;]<\/p>\n","protected":false},"featured_media":2878,"template":"","meta":{"inline_featured_image":false},"product_brand":[],"product_cat":[105,111],"product_tag":[],"class_list":{"0":"post-3391","1":"product","2":"type-product","3":"status-publish","4":"has-post-thumbnail","6":"product_cat-zamorozhennye-produkty-i-hleb","7":"product_cat-ikra-svezhaya-i-zamorozhennaya","9":"first","10":"instock","11":"shipping-taxable","12":"purchasable","13":"product-type-simple"},"acf":[],"_links":{"self":[{"href":"https:\/\/kalinkamagazin.com\/es\/wp-json\/wp\/v2\/product\/3391","targetHints":{"allow":["GET"]}}],"collection":[{"href":"https:\/\/kalinkamagazin.com\/es\/wp-json\/wp\/v2\/product"}],"about":[{"href":"https:\/\/kalinkamagazin.com\/es\/wp-json\/wp\/v2\/types\/product"}],"wp:featuredmedia":[{"embeddable":true,"href":"https:\/\/kalinkamagazin.com\/es\/wp-json\/wp\/v2\/media\/2878"}],"wp:attachment":[{"href":"https:\/\/kalinkamagazin.com\/es\/wp-json\/wp\/v2\/media?parent=3391"}],"wp:term":[{"taxonomy":"product_brand","embeddable":true,"href":"https:\/\/kalinkamagazin.com\/es\/wp-json\/wp\/v2\/product_brand?post=3391"},{"taxonomy":"product_cat","embeddable":true,"href":"https:\/\/kalinkamagazin.com\/es\/wp-json\/wp\/v2\/product_cat?post=3391"},{"taxonomy":"product_tag","embeddable":true,"href":"https:\/\/kalinkamagazin.com\/es\/wp-json\/wp\/v2\/product_tag?post=3391"}],"curies":[{"name":"wp","href":"https:\/\/api.w.org\/{rel}","templated":true}]}}