{"id":3394,"date":"2026-01-27T20:38:16","date_gmt":"2026-01-27T17:38:16","guid":{"rendered":"https:\/\/kalinkamagazin.com\/product\/7666-kvas-de-lidskiy-khlebny\/"},"modified":"2026-01-27T20:38:16","modified_gmt":"2026-01-27T17:38:16","slug":"7666-kvas-de-lidskiy-khlebny","status":"publish","type":"product","link":"https:\/\/kalinkamagazin.com\/es\/product\/7666-kvas-de-lidskiy-khlebny\/","title":{"rendered":"Kvas de Lidskiy Khlebny"},"content":{"rendered":"<p>Bebida de malta. . 1,5 L. Ingredientes: agua potable, Az\u00facar, <b>Harina de centeno, <\/b><b>Malta de centeno <\/b>fermentado, <b>malta de cebada, <\/b>corrector de acidez: (E330), <b>Harina de centeno. <\/b>servir fr\u00edo. Conservar en un lugar fresco y oscuro. Una vez abierto, conservar en la nevera y consumir lo antes posible. Sin abrir, consumir preferentemente antes de: ver impresi\u00f3n, segunda l\u00ednea. Comercializaci\u00f3n: Lackmann Fleisch- und Feinkostfabrik GmbH, Carl Benz Stra\u00dfe 10, 77731 Willst\u00e4tt, Alemania.  <!--NWT-Text-->Valores energ\u00e9ticos y nutricionales medios por 100g: Valor energ\u00e9tico: 109 kJ \/ 26 kcal, Grasas: 0g, - de las cuales \u00e1cidos grasos saturados: 0g, Hidratos de Carbono: 6,4g, - de los cuales az\u00facares: 5,1g, Prote\u00ednas: 0g, Sal: 0g,  <!--NWT-Table--><\/p>\n<table>\n<tbody>\n<tr>\n<td colspan=\"2\">Valores energ\u00e9ticos y nutricionales medios por 100g:<\/td>\n<\/tr>\n<tr>\n<td>Valor energ\u00e9tico:<\/td>\n<td align = \"right\">109 kJ\/26kcal<\/td>\n<\/tr>\n<tr>\n<td>Grasas:<\/td>\n<td align = \"right\">0g<\/td>\n<\/tr>\n<tr>\n<td>- de las cuales \u00e1cidos grasos saturados:<\/td>\n<td align = \"right\">0g<\/td>\n<\/tr>\n<tr>\n<td>Hidratos de Carbono:<\/td>\n<td align = \"right\">6,4g<\/td>\n<\/tr>\n<tr>\n<td>- de los cuales az\u00facares:<\/td>\n<td align = \"right\">5,1g<\/td>\n<\/tr>\n<tr>\n<td>Prote\u00ednas:<\/td>\n<td align = \"right\">0g<\/td>\n<\/tr>\n<tr>\n<td>Sal:<\/td>\n<td align = \"right\">0g<\/td>\n<\/tr>\n<\/tbody>\n<\/table>\n<p> <!--Bezeichnung-->Bebida de malta. . <\/p>\n","protected":false},"excerpt":{"rendered":"<p>Bebida de malta. . 1,5 L. Ingredientes: agua potable, Az\u00facar, Harina de centeno, Malta de centeno fermentado, malta de cebada, corrector de acidez: (E330), Harina de centeno. servir fr\u00edo. Conservar en un lugar fresco y oscuro. Una vez abierto, conservar en la nevera y consumir lo antes posible. Sin abrir, consumir preferentemente antes de: ver [&hellip;]<\/p>\n","protected":false},"featured_media":2901,"template":"","meta":{"inline_featured_image":false},"product_brand":[],"product_cat":[155,151],"product_tag":[],"class_list":{"0":"post-3394","1":"product","2":"type-product","3":"status-publish","4":"has-post-thumbnail","6":"product_cat-kvas","7":"product_cat-napitki","9":"first","10":"instock","11":"shipping-taxable","12":"purchasable","13":"product-type-simple"},"acf":[],"_links":{"self":[{"href":"https:\/\/kalinkamagazin.com\/es\/wp-json\/wp\/v2\/product\/3394","targetHints":{"allow":["GET"]}}],"collection":[{"href":"https:\/\/kalinkamagazin.com\/es\/wp-json\/wp\/v2\/product"}],"about":[{"href":"https:\/\/kalinkamagazin.com\/es\/wp-json\/wp\/v2\/types\/product"}],"wp:featuredmedia":[{"embeddable":true,"href":"https:\/\/kalinkamagazin.com\/es\/wp-json\/wp\/v2\/media\/2901"}],"wp:attachment":[{"href":"https:\/\/kalinkamagazin.com\/es\/wp-json\/wp\/v2\/media?parent=3394"}],"wp:term":[{"taxonomy":"product_brand","embeddable":true,"href":"https:\/\/kalinkamagazin.com\/es\/wp-json\/wp\/v2\/product_brand?post=3394"},{"taxonomy":"product_cat","embeddable":true,"href":"https:\/\/kalinkamagazin.com\/es\/wp-json\/wp\/v2\/product_cat?post=3394"},{"taxonomy":"product_tag","embeddable":true,"href":"https:\/\/kalinkamagazin.com\/es\/wp-json\/wp\/v2\/product_tag?post=3394"}],"curies":[{"name":"wp","href":"https:\/\/api.w.org\/{rel}","templated":true}]}}