{"id":3395,"date":"2026-01-27T20:38:21","date_gmt":"2026-01-27T17:38:21","guid":{"rendered":"https:\/\/kalinkamagazin.com\/product\/7867-kvas-blanco-taras-500-ml\/"},"modified":"2026-01-27T20:38:21","modified_gmt":"2026-01-27T17:38:21","slug":"7867-kvas-blanco-taras-500-ml","status":"publish","type":"product","link":"https:\/\/kalinkamagazin.com\/es\/product\/7867-kvas-blanco-taras-500-ml\/","title":{"rendered":"Kvas blanco Taras, 500 ml"},"content":{"rendered":"<p>Bebida de malta. . servir fr\u00edo. 0,5 L. Ingredientes: agua potable, Az\u00facar, <b>malta de cebada, <\/b><b>Malta de trigo, <\/b><b>cebada, <\/b>levadura, Extracto de acacia, corrector de acidez: (E330). Conservar en un lugar fresco y oscuro. Una vez abierto, conservar en la nevera y consumir lo antes posible. Sin abrir, consumir preferentemente antes de: v\u00e9ase en la base, segunda l\u00ednea. Comercializaci\u00f3n: Lackmann Fleisch- und Feinkostfabrik GmbH, Carl Benz Stra\u00dfe 10, 77731 Willst\u00e4tt, Alemania. Contiene cantidades insignificantes de: grasa, de las cuales grasas saturadas, prote\u00ednas, Sal.  <!--NWT-Text-->Valores energ\u00e9ticos y nutricionales medios por 100g: Valor energ\u00e9tico: 117 kJ \/ 28 kcal, Grasas: 0g, - de las cuales \u00e1cidos grasos saturados: 0g, Hidratos de Carbono: 6,2g, - de los cuales az\u00facares: 4,3g, Prote\u00ednas: 0g, Sal: 0g,  <!--NWT-Table--><\/p>\n<table>\n<tbody>\n<tr>\n<td colspan=\"2\">Valores energ\u00e9ticos y nutricionales medios por 100g:<\/td>\n<\/tr>\n<tr>\n<td>Valor energ\u00e9tico:<\/td>\n<td align = \"right\">117 kJ\/28kcal<\/td>\n<\/tr>\n<tr>\n<td>Grasas:<\/td>\n<td align = \"right\">0g<\/td>\n<\/tr>\n<tr>\n<td>- de las cuales \u00e1cidos grasos saturados:<\/td>\n<td align = \"right\">0g<\/td>\n<\/tr>\n<tr>\n<td>Hidratos de Carbono:<\/td>\n<td align = \"right\">6,2g<\/td>\n<\/tr>\n<tr>\n<td>- de los cuales az\u00facares:<\/td>\n<td align = \"right\">4,3g<\/td>\n<\/tr>\n<tr>\n<td>Prote\u00ednas:<\/td>\n<td align = \"right\">0g<\/td>\n<\/tr>\n<tr>\n<td>Sal:<\/td>\n<td align = \"right\">0g<\/td>\n<\/tr>\n<\/tbody>\n<\/table>\n<p> <!--Bezeichnung-->Bebida de malta. . <\/p>\n","protected":false},"excerpt":{"rendered":"<p>Bebida de malta. . servir fr\u00edo. 0,5 L. Ingredientes: agua potable, Az\u00facar, malta de cebada, Malta de trigo, cebada, levadura, Extracto de acacia, corrector de acidez: (E330). Conservar en un lugar fresco y oscuro. Una vez abierto, conservar en la nevera y consumir lo antes posible. Sin abrir, consumir preferentemente antes de: v\u00e9ase en la [&hellip;]<\/p>\n","protected":false},"featured_media":2904,"template":"","meta":{"inline_featured_image":false},"product_brand":[],"product_cat":[155,151],"product_tag":[],"class_list":{"0":"post-3395","1":"product","2":"type-product","3":"status-publish","4":"has-post-thumbnail","6":"product_cat-kvas","7":"product_cat-napitki","9":"first","10":"instock","11":"shipping-taxable","12":"purchasable","13":"product-type-simple"},"acf":[],"_links":{"self":[{"href":"https:\/\/kalinkamagazin.com\/es\/wp-json\/wp\/v2\/product\/3395","targetHints":{"allow":["GET"]}}],"collection":[{"href":"https:\/\/kalinkamagazin.com\/es\/wp-json\/wp\/v2\/product"}],"about":[{"href":"https:\/\/kalinkamagazin.com\/es\/wp-json\/wp\/v2\/types\/product"}],"wp:featuredmedia":[{"embeddable":true,"href":"https:\/\/kalinkamagazin.com\/es\/wp-json\/wp\/v2\/media\/2904"}],"wp:attachment":[{"href":"https:\/\/kalinkamagazin.com\/es\/wp-json\/wp\/v2\/media?parent=3395"}],"wp:term":[{"taxonomy":"product_brand","embeddable":true,"href":"https:\/\/kalinkamagazin.com\/es\/wp-json\/wp\/v2\/product_brand?post=3395"},{"taxonomy":"product_cat","embeddable":true,"href":"https:\/\/kalinkamagazin.com\/es\/wp-json\/wp\/v2\/product_cat?post=3395"},{"taxonomy":"product_tag","embeddable":true,"href":"https:\/\/kalinkamagazin.com\/es\/wp-json\/wp\/v2\/product_tag?post=3395"}],"curies":[{"name":"wp","href":"https:\/\/api.w.org\/{rel}","templated":true}]}}