{"id":3397,"date":"2026-01-27T20:38:33","date_gmt":"2026-01-27T17:38:33","guid":{"rendered":"https:\/\/kalinkamagazin.com\/product\/5221-baraja-de-cartas-36-piezas\/"},"modified":"2026-01-27T20:38:33","modified_gmt":"2026-01-27T17:38:33","slug":"5221-baraja-de-cartas-36-piezas","status":"publish","type":"product","link":"https:\/\/kalinkamagazin.com\/es\/product\/5221-baraja-de-cartas-36-piezas\/","title":{"rendered":"Baraja de cartas (36 piezas)"},"content":{"rendered":"<p>Vino blanco dulce. . Alc. 12% vol. 0,75L. Almacenar en un lugar fresco y seco. Contiene <b>Sulfitos. <\/b>Comercializaci\u00f3n: Lackmann Fleisch- und Feinkostfabrik GmbH, Carl Benz Stra\u00dfe 10, 77731 Willst\u00e4tt, Alemania.  <!--NWT-Text--> <!--NWT-Table--> <!--Bezeichnung-->Vino blanco dulce. . <\/p>\n","protected":false},"excerpt":{"rendered":"<p>Vino blanco dulce. . Alc. 12% vol. 0,75L. Almacenar en un lugar fresco y seco. Contiene Sulfitos. Comercializaci\u00f3n: Lackmann Fleisch- und Feinkostfabrik GmbH, Carl Benz Stra\u00dfe 10, 77731 Willst\u00e4tt, Alemania. Vino blanco dulce. .<\/p>\n","protected":false},"featured_media":2934,"template":"","meta":{"inline_featured_image":false},"product_brand":[],"product_cat":[269],"product_tag":[],"class_list":{"0":"post-3397","1":"product","2":"type-product","3":"status-publish","4":"has-post-thumbnail","6":"product_cat-bytovye-tovary-i-kosmetika","8":"first","9":"instock","10":"shipping-taxable","11":"purchasable","12":"product-type-simple"},"acf":[],"_links":{"self":[{"href":"https:\/\/kalinkamagazin.com\/es\/wp-json\/wp\/v2\/product\/3397","targetHints":{"allow":["GET"]}}],"collection":[{"href":"https:\/\/kalinkamagazin.com\/es\/wp-json\/wp\/v2\/product"}],"about":[{"href":"https:\/\/kalinkamagazin.com\/es\/wp-json\/wp\/v2\/types\/product"}],"wp:featuredmedia":[{"embeddable":true,"href":"https:\/\/kalinkamagazin.com\/es\/wp-json\/wp\/v2\/media\/2934"}],"wp:attachment":[{"href":"https:\/\/kalinkamagazin.com\/es\/wp-json\/wp\/v2\/media?parent=3397"}],"wp:term":[{"taxonomy":"product_brand","embeddable":true,"href":"https:\/\/kalinkamagazin.com\/es\/wp-json\/wp\/v2\/product_brand?post=3397"},{"taxonomy":"product_cat","embeddable":true,"href":"https:\/\/kalinkamagazin.com\/es\/wp-json\/wp\/v2\/product_cat?post=3397"},{"taxonomy":"product_tag","embeddable":true,"href":"https:\/\/kalinkamagazin.com\/es\/wp-json\/wp\/v2\/product_tag?post=3397"}],"curies":[{"name":"wp","href":"https:\/\/api.w.org\/{rel}","templated":true}]}}