{"id":3398,"date":"2026-01-27T20:38:39","date_gmt":"2026-01-27T17:38:39","guid":{"rendered":"https:\/\/kalinkamagazin.com\/product\/6564-eperlano-salado-y-ahumado-con-caviar-con-cabeza-entero\/"},"modified":"2026-01-27T20:38:39","modified_gmt":"2026-01-27T17:38:39","slug":"6564-eperlano-salado-y-ahumado-con-caviar-con-cabeza-entero","status":"publish","type":"product","link":"https:\/\/kalinkamagazin.com\/es\/product\/6564-eperlano-salado-y-ahumado-con-caviar-con-cabeza-entero\/","title":{"rendered":"Eperlano salado y ahumado con caviar, con cabeza, entero"},"content":{"rendered":"<p>Eperlano (Osmerus eperlanus) salado y ahumado,  ultracongelado. Con cabeza, sin eviscerar. Solo para venta a granel. Ingredientes: <b>Eperlano, <\/b>sal de calidad alimentaria. Zona de captura: FAO 27. M\u00e9todo de captura: redes de cerco y redes izadas. Hecho en: Ucrania. Despu\u00e9s de descongelar, no volver a congelar. Comercializaci\u00f3n: Lackmann Fleisch- und Feinkostfabrik GmbH, Carl Benz Stra\u00dfe 10, 77731 Willst\u00e4tt, Alemania. A una temperatura de \u2264 -18\u00b0C consumir preferentemente antes de:  <!--NWT-Text-->Valores energ\u00e9ticos y nutricionales medios por 100g: Valor energ\u00e9tico: 428 kJ \/ 102 kcal, Grasas: 4,5g, - de las cuales \u00e1cidos grasos saturados: 0,6g, Hidratos de Carbono: 0g, - de los cuales az\u00facares: 0g, Prote\u00ednas: 15g, Sal: 5,0g,  <!--NWT-Table--><\/p>\n<table>\n<tbody>\n<tr>\n<td colspan=\"2\">Valores energ\u00e9ticos y nutricionales medios por 100g:<\/td>\n<\/tr>\n<tr>\n<td>Valor energ\u00e9tico:<\/td>\n<td align = \"right\">428 kJ\/102kcal<\/td>\n<\/tr>\n<tr>\n<td>Grasas:<\/td>\n<td align = \"right\">4,5g<\/td>\n<\/tr>\n<tr>\n<td>- de las cuales \u00e1cidos grasos saturados:<\/td>\n<td align = \"right\">0,6g<\/td>\n<\/tr>\n<tr>\n<td>Hidratos de Carbono:<\/td>\n<td align = \"right\">0g<\/td>\n<\/tr>\n<tr>\n<td>- de los cuales az\u00facares:<\/td>\n<td align = \"right\">0g<\/td>\n<\/tr>\n<tr>\n<td>Prote\u00ednas:<\/td>\n<td align = \"right\">15g<\/td>\n<\/tr>\n<tr>\n<td>Sal:<\/td>\n<td align = \"right\">5,0g<\/td>\n<\/tr>\n<\/tbody>\n<\/table>\n<p> <!--Bezeichnung-->Eperlano (Osmerus eperlanus) salado y ahumado,  ultracongelado. Con cabeza, sin eviscerar. <\/p>\n","protected":false},"excerpt":{"rendered":"<p>Eperlano (Osmerus eperlanus) salado y ahumado, ultracongelado. Con cabeza, sin eviscerar. Solo para venta a granel. Ingredientes: Eperlano, sal de calidad alimentaria. Zona de captura: FAO 27. M\u00e9todo de captura: redes de cerco y redes izadas. Hecho en: Ucrania. Despu\u00e9s de descongelar, no volver a congelar. Comercializaci\u00f3n: Lackmann Fleisch- und Feinkostfabrik GmbH, Carl Benz Stra\u00dfe [&hellip;]<\/p>\n","protected":false},"featured_media":2955,"template":"","meta":{"inline_featured_image":false},"product_brand":[],"product_cat":[114,113],"product_tag":[],"class_list":{"0":"post-3398","1":"product","2":"type-product","3":"status-publish","4":"has-post-thumbnail","6":"product_cat-ryba","7":"product_cat-ryba-i-rybnye-produkty","9":"first","10":"instock","11":"shipping-taxable","12":"purchasable","13":"product-type-simple"},"acf":[],"_links":{"self":[{"href":"https:\/\/kalinkamagazin.com\/es\/wp-json\/wp\/v2\/product\/3398","targetHints":{"allow":["GET"]}}],"collection":[{"href":"https:\/\/kalinkamagazin.com\/es\/wp-json\/wp\/v2\/product"}],"about":[{"href":"https:\/\/kalinkamagazin.com\/es\/wp-json\/wp\/v2\/types\/product"}],"wp:featuredmedia":[{"embeddable":true,"href":"https:\/\/kalinkamagazin.com\/es\/wp-json\/wp\/v2\/media\/2955"}],"wp:attachment":[{"href":"https:\/\/kalinkamagazin.com\/es\/wp-json\/wp\/v2\/media?parent=3398"}],"wp:term":[{"taxonomy":"product_brand","embeddable":true,"href":"https:\/\/kalinkamagazin.com\/es\/wp-json\/wp\/v2\/product_brand?post=3398"},{"taxonomy":"product_cat","embeddable":true,"href":"https:\/\/kalinkamagazin.com\/es\/wp-json\/wp\/v2\/product_cat?post=3398"},{"taxonomy":"product_tag","embeddable":true,"href":"https:\/\/kalinkamagazin.com\/es\/wp-json\/wp\/v2\/product_tag?post=3398"}],"curies":[{"name":"wp","href":"https:\/\/api.w.org\/{rel}","templated":true}]}}