{"id":3400,"date":"2026-01-27T20:38:49","date_gmt":"2026-01-27T17:38:49","guid":{"rendered":"https:\/\/kalinkamagazin.com\/product\/7031-mayonesa-provenzal-clsica-505\/"},"modified":"2026-01-27T20:38:49","modified_gmt":"2026-01-27T17:38:49","slug":"7031-mayonesa-provenzal-clsica-505","status":"publish","type":"product","link":"https:\/\/kalinkamagazin.com\/es\/product\/7031-mayonesa-provenzal-clsica-505\/","title":{"rendered":"Mayonesa provenzal, cl\u00e1sica, 50,5 %"},"content":{"rendered":"<p>Mayonesa para ensaladas, contenido de materia grasa 50,5%, con edulcorantes. . 800 ml. La imagen muestra una sugerencia de presentaci\u00f3n.. Ingredientes: aceite de girasol 50,5%, agua, Az\u00facar, <b>yema de huevo en polvo <\/b>(1%), corrector de acidez: (E260), espesantes: (E1422), sal de calidad alimentaria, corrector de acidez: (E270), <b>Aceite de mostaza, <\/b>conservante: (E200), colorante: (E160a), edulcorante: (E954). Almacenar en un lugar fresco y seco. Una vez abierto, conservar en la nevera y consumir lo antes posible. Sin abrir, consumir preferentemente antes de: ver m\u00e1s arriba, segunda indicaci\u00f3n. Comercializaci\u00f3n: Lackmann Fleisch- und Feinkostfabrik GmbH, Carl Benz Stra\u00dfe 10, 77731 Willst\u00e4tt, Alemania. con edulcorantes.  <!--NWT-Text-->Valores energ\u00e9ticos y nutricionales medios por 100g: Valor energ\u00e9tico: 1894 kJ \/ 461 kcal, Grasas: 51g, - de las cuales \u00e1cidos grasos saturados: 5,1g, Hidratos de Carbono: 1,5g, - de los cuales az\u00facares: 0g, Prote\u00ednas: 0g, Sal: 1,2g,  <!--NWT-Table--><\/p>\n<table>\n<tbody>\n<tr>\n<td colspan=\"2\">Valores energ\u00e9ticos y nutricionales medios por 100g:<\/td>\n<\/tr>\n<tr>\n<td>Valor energ\u00e9tico:<\/td>\n<td align = \"right\">1894 kJ\/461kcal<\/td>\n<\/tr>\n<tr>\n<td>Grasas:<\/td>\n<td align = \"right\">51g<\/td>\n<\/tr>\n<tr>\n<td>- de las cuales \u00e1cidos grasos saturados:<\/td>\n<td align = \"right\">5,1g<\/td>\n<\/tr>\n<tr>\n<td>Hidratos de Carbono:<\/td>\n<td align = \"right\">1,5g<\/td>\n<\/tr>\n<tr>\n<td>- de los cuales az\u00facares:<\/td>\n<td align = \"right\">0g<\/td>\n<\/tr>\n<tr>\n<td>Prote\u00ednas:<\/td>\n<td align = \"right\">0g<\/td>\n<\/tr>\n<tr>\n<td>Sal:<\/td>\n<td align = \"right\">1,2g<\/td>\n<\/tr>\n<\/tbody>\n<\/table>\n<p> <!--Bezeichnung-->Mayonesa para ensaladas, contenido de materia grasa 50,5%, con edulcorantes. . <\/p>\n","protected":false},"excerpt":{"rendered":"<p>Mayonesa para ensaladas, contenido de materia grasa 50,5%, con edulcorantes. . 800 ml. La imagen muestra una sugerencia de presentaci\u00f3n.. Ingredientes: aceite de girasol 50,5%, agua, Az\u00facar, yema de huevo en polvo (1%), corrector de acidez: (E260), espesantes: (E1422), sal de calidad alimentaria, corrector de acidez: (E270), Aceite de mostaza, conservante: (E200), colorante: (E160a), edulcorante: [&hellip;]<\/p>\n","protected":false},"featured_media":2990,"template":"","meta":{"inline_featured_image":false},"product_brand":[],"product_cat":[136,137],"product_tag":[],"class_list":{"0":"post-3400","1":"product","2":"type-product","3":"status-publish","4":"has-post-thumbnail","6":"product_cat-masla-sousy-i-pripravy","7":"product_cat-sousy-majonezy-pripravy","9":"first","10":"instock","11":"shipping-taxable","12":"purchasable","13":"product-type-simple"},"acf":[],"_links":{"self":[{"href":"https:\/\/kalinkamagazin.com\/es\/wp-json\/wp\/v2\/product\/3400","targetHints":{"allow":["GET"]}}],"collection":[{"href":"https:\/\/kalinkamagazin.com\/es\/wp-json\/wp\/v2\/product"}],"about":[{"href":"https:\/\/kalinkamagazin.com\/es\/wp-json\/wp\/v2\/types\/product"}],"wp:featuredmedia":[{"embeddable":true,"href":"https:\/\/kalinkamagazin.com\/es\/wp-json\/wp\/v2\/media\/2990"}],"wp:attachment":[{"href":"https:\/\/kalinkamagazin.com\/es\/wp-json\/wp\/v2\/media?parent=3400"}],"wp:term":[{"taxonomy":"product_brand","embeddable":true,"href":"https:\/\/kalinkamagazin.com\/es\/wp-json\/wp\/v2\/product_brand?post=3400"},{"taxonomy":"product_cat","embeddable":true,"href":"https:\/\/kalinkamagazin.com\/es\/wp-json\/wp\/v2\/product_cat?post=3400"},{"taxonomy":"product_tag","embeddable":true,"href":"https:\/\/kalinkamagazin.com\/es\/wp-json\/wp\/v2\/product_tag?post=3400"}],"curies":[{"name":"wp","href":"https:\/\/api.w.org\/{rel}","templated":true}]}}