{"id":3403,"date":"2026-01-27T20:39:08","date_gmt":"2026-01-27T17:39:08","guid":{"rendered":"https:\/\/kalinkamagazin.com\/product\/7032-mayonesa-de-aceite-de-oliva-67\/"},"modified":"2026-01-27T20:39:08","modified_gmt":"2026-01-27T17:39:08","slug":"7032-mayonesa-de-aceite-de-oliva-67","status":"publish","type":"product","link":"https:\/\/kalinkamagazin.com\/es\/product\/7032-mayonesa-de-aceite-de-oliva-67\/","title":{"rendered":"Mayonesa de aceite de oliva, 67 %"},"content":{"rendered":"<p>Mayonesa para ensaladas de aceite de girasol con 5% aceite de oliva. Contenido de materia grasa, 67%.. 400 ml. La imagen muestra una sugerencia de presentaci\u00f3n.. Ingredientes: aceite de girasol, agua, Aceite de oliva, Az\u00facar, <b>yema de huevo en polvo <\/b>(1%), Vinagre, sal de calidad alimentaria, <b>Aceite de mostaza, <\/b>conservante: (E200), colorante: (E160a). Almacenar en un lugar fresco y seco. Una vez abierto, conservar en la nevera y consumir lo antes posible. Sin abrir, consumir preferentemente antes de: ver m\u00e1s arriba, segunda indicaci\u00f3n. Comercializaci\u00f3n: Lackmann Fleisch- und Feinkostfabrik GmbH, Carl Benz Stra\u00dfe 10, 77731 Willst\u00e4tt, Alemania.  <!--NWT-Text-->Valores energ\u00e9ticos y nutricionales medios por 100g: Valor energ\u00e9tico: 2496 kJ \/ 607 kcal, Grasas: 67g, - de las cuales \u00e1cidos grasos saturados: 6,8g, Hidratos de Carbono: 1,0g, - de los cuales az\u00facares: 1,0g, Prote\u00ednas: 0g, Sal: 1,2g,  <!--NWT-Table--><\/p>\n<table>\n<tbody>\n<tr>\n<td colspan=\"2\">Valores energ\u00e9ticos y nutricionales medios por 100g:<\/td>\n<\/tr>\n<tr>\n<td>Valor energ\u00e9tico:<\/td>\n<td align = \"right\">2496 kJ\/607kcal<\/td>\n<\/tr>\n<tr>\n<td>Grasas:<\/td>\n<td align = \"right\">67g<\/td>\n<\/tr>\n<tr>\n<td>- de las cuales \u00e1cidos grasos saturados:<\/td>\n<td align = \"right\">6,8g<\/td>\n<\/tr>\n<tr>\n<td>Hidratos de Carbono:<\/td>\n<td align = \"right\">1,0g<\/td>\n<\/tr>\n<tr>\n<td>- de los cuales az\u00facares:<\/td>\n<td align = \"right\">1,0g<\/td>\n<\/tr>\n<tr>\n<td>Prote\u00ednas:<\/td>\n<td align = \"right\">0g<\/td>\n<\/tr>\n<tr>\n<td>Sal:<\/td>\n<td align = \"right\">1,2g<\/td>\n<\/tr>\n<\/tbody>\n<\/table>\n<p> <!--Bezeichnung-->Mayonesa para ensaladas de aceite de girasol con 5% aceite de oliva. Contenido de materia grasa, 67%.. <\/p>\n","protected":false},"excerpt":{"rendered":"<p>Mayonesa para ensaladas de aceite de girasol con 5% aceite de oliva. Contenido de materia grasa, 67%.. 400 ml. La imagen muestra una sugerencia de presentaci\u00f3n.. Ingredientes: aceite de girasol, agua, Aceite de oliva, Az\u00facar, yema de huevo en polvo (1%), Vinagre, sal de calidad alimentaria, Aceite de mostaza, conservante: (E200), colorante: (E160a). Almacenar en [&hellip;]<\/p>\n","protected":false},"featured_media":3002,"template":"","meta":{"inline_featured_image":false},"product_brand":[],"product_cat":[136,137],"product_tag":[],"class_list":{"0":"post-3403","1":"product","2":"type-product","3":"status-publish","4":"has-post-thumbnail","6":"product_cat-masla-sousy-i-pripravy","7":"product_cat-sousy-majonezy-pripravy","9":"first","10":"instock","11":"shipping-taxable","12":"purchasable","13":"product-type-simple"},"acf":[],"_links":{"self":[{"href":"https:\/\/kalinkamagazin.com\/es\/wp-json\/wp\/v2\/product\/3403","targetHints":{"allow":["GET"]}}],"collection":[{"href":"https:\/\/kalinkamagazin.com\/es\/wp-json\/wp\/v2\/product"}],"about":[{"href":"https:\/\/kalinkamagazin.com\/es\/wp-json\/wp\/v2\/types\/product"}],"wp:featuredmedia":[{"embeddable":true,"href":"https:\/\/kalinkamagazin.com\/es\/wp-json\/wp\/v2\/media\/3002"}],"wp:attachment":[{"href":"https:\/\/kalinkamagazin.com\/es\/wp-json\/wp\/v2\/media?parent=3403"}],"wp:term":[{"taxonomy":"product_brand","embeddable":true,"href":"https:\/\/kalinkamagazin.com\/es\/wp-json\/wp\/v2\/product_brand?post=3403"},{"taxonomy":"product_cat","embeddable":true,"href":"https:\/\/kalinkamagazin.com\/es\/wp-json\/wp\/v2\/product_cat?post=3403"},{"taxonomy":"product_tag","embeddable":true,"href":"https:\/\/kalinkamagazin.com\/es\/wp-json\/wp\/v2\/product_tag?post=3403"}],"curies":[{"name":"wp","href":"https:\/\/api.w.org\/{rel}","templated":true}]}}