{"id":3405,"date":"2026-01-27T20:39:21","date_gmt":"2026-01-27T17:39:21","guid":{"rendered":"https:\/\/kalinkamagazin.com\/product\/6988-mayonesa-de-huevo-de-codorniz-67\/"},"modified":"2026-01-27T20:39:21","modified_gmt":"2026-01-27T17:39:21","slug":"6988-mayonesa-de-huevo-de-codorniz-67","status":"publish","type":"product","link":"https:\/\/kalinkamagazin.com\/es\/product\/6988-mayonesa-de-huevo-de-codorniz-67\/","title":{"rendered":"Mayonesa de huevo de codorniz, 67 %"},"content":{"rendered":"<p>Mayonesa para ensaladas con sabor a huevos de codorniz, con edulcorantes. La ilustraci\u00f3n indica el sabor. 400 ml. Ingredientes: aceite de girasol, agua, <b>Yema de huevo de gallina, <\/b>sal de calidad alimentaria, Huevo de codorniz en polvo 0,3%, correctores de acidez: (E330, E270), estabilizador: (E415), conservante: (E202), aromas, colorante: (E160a), edulcorante: (E954), Polvo de jengibre. Almacenar en un lugar fresco y seco. Una vez abierto, conservar en la nevera y consumir en un m\u00e1ximo de 20 d\u00edas.. Sin abrir, consumir preferentemente antes de: ver impresi\u00f3n, segunda indicaci\u00f3n. Comercializaci\u00f3n: Lackmann Fleisch- und Feinkostfabrik GmbH, Carl Benz Stra\u00dfe 10, 77731 Willst\u00e4tt, Alemania.  <!--NWT-Text-->Valores energ\u00e9ticos y nutricionales medios por 100g: Valor energ\u00e9tico: 2486 kJ \/ 605 kcal, Grasas: 67g, - de las cuales \u00e1cidos grasos saturados: 6,8g, Hidratos de Carbono: <0,5g, - de los cuales az\u00facares: 0g, Prote\u00ednas: <0,5g, Sal: 1,0g,  <!--NWT-Table--><\/p>\n<table>\n<tbody>\n<tr>\n<td colspan=\"2\">Valores energ\u00e9ticos y nutricionales medios por 100g:<\/td>\n<\/tr>\n<tr>\n<td>Valor energ\u00e9tico:<\/td>\n<td align = \"right\">2486 kJ\/605kcal<\/td>\n<\/tr>\n<tr>\n<td>Grasas:<\/td>\n<td align = \"right\">67g<\/td>\n<\/tr>\n<tr>\n<td>- de las cuales \u00e1cidos grasos saturados:<\/td>\n<td align = \"right\">6,8g<\/td>\n<\/tr>\n<tr>\n<td>Hidratos de Carbono:<\/td>\n<td align = \"right\"><0,5g<\/td>\n<\/tr>\n<tr>\n<td>- de los cuales az\u00facares:<\/td>\n<td align = \"right\">0g<\/td>\n<\/tr>\n<tr>\n<td>Prote\u00ednas:<\/td>\n<td align = \"right\"><0,5g<\/td>\n<\/tr>\n<tr>\n<td>Sal:<\/td>\n<td align = \"right\">1,0g<\/td>\n<\/tr>\n<\/tbody>\n<\/table>\n<p> <!--Bezeichnung-->Mayonesa para ensaladas con sabor a huevos de codorniz, con edulcorantes. <\/p>\n","protected":false},"excerpt":{"rendered":"<p>Mayonesa para ensaladas con sabor a huevos de codorniz, con edulcorantes. La ilustraci\u00f3n indica el sabor. 400 ml. Ingredientes: aceite de girasol, agua, Yema de huevo de gallina, sal de calidad alimentaria, Huevo de codorniz en polvo 0,3%, correctores de acidez: (E330, E270), estabilizador: (E415), conservante: (E202), aromas, colorante: (E160a), edulcorante: (E954), Polvo de jengibre. [&hellip;]<\/p>\n","protected":false},"featured_media":3011,"template":"","meta":{"inline_featured_image":false},"product_brand":[],"product_cat":[136,137],"product_tag":[],"class_list":{"0":"post-3405","1":"product","2":"type-product","3":"status-publish","4":"has-post-thumbnail","6":"product_cat-masla-sousy-i-pripravy","7":"product_cat-sousy-majonezy-pripravy","9":"first","10":"instock","11":"shipping-taxable","12":"purchasable","13":"product-type-simple"},"acf":[],"_links":{"self":[{"href":"https:\/\/kalinkamagazin.com\/es\/wp-json\/wp\/v2\/product\/3405","targetHints":{"allow":["GET"]}}],"collection":[{"href":"https:\/\/kalinkamagazin.com\/es\/wp-json\/wp\/v2\/product"}],"about":[{"href":"https:\/\/kalinkamagazin.com\/es\/wp-json\/wp\/v2\/types\/product"}],"wp:featuredmedia":[{"embeddable":true,"href":"https:\/\/kalinkamagazin.com\/es\/wp-json\/wp\/v2\/media\/3011"}],"wp:attachment":[{"href":"https:\/\/kalinkamagazin.com\/es\/wp-json\/wp\/v2\/media?parent=3405"}],"wp:term":[{"taxonomy":"product_brand","embeddable":true,"href":"https:\/\/kalinkamagazin.com\/es\/wp-json\/wp\/v2\/product_brand?post=3405"},{"taxonomy":"product_cat","embeddable":true,"href":"https:\/\/kalinkamagazin.com\/es\/wp-json\/wp\/v2\/product_cat?post=3405"},{"taxonomy":"product_tag","embeddable":true,"href":"https:\/\/kalinkamagazin.com\/es\/wp-json\/wp\/v2\/product_tag?post=3405"}],"curies":[{"name":"wp","href":"https:\/\/api.w.org\/{rel}","templated":true}]}}