{"id":3406,"date":"2026-01-27T20:39:26","date_gmt":"2026-01-27T17:39:26","guid":{"rendered":"https:\/\/kalinkamagazin.com\/product\/7354-adobo-para-shashlik\/"},"modified":"2026-01-27T20:39:26","modified_gmt":"2026-01-27T17:39:26","slug":"7354-adobo-para-shashlik","status":"publish","type":"product","link":"https:\/\/kalinkamagazin.com\/es\/product\/7354-adobo-para-shashlik\/","title":{"rendered":"Adobo para shashlik"},"content":{"rendered":"<p>Adobo condimentado \"Grill-,Roll-,Spie\u00dfbraten Classic\". La imagen muestra una sugerencia de presentaci\u00f3n.. Sugerencias de preparaci\u00f3n: Agitar suavemente antes de servir.. 100 g de adobo por 1 kg de carne o pescado. Mezclar el adobo, extenderlo o servirlo. Ingredientes: agua, Concentrado de tomate, aceite de girasol, sal de calidad alimentaria, deshidratado y molida Verduras (Ajo, cebollas, guindilla), espesantes: (E415), correctores de acidez: (E260, E330, E331), aroma, conservantes: (E202, E211). Almacenar en un lugar fresco y seco. Sin abrir, consumir preferentemente antes de: ver impresi\u00f3n, segunda l\u00ednea. Comercializaci\u00f3n: Lackmann Fleisch- und Feinkostfabrik GmbH, Carl Benz Stra\u00dfe 10, 77731 Willst\u00e4tt, Alemania.  <!--NWT-Text-->Valores energ\u00e9ticos y nutricionales medios por 100g: Valor energ\u00e9tico: 640 kJ \/ 153 kcal, Grasas: 9,3g, - de las cuales \u00e1cidos grasos saturados: 1,2g, Hidratos de Carbono: 17g, - de los cuales az\u00facares: 8,3g, Prote\u00ednas: <0,5g, Sal: 10,6g,  <!--NWT-Table--><\/p>\n<table>\n<tbody>\n<tr>\n<td colspan=\"2\">Valores energ\u00e9ticos y nutricionales medios por 100g:<\/td>\n<\/tr>\n<tr>\n<td>Valor energ\u00e9tico:<\/td>\n<td align = \"right\">640 kJ\/153kcal<\/td>\n<\/tr>\n<tr>\n<td>Grasas:<\/td>\n<td align = \"right\">9,3g<\/td>\n<\/tr>\n<tr>\n<td>- de las cuales \u00e1cidos grasos saturados:<\/td>\n<td align = \"right\">1,2g<\/td>\n<\/tr>\n<tr>\n<td>Hidratos de Carbono:<\/td>\n<td align = \"right\">17g<\/td>\n<\/tr>\n<tr>\n<td>- de los cuales az\u00facares:<\/td>\n<td align = \"right\">8,3g<\/td>\n<\/tr>\n<tr>\n<td>Prote\u00ednas:<\/td>\n<td align = \"right\"><0,5g<\/td>\n<\/tr>\n<tr>\n<td>Sal:<\/td>\n<td align = \"right\">10,6g<\/td>\n<\/tr>\n<\/tbody>\n<\/table>\n<p> <!--Bezeichnung-->Adobo condimentado \"Grill-,Roll-,Spie\u00dfbraten Classic\". <\/p>\n","protected":false},"excerpt":{"rendered":"<p>Adobo condimentado \"Grill-,Roll-,Spie\u00dfbraten Classic\". La imagen muestra una sugerencia de presentaci\u00f3n.. Sugerencias de preparaci\u00f3n: Agitar suavemente antes de servir.. 100 g de adobo por 1 kg de carne o pescado. Mezclar el adobo, extenderlo o servirlo. Ingredientes: agua, Concentrado de tomate, aceite de girasol, sal de calidad alimentaria, deshidratado y molida Verduras (Ajo, cebollas, guindilla), [&hellip;]<\/p>\n","protected":false},"featured_media":3032,"template":"","meta":{"inline_featured_image":false},"product_brand":[],"product_cat":[136,137],"product_tag":[],"class_list":{"0":"post-3406","1":"product","2":"type-product","3":"status-publish","4":"has-post-thumbnail","6":"product_cat-masla-sousy-i-pripravy","7":"product_cat-sousy-majonezy-pripravy","9":"first","10":"instock","11":"shipping-taxable","12":"purchasable","13":"product-type-simple"},"acf":[],"_links":{"self":[{"href":"https:\/\/kalinkamagazin.com\/es\/wp-json\/wp\/v2\/product\/3406","targetHints":{"allow":["GET"]}}],"collection":[{"href":"https:\/\/kalinkamagazin.com\/es\/wp-json\/wp\/v2\/product"}],"about":[{"href":"https:\/\/kalinkamagazin.com\/es\/wp-json\/wp\/v2\/types\/product"}],"wp:featuredmedia":[{"embeddable":true,"href":"https:\/\/kalinkamagazin.com\/es\/wp-json\/wp\/v2\/media\/3032"}],"wp:attachment":[{"href":"https:\/\/kalinkamagazin.com\/es\/wp-json\/wp\/v2\/media?parent=3406"}],"wp:term":[{"taxonomy":"product_brand","embeddable":true,"href":"https:\/\/kalinkamagazin.com\/es\/wp-json\/wp\/v2\/product_brand?post=3406"},{"taxonomy":"product_cat","embeddable":true,"href":"https:\/\/kalinkamagazin.com\/es\/wp-json\/wp\/v2\/product_cat?post=3406"},{"taxonomy":"product_tag","embeddable":true,"href":"https:\/\/kalinkamagazin.com\/es\/wp-json\/wp\/v2\/product_tag?post=3406"}],"curies":[{"name":"wp","href":"https:\/\/api.w.org\/{rel}","templated":true}]}}