{"id":3408,"date":"2026-01-27T20:39:38","date_gmt":"2026-01-27T17:39:38","guid":{"rendered":"https:\/\/kalinkamagazin.com\/product\/7266-helado-de-chocolate-en-cono-de-barquillo-130-ml\/"},"modified":"2026-01-27T20:39:38","modified_gmt":"2026-01-27T17:39:38","slug":"7266-helado-de-chocolate-en-cono-de-barquillo-130-ml","status":"publish","type":"product","link":"https:\/\/kalinkamagazin.com\/es\/product\/7266-helado-de-chocolate-en-cono-de-barquillo-130-ml\/","title":{"rendered":"Helado de chocolate en cono de barquillo 130 ml"},"content":{"rendered":"<p>Helado con sabor a chocolate en una taza de waffle.UA 06-24-07 MP. 130 ml. Ingredientes: <b>Leche desnatada, <\/b><b>Nata, <\/b>Az\u00facar, tarrina de barquillo 8,5% (agua potable, <b>harina de trigo, <\/b>aceite de girasol, gasificante: (E500), sal de calidad alimentaria, emulgente: lecitina <b>(soja)), <\/b>agua potable, Cacao en polvo 4%, Masa de cacao, <b>Leche desnatada en polvo, <\/b>emulgente: (E471), estabilizador: (E410, E412, E407), aroma. Este producto puede tener trazas de: <b>Almendras, <\/b><b>avellanas. <\/b>Comercializaci\u00f3n: Lackmann Fleisch- und Feinkostfabrik GmbH, Carl Benz Stra\u00dfe 10, 77731 Willst\u00e4tt, Alemania. A una temperatura de \u2264 -18\u00b0C consumir preferentemente antes de: ver impresi\u00f3n, segunda l\u00ednea. Despu\u00e9s de descongelar, no volver a congelar.  <!--NWT-Text-->Valores energ\u00e9ticos y nutricionales medios por 100g: Valor energ\u00e9tico: 962 kJ \/ 230 kcal, Grasas: 13g, - de las cuales \u00e1cidos grasos saturados: 8,2g, Hidratos de Carbono: 26g, - de los cuales az\u00facares: 20g, Prote\u00ednas: 3,4g, Sal: 0,12g,  <!--NWT-Table--><\/p>\n<table>\n<tbody>\n<tr>\n<td colspan=\"2\">Valores energ\u00e9ticos y nutricionales medios por 100g:<\/td>\n<\/tr>\n<tr>\n<td>Valor energ\u00e9tico:<\/td>\n<td align = \"right\">962 kJ\/230kcal<\/td>\n<\/tr>\n<tr>\n<td>Grasas:<\/td>\n<td align = \"right\">13g<\/td>\n<\/tr>\n<tr>\n<td>- de las cuales \u00e1cidos grasos saturados:<\/td>\n<td align = \"right\">8,2g<\/td>\n<\/tr>\n<tr>\n<td>Hidratos de Carbono:<\/td>\n<td align = \"right\">26g<\/td>\n<\/tr>\n<tr>\n<td>- de los cuales az\u00facares:<\/td>\n<td align = \"right\">20g<\/td>\n<\/tr>\n<tr>\n<td>Prote\u00ednas:<\/td>\n<td align = \"right\">3,4g<\/td>\n<\/tr>\n<tr>\n<td>Sal:<\/td>\n<td align = \"right\">0,12g<\/td>\n<\/tr>\n<\/tbody>\n<\/table>\n<p> <!--Bezeichnung-->Helado con sabor a chocolate en una taza de waffle.UA 06-24-07 MP. <\/p>\n","protected":false},"excerpt":{"rendered":"<p>Helado con sabor a chocolate en una taza de waffle.UA 06-24-07 MP. 130 ml. Ingredientes: Leche desnatada, Nata, Az\u00facar, tarrina de barquillo 8,5% (agua potable, harina de trigo, aceite de girasol, gasificante: (E500), sal de calidad alimentaria, emulgente: lecitina (soja)), agua potable, Cacao en polvo 4%, Masa de cacao, Leche desnatada en polvo, emulgente: (E471), [&hellip;]<\/p>\n","protected":false},"featured_media":3047,"template":"","meta":{"inline_featured_image":false},"product_brand":[],"product_cat":[105,109],"product_tag":[],"class_list":{"0":"post-3408","1":"product","2":"type-product","3":"status-publish","4":"has-post-thumbnail","6":"product_cat-zamorozhennye-produkty-i-hleb","7":"product_cat-morozhenoe","9":"first","10":"instock","11":"shipping-taxable","12":"purchasable","13":"product-type-simple"},"acf":[],"_links":{"self":[{"href":"https:\/\/kalinkamagazin.com\/es\/wp-json\/wp\/v2\/product\/3408","targetHints":{"allow":["GET"]}}],"collection":[{"href":"https:\/\/kalinkamagazin.com\/es\/wp-json\/wp\/v2\/product"}],"about":[{"href":"https:\/\/kalinkamagazin.com\/es\/wp-json\/wp\/v2\/types\/product"}],"wp:featuredmedia":[{"embeddable":true,"href":"https:\/\/kalinkamagazin.com\/es\/wp-json\/wp\/v2\/media\/3047"}],"wp:attachment":[{"href":"https:\/\/kalinkamagazin.com\/es\/wp-json\/wp\/v2\/media?parent=3408"}],"wp:term":[{"taxonomy":"product_brand","embeddable":true,"href":"https:\/\/kalinkamagazin.com\/es\/wp-json\/wp\/v2\/product_brand?post=3408"},{"taxonomy":"product_cat","embeddable":true,"href":"https:\/\/kalinkamagazin.com\/es\/wp-json\/wp\/v2\/product_cat?post=3408"},{"taxonomy":"product_tag","embeddable":true,"href":"https:\/\/kalinkamagazin.com\/es\/wp-json\/wp\/v2\/product_tag?post=3408"}],"curies":[{"name":"wp","href":"https:\/\/api.w.org\/{rel}","templated":true}]}}