{"id":3409,"date":"2026-01-27T20:39:44","date_gmt":"2026-01-27T17:39:44","guid":{"rendered":"https:\/\/kalinkamagazin.com\/product\/6663-jabn-para-la-ropa\/"},"modified":"2026-01-27T20:39:44","modified_gmt":"2026-01-27T17:39:44","slug":"6663-jabn-para-la-ropa","status":"publish","type":"product","link":"https:\/\/kalinkamagazin.com\/es\/product\/6663-jabn-para-la-ropa\/","title":{"rendered":"Jab\u00f3n para la ropa"},"content":{"rendered":"<p>Cerveza rubia, sin pasteurizar. . Cerveza rubia, sin pasteurizar. Alc. 4,9% vol. 0,45L, Producido y envasado en Rusia. Ingredientes: agua, <b>malta de cebada, <\/b>L\u00fapulo. No indicado para mujeres embarazadas, en periodo de lactancia o j\u00f3venes menores de  16 a\u00f1os. Almacenar en un lugar fresco y seco. Proteger de la radiaci\u00f3n solar directa, Sin abrir, consumir preferentemente antes de: v\u00e9ase en la base, ver impresi\u00f3n, segunda l\u00ednea. Comercializaci\u00f3n: Lackmann Fleisch- und Feinkostfabrik GmbH, Carl Benz Stra\u00dfe 10, 77731 Willst\u00e4tt, Alemania.  <!--NWT-Text--> <!--NWT-Table--> <!--Bezeichnung-->Cerveza rubia, sin pasteurizar. . <\/p>\n","protected":false},"excerpt":{"rendered":"<p>Cerveza rubia, sin pasteurizar. . Cerveza rubia, sin pasteurizar. Alc. 4,9% vol. 0,45L, Producido y envasado en Rusia. Ingredientes: agua, malta de cebada, L\u00fapulo. No indicado para mujeres embarazadas, en periodo de lactancia o j\u00f3venes menores de 16 a\u00f1os. Almacenar en un lugar fresco y seco. Proteger de la radiaci\u00f3n solar directa, Sin abrir, consumir [&hellip;]<\/p>\n","protected":false},"featured_media":3054,"template":"","meta":{"inline_featured_image":false},"product_brand":[],"product_cat":[269],"product_tag":[],"class_list":{"0":"post-3409","1":"product","2":"type-product","3":"status-publish","4":"has-post-thumbnail","6":"product_cat-bytovye-tovary-i-kosmetika","8":"first","9":"instock","10":"shipping-taxable","11":"purchasable","12":"product-type-simple"},"acf":[],"_links":{"self":[{"href":"https:\/\/kalinkamagazin.com\/es\/wp-json\/wp\/v2\/product\/3409","targetHints":{"allow":["GET"]}}],"collection":[{"href":"https:\/\/kalinkamagazin.com\/es\/wp-json\/wp\/v2\/product"}],"about":[{"href":"https:\/\/kalinkamagazin.com\/es\/wp-json\/wp\/v2\/types\/product"}],"wp:featuredmedia":[{"embeddable":true,"href":"https:\/\/kalinkamagazin.com\/es\/wp-json\/wp\/v2\/media\/3054"}],"wp:attachment":[{"href":"https:\/\/kalinkamagazin.com\/es\/wp-json\/wp\/v2\/media?parent=3409"}],"wp:term":[{"taxonomy":"product_brand","embeddable":true,"href":"https:\/\/kalinkamagazin.com\/es\/wp-json\/wp\/v2\/product_brand?post=3409"},{"taxonomy":"product_cat","embeddable":true,"href":"https:\/\/kalinkamagazin.com\/es\/wp-json\/wp\/v2\/product_cat?post=3409"},{"taxonomy":"product_tag","embeddable":true,"href":"https:\/\/kalinkamagazin.com\/es\/wp-json\/wp\/v2\/product_tag?post=3409"}],"curies":[{"name":"wp","href":"https:\/\/api.w.org\/{rel}","templated":true}]}}