{"id":3410,"date":"2026-01-27T20:39:49","date_gmt":"2026-01-27T17:39:49","guid":{"rendered":"https:\/\/kalinkamagazin.com\/product\/6505-bebida-capri-sun-naranja-y-melocotn-330-ml\/"},"modified":"2026-01-27T20:39:49","modified_gmt":"2026-01-27T17:39:49","slug":"6505-bebida-capri-sun-naranja-y-melocotn-330-ml","status":"publish","type":"product","link":"https:\/\/kalinkamagazin.com\/es\/product\/6505-bebida-capri-sun-naranja-y-melocotn-330-ml\/","title":{"rendered":"Bebida Capri-Sun, naranja y melocot\u00f3n, 330 ml"},"content":{"rendered":"<p>Bebida de zumo de fruta Naranjas, melocot\u00f3n. . Contenido en fruta: al menos 10%. Ingredientes: agua, Az\u00facar, Zumo de frutas de zumo de frutas concentrado (Naranjas 5%, Manzana 3%, melocot\u00f3n 2%, acidulante: (\u00e1cido c\u00edtrico), aroma, antioxidantes: \u00e1cido asc\u00f3rbico. Almacenar en un lugar fresco y seco. Consumir preferentemente antes de: V\u00e9ase abajo, ver impresi\u00f3n. Comercializaci\u00f3n: Lackmann Fleisch- und Feinkostfabrik GmbH, Carl Benz Stra\u00dfe 10, 77731 Willst\u00e4tt, Alemania.  <!--NWT-Text-->Valores energ\u00e9ticos y nutricionales medios por 100g: Valor energ\u00e9tico: 146 kJ \/ 34 kcal, Grasas: <0,5g, - de las cuales \u00e1cidos grasos saturados: <0,1g, Hidratos de Carbono: 8,2g, - de los cuales az\u00facares: 8,2g, Prote\u00ednas: <0,5g, Sal: <0,1g,  <!--NWT-Table--><\/p>\n<table>\n<tbody>\n<tr>\n<td colspan=\"2\">Valores energ\u00e9ticos y nutricionales medios por 100g:<\/td>\n<\/tr>\n<tr>\n<td>Valor energ\u00e9tico:<\/td>\n<td align = \"right\">146 kJ\/34kcal<\/td>\n<\/tr>\n<tr>\n<td>Grasas:<\/td>\n<td align = \"right\"><0,5g<\/td>\n<\/tr>\n<tr>\n<td>- de las cuales \u00e1cidos grasos saturados:<\/td>\n<td align = \"right\"><0,1g<\/td>\n<\/tr>\n<tr>\n<td>Hidratos de Carbono:<\/td>\n<td align = \"right\">8,2g<\/td>\n<\/tr>\n<tr>\n<td>- de los cuales az\u00facares:<\/td>\n<td align = \"right\">8,2g<\/td>\n<\/tr>\n<tr>\n<td>Prote\u00ednas:<\/td>\n<td align = \"right\"><0,5g<\/td>\n<\/tr>\n<tr>\n<td>Sal:<\/td>\n<td align = \"right\"><0,1g<\/td>\n<\/tr>\n<\/tbody>\n<\/table>\n<p> <!--Bezeichnung-->Bebida de zumo de fruta Naranjas, melocot\u00f3n. . <\/p>\n","protected":false},"excerpt":{"rendered":"<p>Bebida de zumo de fruta Naranjas, melocot\u00f3n. . Contenido en fruta: al menos 10%. Ingredientes: agua, Az\u00facar, Zumo de frutas de zumo de frutas concentrado (Naranjas 5%, Manzana 3%, melocot\u00f3n 2%, acidulante: (\u00e1cido c\u00edtrico), aroma, antioxidantes: \u00e1cido asc\u00f3rbico. Almacenar en un lugar fresco y seco. Consumir preferentemente antes de: V\u00e9ase abajo, ver impresi\u00f3n. Comercializaci\u00f3n: Lackmann [&hellip;]<\/p>\n","protected":false},"featured_media":3056,"template":"","meta":{"inline_featured_image":false},"product_brand":[],"product_cat":[153,151],"product_tag":[],"class_list":{"0":"post-3410","1":"product","2":"type-product","3":"status-publish","4":"has-post-thumbnail","6":"product_cat-mineralnaya-voda-gazirovannye-napitki","7":"product_cat-napitki","9":"first","10":"instock","11":"shipping-taxable","12":"purchasable","13":"product-type-simple"},"acf":[],"_links":{"self":[{"href":"https:\/\/kalinkamagazin.com\/es\/wp-json\/wp\/v2\/product\/3410","targetHints":{"allow":["GET"]}}],"collection":[{"href":"https:\/\/kalinkamagazin.com\/es\/wp-json\/wp\/v2\/product"}],"about":[{"href":"https:\/\/kalinkamagazin.com\/es\/wp-json\/wp\/v2\/types\/product"}],"wp:featuredmedia":[{"embeddable":true,"href":"https:\/\/kalinkamagazin.com\/es\/wp-json\/wp\/v2\/media\/3056"}],"wp:attachment":[{"href":"https:\/\/kalinkamagazin.com\/es\/wp-json\/wp\/v2\/media?parent=3410"}],"wp:term":[{"taxonomy":"product_brand","embeddable":true,"href":"https:\/\/kalinkamagazin.com\/es\/wp-json\/wp\/v2\/product_brand?post=3410"},{"taxonomy":"product_cat","embeddable":true,"href":"https:\/\/kalinkamagazin.com\/es\/wp-json\/wp\/v2\/product_cat?post=3410"},{"taxonomy":"product_tag","embeddable":true,"href":"https:\/\/kalinkamagazin.com\/es\/wp-json\/wp\/v2\/product_tag?post=3410"}],"curies":[{"name":"wp","href":"https:\/\/api.w.org\/{rel}","templated":true}]}}