{"id":3414,"date":"2026-01-27T20:40:14","date_gmt":"2026-01-27T17:40:14","guid":{"rendered":"https:\/\/kalinkamagazin.com\/product\/6472-bebida-capri-sun-selva-200-ml-precio-por-10-unidades\/"},"modified":"2026-01-27T20:40:14","modified_gmt":"2026-01-27T17:40:14","slug":"6472-bebida-capri-sun-selva-200-ml-precio-por-10-unidades","status":"publish","type":"product","link":"https:\/\/kalinkamagazin.com\/es\/product\/6472-bebida-capri-sun-selva-200-ml-precio-por-10-unidades\/","title":{"rendered":"Bebida Capri-Sun, selva, 200 ml (precio por 10 unidades)"},"content":{"rendered":"<p>Multifrutas Refresco. . Contiene 10 porciones de 200 ml cada una. Contenido en fruta: al menos 10%. Ingredientes: agua, Az\u00facar, Zumo de frutas de zumo de frutas concentrado (Lim\u00f3n 5,7%, Naranjas 3,2%, guayaba 0,5%, anan\u00e1s 0,5%, maracuy\u00e1 0,1%), aroma, antioxidantes: \u00e1cido asc\u00f3rbico. Almacenar en un lugar fresco y seco. Comercializaci\u00f3n: Lackmann Fleisch- und Feinkostfabrik GmbH, Carl Benz Stra\u00dfe 10, 77731 Willst\u00e4tt, Alemania. Consumir preferentemente antes de: ver impresi\u00f3n.  <!--NWT-Text-->Valores energ\u00e9ticos y nutricionales medios por 100g: Valor energ\u00e9tico: 155 kJ \/ 36 kcal, Grasas: <0,5g, - de las cuales \u00e1cidos grasos saturados: <0,1g, Hidratos de Carbono: 8,7g, - de los cuales az\u00facares: 8,7g, Prote\u00ednas: <0,5g, Sal: <0,1g,  <!--NWT-Table--><\/p>\n<table>\n<tbody>\n<tr>\n<td colspan=\"2\">Valores energ\u00e9ticos y nutricionales medios por 100g:<\/td>\n<\/tr>\n<tr>\n<td>Valor energ\u00e9tico:<\/td>\n<td align = \"right\">155 kJ\/36kcal<\/td>\n<\/tr>\n<tr>\n<td>Grasas:<\/td>\n<td align = \"right\"><0,5g<\/td>\n<\/tr>\n<tr>\n<td>- de las cuales \u00e1cidos grasos saturados:<\/td>\n<td align = \"right\"><0,1g<\/td>\n<\/tr>\n<tr>\n<td>Hidratos de Carbono:<\/td>\n<td align = \"right\">8,7g<\/td>\n<\/tr>\n<tr>\n<td>- de los cuales az\u00facares:<\/td>\n<td align = \"right\">8,7g<\/td>\n<\/tr>\n<tr>\n<td>Prote\u00ednas:<\/td>\n<td align = \"right\"><0,5g<\/td>\n<\/tr>\n<tr>\n<td>Sal:<\/td>\n<td align = \"right\"><0,1g<\/td>\n<\/tr>\n<\/tbody>\n<\/table>\n<p> <!--Bezeichnung-->Multifrutas Refresco. . <\/p>\n","protected":false},"excerpt":{"rendered":"<p>Multifrutas Refresco. . Contiene 10 porciones de 200 ml cada una. Contenido en fruta: al menos 10%. Ingredientes: agua, Az\u00facar, Zumo de frutas de zumo de frutas concentrado (Lim\u00f3n 5,7%, Naranjas 3,2%, guayaba 0,5%, anan\u00e1s 0,5%, maracuy\u00e1 0,1%), aroma, antioxidantes: \u00e1cido asc\u00f3rbico. Almacenar en un lugar fresco y seco. Comercializaci\u00f3n: Lackmann Fleisch- und Feinkostfabrik GmbH, [&hellip;]<\/p>\n","protected":false},"featured_media":3068,"template":"","meta":{"inline_featured_image":false},"product_brand":[],"product_cat":[153,151],"product_tag":[],"class_list":{"0":"post-3414","1":"product","2":"type-product","3":"status-publish","4":"has-post-thumbnail","6":"product_cat-mineralnaya-voda-gazirovannye-napitki","7":"product_cat-napitki","9":"first","10":"instock","11":"shipping-taxable","12":"purchasable","13":"product-type-simple"},"acf":[],"_links":{"self":[{"href":"https:\/\/kalinkamagazin.com\/es\/wp-json\/wp\/v2\/product\/3414","targetHints":{"allow":["GET"]}}],"collection":[{"href":"https:\/\/kalinkamagazin.com\/es\/wp-json\/wp\/v2\/product"}],"about":[{"href":"https:\/\/kalinkamagazin.com\/es\/wp-json\/wp\/v2\/types\/product"}],"wp:featuredmedia":[{"embeddable":true,"href":"https:\/\/kalinkamagazin.com\/es\/wp-json\/wp\/v2\/media\/3068"}],"wp:attachment":[{"href":"https:\/\/kalinkamagazin.com\/es\/wp-json\/wp\/v2\/media?parent=3414"}],"wp:term":[{"taxonomy":"product_brand","embeddable":true,"href":"https:\/\/kalinkamagazin.com\/es\/wp-json\/wp\/v2\/product_brand?post=3414"},{"taxonomy":"product_cat","embeddable":true,"href":"https:\/\/kalinkamagazin.com\/es\/wp-json\/wp\/v2\/product_cat?post=3414"},{"taxonomy":"product_tag","embeddable":true,"href":"https:\/\/kalinkamagazin.com\/es\/wp-json\/wp\/v2\/product_tag?post=3414"}],"curies":[{"name":"wp","href":"https:\/\/api.w.org\/{rel}","templated":true}]}}