{"id":3417,"date":"2026-01-27T20:40:33","date_gmt":"2026-01-27T17:40:33","guid":{"rendered":"https:\/\/kalinkamagazin.com\/product\/6501-bebida-capri-sun-multivitamnico-sin-azcar-200-ml-precio-por-10-unidades\/"},"modified":"2026-01-27T20:40:33","modified_gmt":"2026-01-27T17:40:33","slug":"6501-bebida-capri-sun-multivitamnico-sin-azcar-200-ml-precio-por-10-unidades","status":"publish","type":"product","link":"https:\/\/kalinkamagazin.com\/es\/product\/6501-bebida-capri-sun-multivitamnico-sin-azcar-200-ml-precio-por-10-unidades\/","title":{"rendered":"Bebida Capri-Sun, multivitam\u00ednico sin az\u00facar, 200 ml (precio por 10 unidades)"},"content":{"rendered":"<p>Multifrutas Refresco con edulcorantes. . Contiene 10 porciones de 200 ml cada una. Contenido en fruta: al menos 7%. Ingredientes: agua, Az\u00facar, Zumo de frutas de zumo de frutas concentrado (Naranjas 3,1%, Lim\u00f3n 2,7%, anan\u00e1s 0,3%, banana 0,3%, Manzana 0,3%, Kiwi 0,2%, maracuy\u00e1 0,1%), acidulante: (\u00e1cido c\u00edtrico), aroma, vitaminas: (vitamina C, niacina, Vitamina E, vitamina B6, tiamina, biotina), edulcorante: (sucralosa, ciclamato, Sacarina), antioxidantes: \u00e1cido asc\u00f3rbico, zumo de zanahoria negra, antioxidantes: \u00e1cido asc\u00f3rbico. Almacenar en un lugar fresco y seco. Comercializaci\u00f3n: Lackmann Fleisch- und Feinkostfabrik GmbH, Carl Benz Stra\u00dfe 10, 77731 Willst\u00e4tt, Alemania. Consumir preferentemente antes de: ver impresi\u00f3n, primera indicaci\u00f3n.  <!--NWT-Text-->Valores energ\u00e9ticos y nutricionales medios por 100g: Valor energ\u00e9tico: 15 kJ \/ 3 kcal, Grasas: 0g, - de las cuales \u00e1cidos grasos saturados: 0g, Hidratos de Carbono: 0g, - de los cuales az\u00facares: 0g, Prote\u00ednas: 0g, Sal: 0g,  <!--NWT-Table--><\/p>\n<table>\n<tbody>\n<tr>\n<td colspan=\"2\">Valores energ\u00e9ticos y nutricionales medios por 100g:<\/td>\n<\/tr>\n<tr>\n<td>Valor energ\u00e9tico:<\/td>\n<td align = \"right\">15 kJ\/3kcal<\/td>\n<\/tr>\n<tr>\n<td>Grasas:<\/td>\n<td align = \"right\">0g<\/td>\n<\/tr>\n<tr>\n<td>- de las cuales \u00e1cidos grasos saturados:<\/td>\n<td align = \"right\">0g<\/td>\n<\/tr>\n<tr>\n<td>Hidratos de Carbono:<\/td>\n<td align = \"right\">0g<\/td>\n<\/tr>\n<tr>\n<td>- de los cuales az\u00facares:<\/td>\n<td align = \"right\">0g<\/td>\n<\/tr>\n<tr>\n<td>Prote\u00ednas:<\/td>\n<td align = \"right\">0g<\/td>\n<\/tr>\n<tr>\n<td>Sal:<\/td>\n<td align = \"right\">0g<\/td>\n<\/tr>\n<\/tbody>\n<\/table>\n<p> <!--Bezeichnung-->Multifrutas Refresco con edulcorantes. . <\/p>\n","protected":false},"excerpt":{"rendered":"<p>Multifrutas Refresco con edulcorantes. . Contiene 10 porciones de 200 ml cada una. Contenido en fruta: al menos 7%. Ingredientes: agua, Az\u00facar, Zumo de frutas de zumo de frutas concentrado (Naranjas 3,1%, Lim\u00f3n 2,7%, anan\u00e1s 0,3%, banana 0,3%, Manzana 0,3%, Kiwi 0,2%, maracuy\u00e1 0,1%), acidulante: (\u00e1cido c\u00edtrico), aroma, vitaminas: (vitamina C, niacina, Vitamina E, vitamina [&hellip;]<\/p>\n","protected":false},"featured_media":3078,"template":"","meta":{"inline_featured_image":false},"product_brand":[],"product_cat":[153,151],"product_tag":[],"class_list":{"0":"post-3417","1":"product","2":"type-product","3":"status-publish","4":"has-post-thumbnail","6":"product_cat-mineralnaya-voda-gazirovannye-napitki","7":"product_cat-napitki","9":"first","10":"instock","11":"shipping-taxable","12":"purchasable","13":"product-type-simple"},"acf":[],"_links":{"self":[{"href":"https:\/\/kalinkamagazin.com\/es\/wp-json\/wp\/v2\/product\/3417","targetHints":{"allow":["GET"]}}],"collection":[{"href":"https:\/\/kalinkamagazin.com\/es\/wp-json\/wp\/v2\/product"}],"about":[{"href":"https:\/\/kalinkamagazin.com\/es\/wp-json\/wp\/v2\/types\/product"}],"wp:featuredmedia":[{"embeddable":true,"href":"https:\/\/kalinkamagazin.com\/es\/wp-json\/wp\/v2\/media\/3078"}],"wp:attachment":[{"href":"https:\/\/kalinkamagazin.com\/es\/wp-json\/wp\/v2\/media?parent=3417"}],"wp:term":[{"taxonomy":"product_brand","embeddable":true,"href":"https:\/\/kalinkamagazin.com\/es\/wp-json\/wp\/v2\/product_brand?post=3417"},{"taxonomy":"product_cat","embeddable":true,"href":"https:\/\/kalinkamagazin.com\/es\/wp-json\/wp\/v2\/product_cat?post=3417"},{"taxonomy":"product_tag","embeddable":true,"href":"https:\/\/kalinkamagazin.com\/es\/wp-json\/wp\/v2\/product_tag?post=3417"}],"curies":[{"name":"wp","href":"https:\/\/api.w.org\/{rel}","templated":true}]}}