{"id":3422,"date":"2026-01-27T20:41:02","date_gmt":"2026-01-27T17:41:02","guid":{"rendered":"https:\/\/kalinkamagazin.com\/product\/6730-galletas-de-azcar-con-forma-de-joyera\/"},"modified":"2026-01-27T20:41:02","modified_gmt":"2026-01-27T17:41:02","slug":"6730-galletas-de-azcar-con-forma-de-joyera","status":"publish","type":"product","link":"https:\/\/kalinkamagazin.com\/es\/product\/6730-galletas-de-azcar-con-forma-de-joyera\/","title":{"rendered":"Galletas de az\u00facar con forma de joyer\u00eda"},"content":{"rendered":"<p>Dulce de harina . Ingredientes: <b>harina de trigo, <\/b>Az\u00facar, grasas y aceites vegetales (Palma, girasol, Antioxidantes: (E306)), agua potable, <b>huevo completo en polvo , <\/b><b>Producto a base de suero de leche, <\/b>sal de calidad alimentaria, gasificante: (E500, E503), corrector de acidez: (E330), aroma. Almacenar en un lugar fresco y seco. Puede contener: <b>Soja, <\/b><b>S\u00e9samo. <\/b>Consumir preferentemente antes de: ver impresi\u00f3n, segunda l\u00ednea. Comercializaci\u00f3n: Lackmann Fleisch- und Feinkostfabrik GmbH, Carl Benz Stra\u00dfe 10, 77731 Willst\u00e4tt, Alemania.  <!--NWT-Text-->Valores energ\u00e9ticos y nutricionales medios por 100g: Valor energ\u00e9tico: 1930 kJ \/ 460 kcal, Grasas: 18g, - de las cuales \u00e1cidos grasos saturados: 5,2g, Hidratos de Carbono: 67g, - de los cuales az\u00facares: 23g, Prote\u00ednas: 7,0g, Sal: 0,41g,  <!--NWT-Table--><\/p>\n<table>\n<tbody>\n<tr>\n<td colspan=\"2\">Valores energ\u00e9ticos y nutricionales medios por 100g:<\/td>\n<\/tr>\n<tr>\n<td>Valor energ\u00e9tico:<\/td>\n<td align = \"right\">1930 kJ\/460kcal<\/td>\n<\/tr>\n<tr>\n<td>Grasas:<\/td>\n<td align = \"right\">18g<\/td>\n<\/tr>\n<tr>\n<td>- de las cuales \u00e1cidos grasos saturados:<\/td>\n<td align = \"right\">5,2g<\/td>\n<\/tr>\n<tr>\n<td>Hidratos de Carbono:<\/td>\n<td align = \"right\">67g<\/td>\n<\/tr>\n<tr>\n<td>- de los cuales az\u00facares:<\/td>\n<td align = \"right\">23g<\/td>\n<\/tr>\n<tr>\n<td>Prote\u00ednas:<\/td>\n<td align = \"right\">7,0g<\/td>\n<\/tr>\n<tr>\n<td>Sal:<\/td>\n<td align = \"right\">0,41g<\/td>\n<\/tr>\n<\/tbody>\n<\/table>\n<p> <!--Bezeichnung-->Dulce de harina . <\/p>\n","protected":false},"excerpt":{"rendered":"<p>Dulce de harina . Ingredientes: harina de trigo, Az\u00facar, grasas y aceites vegetales (Palma, girasol, Antioxidantes: (E306)), agua potable, huevo completo en polvo , Producto a base de suero de leche, sal de calidad alimentaria, gasificante: (E500, E503), corrector de acidez: (E330), aroma. Almacenar en un lugar fresco y seco. Puede contener: Soja, S\u00e9samo. Consumir [&hellip;]<\/p>\n","protected":false},"featured_media":3155,"template":"","meta":{"inline_featured_image":false},"product_brand":[],"product_cat":[169,164],"product_tag":[],"class_list":{"0":"post-3422","1":"product","2":"type-product","3":"status-publish","4":"has-post-thumbnail","6":"product_cat-pechene","7":"product_cat-sladosti-i-vypechka","9":"first","10":"instock","11":"shipping-taxable","12":"purchasable","13":"product-type-simple"},"acf":[],"_links":{"self":[{"href":"https:\/\/kalinkamagazin.com\/es\/wp-json\/wp\/v2\/product\/3422","targetHints":{"allow":["GET"]}}],"collection":[{"href":"https:\/\/kalinkamagazin.com\/es\/wp-json\/wp\/v2\/product"}],"about":[{"href":"https:\/\/kalinkamagazin.com\/es\/wp-json\/wp\/v2\/types\/product"}],"wp:featuredmedia":[{"embeddable":true,"href":"https:\/\/kalinkamagazin.com\/es\/wp-json\/wp\/v2\/media\/3155"}],"wp:attachment":[{"href":"https:\/\/kalinkamagazin.com\/es\/wp-json\/wp\/v2\/media?parent=3422"}],"wp:term":[{"taxonomy":"product_brand","embeddable":true,"href":"https:\/\/kalinkamagazin.com\/es\/wp-json\/wp\/v2\/product_brand?post=3422"},{"taxonomy":"product_cat","embeddable":true,"href":"https:\/\/kalinkamagazin.com\/es\/wp-json\/wp\/v2\/product_cat?post=3422"},{"taxonomy":"product_tag","embeddable":true,"href":"https:\/\/kalinkamagazin.com\/es\/wp-json\/wp\/v2\/product_tag?post=3422"}],"curies":[{"name":"wp","href":"https:\/\/api.w.org\/{rel}","templated":true}]}}