{"id":3423,"date":"2026-01-27T20:41:07","date_gmt":"2026-01-27T17:41:07","guid":{"rendered":"https:\/\/kalinkamagazin.com\/product\/7124-cerveza-zhyvets-55-500-ml\/"},"modified":"2026-01-27T20:41:07","modified_gmt":"2026-01-27T17:41:07","slug":"7124-cerveza-zhyvets-55-500-ml","status":"publish","type":"product","link":"https:\/\/kalinkamagazin.com\/es\/product\/7124-cerveza-zhyvets-55-500-ml\/","title":{"rendered":"Cerveza Zhyvets, 5.5%, 500 ml"},"content":{"rendered":"<p>Cerveza. Alc. 5,5% vol. 0,5L. desechable. Ingredientes: agua potable, <b>malta de cebada, <\/b>L\u00fapulo, Extracto de l\u00fapulo. No indicado para mujeres embarazadas, en periodo de lactancia o j\u00f3venes menores de  16 a\u00f1os. Almacenar en un lugar fresco y seco. Consumir preferentemente antes de: v\u00e9ase en la base, primera l\u00ednea.  <!--NWT-Text-->Valores energ\u00e9ticos y nutricionales medios por 100g: Valor energ\u00e9tico: 189 kJ \/ 45 kcal, Grasas: 0g, - de las cuales \u00e1cidos grasos saturados: 0g, Hidratos de Carbono: 3,1g, - de los cuales az\u00facares: 0,8g, Prote\u00ednas: 0g, Sal: 0g,  <!--NWT-Table--><\/p>\n<table>\n<tbody>\n<tr>\n<td colspan=\"2\">Valores energ\u00e9ticos y nutricionales medios por 100g:<\/td>\n<\/tr>\n<tr>\n<td>Valor energ\u00e9tico:<\/td>\n<td align = \"right\">189 kJ\/45kcal<\/td>\n<\/tr>\n<tr>\n<td>Grasas:<\/td>\n<td align = \"right\">0g<\/td>\n<\/tr>\n<tr>\n<td>- de las cuales \u00e1cidos grasos saturados:<\/td>\n<td align = \"right\">0g<\/td>\n<\/tr>\n<tr>\n<td>Hidratos de Carbono:<\/td>\n<td align = \"right\">3,1g<\/td>\n<\/tr>\n<tr>\n<td>- de los cuales az\u00facares:<\/td>\n<td align = \"right\">0,8g<\/td>\n<\/tr>\n<tr>\n<td>Prote\u00ednas:<\/td>\n<td align = \"right\">0g<\/td>\n<\/tr>\n<tr>\n<td>Sal:<\/td>\n<td align = \"right\">0g<\/td>\n<\/tr>\n<\/tbody>\n<\/table>\n<p> <!--Bezeichnung-->Cerveza. <\/p>\n","protected":false},"excerpt":{"rendered":"<p>Cerveza. Alc. 5,5% vol. 0,5L. desechable. Ingredientes: agua potable, malta de cebada, L\u00fapulo, Extracto de l\u00fapulo. No indicado para mujeres embarazadas, en periodo de lactancia o j\u00f3venes menores de 16 a\u00f1os. Almacenar en un lugar fresco y seco. Consumir preferentemente antes de: v\u00e9ase en la base, primera l\u00ednea. Valores energ\u00e9ticos y nutricionales medios por 100g: [&hellip;]<\/p>\n","protected":false},"featured_media":3158,"template":"","meta":{"inline_featured_image":false},"product_brand":[],"product_cat":[156,157],"product_tag":[],"class_list":{"0":"post-3423","1":"product","2":"type-product","3":"status-publish","4":"has-post-thumbnail","6":"product_cat-alkogolnye-napitki","7":"product_cat-pivo","9":"first","10":"instock","11":"shipping-taxable","12":"purchasable","13":"product-type-simple"},"acf":[],"_links":{"self":[{"href":"https:\/\/kalinkamagazin.com\/es\/wp-json\/wp\/v2\/product\/3423","targetHints":{"allow":["GET"]}}],"collection":[{"href":"https:\/\/kalinkamagazin.com\/es\/wp-json\/wp\/v2\/product"}],"about":[{"href":"https:\/\/kalinkamagazin.com\/es\/wp-json\/wp\/v2\/types\/product"}],"wp:featuredmedia":[{"embeddable":true,"href":"https:\/\/kalinkamagazin.com\/es\/wp-json\/wp\/v2\/media\/3158"}],"wp:attachment":[{"href":"https:\/\/kalinkamagazin.com\/es\/wp-json\/wp\/v2\/media?parent=3423"}],"wp:term":[{"taxonomy":"product_brand","embeddable":true,"href":"https:\/\/kalinkamagazin.com\/es\/wp-json\/wp\/v2\/product_brand?post=3423"},{"taxonomy":"product_cat","embeddable":true,"href":"https:\/\/kalinkamagazin.com\/es\/wp-json\/wp\/v2\/product_cat?post=3423"},{"taxonomy":"product_tag","embeddable":true,"href":"https:\/\/kalinkamagazin.com\/es\/wp-json\/wp\/v2\/product_tag?post=3423"}],"curies":[{"name":"wp","href":"https:\/\/api.w.org\/{rel}","templated":true}]}}