{"id":3424,"date":"2026-01-27T20:41:14","date_gmt":"2026-01-27T17:41:14","guid":{"rendered":"https:\/\/kalinkamagazin.com\/product\/8340-cerveza-ligera-tradicional-zhigulevskoye-450-ml\/"},"modified":"2026-01-27T20:41:14","modified_gmt":"2026-01-27T17:41:14","slug":"8340-cerveza-ligera-tradicional-zhigulevskoye-450-ml","status":"publish","type":"product","link":"https:\/\/kalinkamagazin.com\/es\/product\/8340-cerveza-ligera-tradicional-zhigulevskoye-450-ml\/","title":{"rendered":"Cerveza ligera tradicional Zhigulevskoye, 450 ml"},"content":{"rendered":"<p>Cerveza rubia, pasteurizado. Producido y envasado en: Rusia. Alc. 4,5% vol. 0,45L. Ingredientes: agua potable, <b>malta de cebada, <\/b>L\u00fapulo. Conservar en un lugar fresco y oscuro. Consumir preferentemente antes de: ver impresi\u00f3n, segunda l\u00ednea. No indicado para mujeres embarazadas, en periodo de lactancia o j\u00f3venes menores de  16 a\u00f1os. Comercializaci\u00f3n: Lackmann Fleisch- und Feinkostfabrik GmbH, Carl Benz Stra\u00dfe 10, 77731 Willst\u00e4tt, Alemania.  <!--NWT-Text--> <!--NWT-Table--> <!--Bezeichnung-->Cerveza rubia, pasteurizado. <\/p>\n","protected":false},"excerpt":{"rendered":"<p>Cerveza rubia, pasteurizado. Producido y envasado en: Rusia. Alc. 4,5% vol. 0,45L. Ingredientes: agua potable, malta de cebada, L\u00fapulo. Conservar en un lugar fresco y oscuro. Consumir preferentemente antes de: ver impresi\u00f3n, segunda l\u00ednea. No indicado para mujeres embarazadas, en periodo de lactancia o j\u00f3venes menores de 16 a\u00f1os. Comercializaci\u00f3n: Lackmann Fleisch- und Feinkostfabrik GmbH, [&hellip;]<\/p>\n","protected":false},"featured_media":3161,"template":"","meta":{"inline_featured_image":false},"product_brand":[],"product_cat":[156,157],"product_tag":[],"class_list":{"0":"post-3424","1":"product","2":"type-product","3":"status-publish","4":"has-post-thumbnail","6":"product_cat-alkogolnye-napitki","7":"product_cat-pivo","9":"first","10":"instock","11":"shipping-taxable","12":"purchasable","13":"product-type-simple"},"acf":[],"_links":{"self":[{"href":"https:\/\/kalinkamagazin.com\/es\/wp-json\/wp\/v2\/product\/3424","targetHints":{"allow":["GET"]}}],"collection":[{"href":"https:\/\/kalinkamagazin.com\/es\/wp-json\/wp\/v2\/product"}],"about":[{"href":"https:\/\/kalinkamagazin.com\/es\/wp-json\/wp\/v2\/types\/product"}],"wp:featuredmedia":[{"embeddable":true,"href":"https:\/\/kalinkamagazin.com\/es\/wp-json\/wp\/v2\/media\/3161"}],"wp:attachment":[{"href":"https:\/\/kalinkamagazin.com\/es\/wp-json\/wp\/v2\/media?parent=3424"}],"wp:term":[{"taxonomy":"product_brand","embeddable":true,"href":"https:\/\/kalinkamagazin.com\/es\/wp-json\/wp\/v2\/product_brand?post=3424"},{"taxonomy":"product_cat","embeddable":true,"href":"https:\/\/kalinkamagazin.com\/es\/wp-json\/wp\/v2\/product_cat?post=3424"},{"taxonomy":"product_tag","embeddable":true,"href":"https:\/\/kalinkamagazin.com\/es\/wp-json\/wp\/v2\/product_tag?post=3424"}],"curies":[{"name":"wp","href":"https:\/\/api.w.org\/{rel}","templated":true}]}}