{"id":3426,"date":"2026-01-27T20:41:25","date_gmt":"2026-01-27T17:41:25","guid":{"rendered":"https:\/\/kalinkamagazin.com\/product\/7251-condimento-vegetal-con-verduras\/"},"modified":"2026-01-27T20:41:25","modified_gmt":"2026-01-27T17:41:25","slug":"7251-condimento-vegetal-con-verduras","status":"publish","type":"product","link":"https:\/\/kalinkamagazin.com\/es\/product\/7251-condimento-vegetal-con-verduras\/","title":{"rendered":"Condimento vegetal con verduras"},"content":{"rendered":"<p>Ali\u00f1o con verduras. Ingredientes: Sal yodada (sal de calidad alimentaria, yodato de potasio), Verduras deshidratado 15,5% (zanahorias, chiriv\u00eda, Patata, cebollas, <b>Apio, <\/b>Perejil), potenciador del sabor: (glutamato de monosodio, Inosinato dis\u00f3dico), Az\u00facar, especias, almid\u00f3n de ma\u00edz, colorante: E101. Comercializaci\u00f3n: Oaza Sp. Z.o.o., ul. Zacisze 18c, 65-001 Zielona G\u00f3ra, Poland. Consumir preferentemente antes de: ver impresi\u00f3n lateral. Valores energ\u00e9ticos y nutricionales medios por 100g: Fibra: 5,0g.  <!--NWT-Text-->Valores energ\u00e9ticos y nutricionales medios por 100g: Valor energ\u00e9tico: 662 kJ \/ 157 kcal, Grasas: <0,5g, - de las cuales \u00e1cidos grasos saturados: 0,3g, Hidratos de Carbono: 27g, - de los cuales az\u00facares: 22g, Prote\u00ednas: 8,5g, Sal: 56,9g,  <!--NWT-Table--><\/p>\n<table>\n<tbody>\n<tr>\n<td colspan=\"2\">Valores energ\u00e9ticos y nutricionales medios por 100g:<\/td>\n<\/tr>\n<tr>\n<td>Valor energ\u00e9tico:<\/td>\n<td align = \"right\">662 kJ\/157kcal<\/td>\n<\/tr>\n<tr>\n<td>Grasas:<\/td>\n<td align = \"right\"><0,5g<\/td>\n<\/tr>\n<tr>\n<td>- de las cuales \u00e1cidos grasos saturados:<\/td>\n<td align = \"right\">0,3g<\/td>\n<\/tr>\n<tr>\n<td>Hidratos de Carbono:<\/td>\n<td align = \"right\">27g<\/td>\n<\/tr>\n<tr>\n<td>- de los cuales az\u00facares:<\/td>\n<td align = \"right\">22g<\/td>\n<\/tr>\n<tr>\n<td>Prote\u00ednas:<\/td>\n<td align = \"right\">8,5g<\/td>\n<\/tr>\n<tr>\n<td>Sal:<\/td>\n<td align = \"right\">56,9g<\/td>\n<\/tr>\n<\/tbody>\n<\/table>\n<p> <!--Bezeichnung-->Ali\u00f1o con verduras. <\/p>\n","protected":false},"excerpt":{"rendered":"<p>Ali\u00f1o con verduras. Ingredientes: Sal yodada (sal de calidad alimentaria, yodato de potasio), Verduras deshidratado 15,5% (zanahorias, chiriv\u00eda, Patata, cebollas, Apio, Perejil), potenciador del sabor: (glutamato de monosodio, Inosinato dis\u00f3dico), Az\u00facar, especias, almid\u00f3n de ma\u00edz, colorante: E101. Comercializaci\u00f3n: Oaza Sp. Z.o.o., ul. Zacisze 18c, 65-001 Zielona G\u00f3ra, Poland. Consumir preferentemente antes de: ver impresi\u00f3n lateral. [&hellip;]<\/p>\n","protected":false},"featured_media":3188,"template":"","meta":{"inline_featured_image":false},"product_brand":[],"product_cat":[136,137],"product_tag":[],"class_list":{"0":"post-3426","1":"product","2":"type-product","3":"status-publish","4":"has-post-thumbnail","6":"product_cat-masla-sousy-i-pripravy","7":"product_cat-sousy-majonezy-pripravy","9":"first","10":"instock","11":"shipping-taxable","12":"purchasable","13":"product-type-simple"},"acf":[],"_links":{"self":[{"href":"https:\/\/kalinkamagazin.com\/es\/wp-json\/wp\/v2\/product\/3426","targetHints":{"allow":["GET"]}}],"collection":[{"href":"https:\/\/kalinkamagazin.com\/es\/wp-json\/wp\/v2\/product"}],"about":[{"href":"https:\/\/kalinkamagazin.com\/es\/wp-json\/wp\/v2\/types\/product"}],"wp:featuredmedia":[{"embeddable":true,"href":"https:\/\/kalinkamagazin.com\/es\/wp-json\/wp\/v2\/media\/3188"}],"wp:attachment":[{"href":"https:\/\/kalinkamagazin.com\/es\/wp-json\/wp\/v2\/media?parent=3426"}],"wp:term":[{"taxonomy":"product_brand","embeddable":true,"href":"https:\/\/kalinkamagazin.com\/es\/wp-json\/wp\/v2\/product_brand?post=3426"},{"taxonomy":"product_cat","embeddable":true,"href":"https:\/\/kalinkamagazin.com\/es\/wp-json\/wp\/v2\/product_cat?post=3426"},{"taxonomy":"product_tag","embeddable":true,"href":"https:\/\/kalinkamagazin.com\/es\/wp-json\/wp\/v2\/product_tag?post=3426"}],"curies":[{"name":"wp","href":"https:\/\/api.w.org\/{rel}","templated":true}]}}