{"id":3427,"date":"2026-01-27T20:41:31","date_gmt":"2026-01-27T17:41:31","guid":{"rendered":"https:\/\/kalinkamagazin.com\/product\/6630-condimento-universal-sabor-a-primavera\/"},"modified":"2026-01-27T20:41:31","modified_gmt":"2026-01-27T17:41:31","slug":"6630-condimento-universal-sabor-a-primavera","status":"publish","type":"product","link":"https:\/\/kalinkamagazin.com\/es\/product\/6630-condimento-universal-sabor-a-primavera\/","title":{"rendered":"Condimento universal, sabor a primavera"},"content":{"rendered":"<p>Mezcla de especias para sopas y salsas, . La ilustraci\u00f3n indica el sabor. Ingredientes: sal de calidad alimentaria, hortalizas secas en proporci\u00f3n variable 15,5%: (zanahorias, cebollas, chiriv\u00eda, Perejil, Eneldo, <b>Ra\u00edz de apio, <\/b>puerro, Cebollino, col, Perejil tuberoso, Tomates, Ajo, Pimiento rojo), potenciadores del sabor: (E621, E635), Az\u00facar, Almid\u00f3n modificado, Pimienta negra, aceite de colza, colorante: (E101). Este producto puede tener trazas de: <b>huevos, <\/b><b>Leche, <\/b><b>Soja, <\/b><b>mostaza, <\/b><b>cacahuetes. <\/b>Almacenar en un lugar fresco y seco. Sin abrir, consumir preferentemente antes del fin de: ver impresi\u00f3n.  <!--NWT-Text-->Valores energ\u00e9ticos y nutricionales medios por 100g: Valor energ\u00e9tico: 607 kJ \/ 143 kcal, Grasas: <0,5g, - de las cuales \u00e1cidos grasos saturados: <0,1g, Hidratos de Carbono: 25g, - de los cuales az\u00facares: 15g, Prote\u00ednas: 8,3g, Sal: 58,9g,  <!--NWT-Table--><\/p>\n<table>\n<tbody>\n<tr>\n<td colspan=\"2\">Valores energ\u00e9ticos y nutricionales medios por 100g:<\/td>\n<\/tr>\n<tr>\n<td>Valor energ\u00e9tico:<\/td>\n<td align = \"right\">607 kJ\/143kcal<\/td>\n<\/tr>\n<tr>\n<td>Grasas:<\/td>\n<td align = \"right\"><0,5g<\/td>\n<\/tr>\n<tr>\n<td>- de las cuales \u00e1cidos grasos saturados:<\/td>\n<td align = \"right\"><0,1g<\/td>\n<\/tr>\n<tr>\n<td>Hidratos de Carbono:<\/td>\n<td align = \"right\">25g<\/td>\n<\/tr>\n<tr>\n<td>- de los cuales az\u00facares:<\/td>\n<td align = \"right\">15g<\/td>\n<\/tr>\n<tr>\n<td>Prote\u00ednas:<\/td>\n<td align = \"right\">8,3g<\/td>\n<\/tr>\n<tr>\n<td>Sal:<\/td>\n<td align = \"right\">58,9g<\/td>\n<\/tr>\n<\/tbody>\n<\/table>\n<p> <!--Bezeichnung-->Mezcla de especias para sopas y salsas, . <\/p>\n","protected":false},"excerpt":{"rendered":"<p>Mezcla de especias para sopas y salsas, . La ilustraci\u00f3n indica el sabor. Ingredientes: sal de calidad alimentaria, hortalizas secas en proporci\u00f3n variable 15,5%: (zanahorias, cebollas, chiriv\u00eda, Perejil, Eneldo, Ra\u00edz de apio, puerro, Cebollino, col, Perejil tuberoso, Tomates, Ajo, Pimiento rojo), potenciadores del sabor: (E621, E635), Az\u00facar, Almid\u00f3n modificado, Pimienta negra, aceite de colza, colorante: [&hellip;]<\/p>\n","protected":false},"featured_media":3209,"template":"","meta":{"inline_featured_image":false},"product_brand":[],"product_cat":[136,137],"product_tag":[],"class_list":{"0":"post-3427","1":"product","2":"type-product","3":"status-publish","4":"has-post-thumbnail","6":"product_cat-masla-sousy-i-pripravy","7":"product_cat-sousy-majonezy-pripravy","9":"first","10":"instock","11":"shipping-taxable","12":"purchasable","13":"product-type-simple"},"acf":[],"_links":{"self":[{"href":"https:\/\/kalinkamagazin.com\/es\/wp-json\/wp\/v2\/product\/3427","targetHints":{"allow":["GET"]}}],"collection":[{"href":"https:\/\/kalinkamagazin.com\/es\/wp-json\/wp\/v2\/product"}],"about":[{"href":"https:\/\/kalinkamagazin.com\/es\/wp-json\/wp\/v2\/types\/product"}],"wp:featuredmedia":[{"embeddable":true,"href":"https:\/\/kalinkamagazin.com\/es\/wp-json\/wp\/v2\/media\/3209"}],"wp:attachment":[{"href":"https:\/\/kalinkamagazin.com\/es\/wp-json\/wp\/v2\/media?parent=3427"}],"wp:term":[{"taxonomy":"product_brand","embeddable":true,"href":"https:\/\/kalinkamagazin.com\/es\/wp-json\/wp\/v2\/product_brand?post=3427"},{"taxonomy":"product_cat","embeddable":true,"href":"https:\/\/kalinkamagazin.com\/es\/wp-json\/wp\/v2\/product_cat?post=3427"},{"taxonomy":"product_tag","embeddable":true,"href":"https:\/\/kalinkamagazin.com\/es\/wp-json\/wp\/v2\/product_tag?post=3427"}],"curies":[{"name":"wp","href":"https:\/\/api.w.org\/{rel}","templated":true}]}}