{"id":3429,"date":"2026-01-27T20:41:43","date_gmt":"2026-01-27T17:41:43","guid":{"rendered":"https:\/\/kalinkamagazin.com\/product\/7424-pan-de-jengibre-tulsky-con-sabor-a-miel-y-relleno\/"},"modified":"2026-01-27T20:41:43","modified_gmt":"2026-01-27T17:41:43","slug":"7424-pan-de-jengibre-tulsky-con-sabor-a-miel-y-relleno","status":"publish","type":"product","link":"https:\/\/kalinkamagazin.com\/es\/product\/7424-pan-de-jengibre-tulsky-con-sabor-a-miel-y-relleno\/","title":{"rendered":"Pan de jengibre Tulsky con sabor a miel y relleno"},"content":{"rendered":"<p>Dulce de harina con Sabor a miel y Relleno12,6%. . La ilustraci\u00f3n indica el sabor. Ingredientes: <b>harina de trigo, <\/b>Az\u00facar, <b>Leche entera en polvo, <\/b><b>Leche desnatada, <\/b><b>Leche desnatada en polvo, <\/b><b>Mantequilla, <\/b>Grasa de confiter\u00eda: (grasas y aceites vegetales parcialmente hidrogenado: (Palma, almendra de palma, girasol, <b>Soja), <\/b>emulgente: (E471), Antioxidantes: (E304, E307), emulgente: lecitina, <b>(soja)), <\/b>agua, <b>huevo de gallina, <\/b>Grasa de confiter\u00eda: (Grasa de palma parcialmente hidrogenado, emulgente: (lecitina <b>(soja)), <\/b>Antioxidantes: (E300, E307), Miel, gasificante: (E503, E500), aroma, corrector de acidez: (E330). Este producto puede tener trazas de: <b>Leche. <\/b><b>di\u00f3xido de azufre. <\/b>Almacenar en un lugar fresco y seco. Comercializaci\u00f3n: Lackmann Fleisch- und Feinkostfabrik GmbH, Carl Benz Stra\u00dfe 10, 77731 Willst\u00e4tt, Alemania. Sin abrir, consumir preferentemente antes de: ver impresi\u00f3n, segunda l\u00ednea.  <!--NWT-Text-->Valores energ\u00e9ticos y nutricionales medios por 100g: Valor energ\u00e9tico: 1590 kJ \/ 380 kcal, Grasas: 8,0g, - de las cuales \u00e1cidos grasos saturados: 4,5g, Hidratos de Carbono: 69g, - de los cuales az\u00facares: 33g, Prote\u00ednas: 7,0g, Sal: 0,28g,  <!--NWT-Table--><\/p>\n<table>\n<tbody>\n<tr>\n<td colspan=\"2\">Valores energ\u00e9ticos y nutricionales medios por 100g:<\/td>\n<\/tr>\n<tr>\n<td>Valor energ\u00e9tico:<\/td>\n<td align = \"right\">1590 kJ\/380kcal<\/td>\n<\/tr>\n<tr>\n<td>Grasas:<\/td>\n<td align = \"right\">8,0g<\/td>\n<\/tr>\n<tr>\n<td>- de las cuales \u00e1cidos grasos saturados:<\/td>\n<td align = \"right\">4,5g<\/td>\n<\/tr>\n<tr>\n<td>Hidratos de Carbono:<\/td>\n<td align = \"right\">69g<\/td>\n<\/tr>\n<tr>\n<td>- de los cuales az\u00facares:<\/td>\n<td align = \"right\">33g<\/td>\n<\/tr>\n<tr>\n<td>Prote\u00ednas:<\/td>\n<td align = \"right\">7,0g<\/td>\n<\/tr>\n<tr>\n<td>Sal:<\/td>\n<td align = \"right\">0,28g<\/td>\n<\/tr>\n<\/tbody>\n<\/table>\n<p> <!--Bezeichnung-->Dulce de harina con Sabor a miel y Relleno12,6%. . <\/p>\n","protected":false},"excerpt":{"rendered":"<p>Dulce de harina con Sabor a miel y Relleno12,6%. . La ilustraci\u00f3n indica el sabor. Ingredientes: harina de trigo, Az\u00facar, Leche entera en polvo, Leche desnatada, Leche desnatada en polvo, Mantequilla, Grasa de confiter\u00eda: (grasas y aceites vegetales parcialmente hidrogenado: (Palma, almendra de palma, girasol, Soja), emulgente: (E471), Antioxidantes: (E304, E307), emulgente: lecitina, (soja)), agua, [&hellip;]<\/p>\n","protected":false},"featured_media":3215,"template":"","meta":{"inline_featured_image":false},"product_brand":[],"product_cat":[166,164],"product_tag":[],"class_list":{"0":"post-3429","1":"product","2":"type-product","3":"status-publish","4":"has-post-thumbnail","6":"product_cat-pryaniki","7":"product_cat-sladosti-i-vypechka","9":"first","10":"instock","11":"shipping-taxable","12":"purchasable","13":"product-type-simple"},"acf":[],"_links":{"self":[{"href":"https:\/\/kalinkamagazin.com\/es\/wp-json\/wp\/v2\/product\/3429","targetHints":{"allow":["GET"]}}],"collection":[{"href":"https:\/\/kalinkamagazin.com\/es\/wp-json\/wp\/v2\/product"}],"about":[{"href":"https:\/\/kalinkamagazin.com\/es\/wp-json\/wp\/v2\/types\/product"}],"wp:featuredmedia":[{"embeddable":true,"href":"https:\/\/kalinkamagazin.com\/es\/wp-json\/wp\/v2\/media\/3215"}],"wp:attachment":[{"href":"https:\/\/kalinkamagazin.com\/es\/wp-json\/wp\/v2\/media?parent=3429"}],"wp:term":[{"taxonomy":"product_brand","embeddable":true,"href":"https:\/\/kalinkamagazin.com\/es\/wp-json\/wp\/v2\/product_brand?post=3429"},{"taxonomy":"product_cat","embeddable":true,"href":"https:\/\/kalinkamagazin.com\/es\/wp-json\/wp\/v2\/product_cat?post=3429"},{"taxonomy":"product_tag","embeddable":true,"href":"https:\/\/kalinkamagazin.com\/es\/wp-json\/wp\/v2\/product_tag?post=3429"}],"curies":[{"name":"wp","href":"https:\/\/api.w.org\/{rel}","templated":true}]}}