{"id":3431,"date":"2026-01-27T20:41:54","date_gmt":"2026-01-27T17:41:54","guid":{"rendered":"https:\/\/kalinkamagazin.com\/product\/6565-caballa-salada-ahumada-en-fro-destripada\/"},"modified":"2026-03-07T00:17:33","modified_gmt":"2026-03-06T21:17:33","slug":"6565-caballa-salada-ahumada-en-fro-destripada","status":"publish","type":"product","link":"https:\/\/kalinkamagazin.com\/es\/product\/6565-caballa-salada-ahumada-en-fro-destripada\/","title":{"rendered":"Caballa salada, ahumada en fr\u00edo, destripada"},"content":{"rendered":"<p>Caballa (Scomber scombrus), eviscerado, sin cabeza, salado, ahumado en fr\u00edo, ultracongelado. . Despu\u00e9s de descongelar, no volver a congelar. Ingredientes: <b>Caballa, <\/b>sal de calidad alimentaria. Zona de captura: FAO 27, M\u00e9todo de captura: red de arrastre. Despu\u00e9s de descongelar, no volver a congelar. Hecho en: Ucrania. Comercializaci\u00f3n: Lackmann Fleisch- und Feinkostfabrik GmbH, Carl Benz Stra\u00dfe 10, 77731 Willst\u00e4tt, Alemania. A una temperatura de \u2264 -18\u00b0C consumir preferentemente antes de:  <!--NWT-Text-->Valores energ\u00e9ticos y nutricionales medios por 100g: Valor energ\u00e9tico: 613 kJ \/ 146 kcal, Grasas: 6,0g, - de las cuales \u00e1cidos grasos saturados: 1,1g, Hidratos de Carbono: 0g, - de los cuales az\u00facares: 0g, Prote\u00ednas: 23g, Sal: 5,0g,  <!--NWT-Table--><\/p>\n<table>\n<tbody>\n<tr>\n<td colspan=\"2\">Valores energ\u00e9ticos y nutricionales medios por 100g:<\/td>\n<\/tr>\n<tr>\n<td>Valor energ\u00e9tico:<\/td>\n<td align = \"right\">613 kJ\/146kcal<\/td>\n<\/tr>\n<tr>\n<td>Grasas:<\/td>\n<td align = \"right\">6,0g<\/td>\n<\/tr>\n<tr>\n<td>- de las cuales \u00e1cidos grasos saturados:<\/td>\n<td align = \"right\">1,1g<\/td>\n<\/tr>\n<tr>\n<td>Hidratos de Carbono:<\/td>\n<td align = \"right\">0g<\/td>\n<\/tr>\n<tr>\n<td>- de los cuales az\u00facares:<\/td>\n<td align = \"right\">0g<\/td>\n<\/tr>\n<tr>\n<td>Prote\u00ednas:<\/td>\n<td align = \"right\">23g<\/td>\n<\/tr>\n<tr>\n<td>Sal:<\/td>\n<td align = \"right\">5,0g<\/td>\n<\/tr>\n<\/tbody>\n<\/table>\n<p> <!--Bezeichnung-->Caballa (Scomber scombrus), eviscerado, sin cabeza, salado, ahumado en fr\u00edo, ultracongelado. . <\/p>\n","protected":false},"excerpt":{"rendered":"<p>Caballa (Scomber scombrus), eviscerado, sin cabeza, salado, ahumado en fr\u00edo, ultracongelado. . Despu\u00e9s de descongelar, no volver a congelar. Ingredientes: Caballa, sal de calidad alimentaria. Zona de captura: FAO 27, M\u00e9todo de captura: red de arrastre. Despu\u00e9s de descongelar, no volver a congelar. Hecho en: Ucrania. Comercializaci\u00f3n: Lackmann Fleisch- und Feinkostfabrik GmbH, Carl Benz Stra\u00dfe [&hellip;]<\/p>\n","protected":false},"featured_media":3260,"template":"","meta":{"inline_featured_image":false},"product_brand":[],"product_cat":[233,114,113],"product_tag":[],"class_list":{"0":"post-3431","1":"product","2":"type-product","3":"status-publish","4":"has-post-thumbnail","6":"product_cat-pescado","7":"product_cat-ryba","8":"product_cat-ryba-i-rybnye-produkty","10":"first","11":"instock","12":"shipping-taxable","13":"purchasable","14":"product-type-simple"},"acf":[],"_links":{"self":[{"href":"https:\/\/kalinkamagazin.com\/es\/wp-json\/wp\/v2\/product\/3431","targetHints":{"allow":["GET"]}}],"collection":[{"href":"https:\/\/kalinkamagazin.com\/es\/wp-json\/wp\/v2\/product"}],"about":[{"href":"https:\/\/kalinkamagazin.com\/es\/wp-json\/wp\/v2\/types\/product"}],"wp:featuredmedia":[{"embeddable":true,"href":"https:\/\/kalinkamagazin.com\/es\/wp-json\/wp\/v2\/media\/3260"}],"wp:attachment":[{"href":"https:\/\/kalinkamagazin.com\/es\/wp-json\/wp\/v2\/media?parent=3431"}],"wp:term":[{"taxonomy":"product_brand","embeddable":true,"href":"https:\/\/kalinkamagazin.com\/es\/wp-json\/wp\/v2\/product_brand?post=3431"},{"taxonomy":"product_cat","embeddable":true,"href":"https:\/\/kalinkamagazin.com\/es\/wp-json\/wp\/v2\/product_cat?post=3431"},{"taxonomy":"product_tag","embeddable":true,"href":"https:\/\/kalinkamagazin.com\/es\/wp-json\/wp\/v2\/product_tag?post=3431"}],"curies":[{"name":"wp","href":"https:\/\/api.w.org\/{rel}","templated":true}]}}