{"id":3432,"date":"2026-01-27T20:42:00","date_gmt":"2026-01-27T17:42:00","guid":{"rendered":"https:\/\/kalinkamagazin.com\/product\/7138-bicarbonato-de-sodio\/"},"modified":"2026-01-27T20:42:00","modified_gmt":"2026-01-27T17:42:00","slug":"7138-bicarbonato-de-sodio","status":"publish","type":"product","link":"https:\/\/kalinkamagazin.com\/es\/product\/7138-bicarbonato-de-sodio\/","title":{"rendered":"Bicarbonato de sodio"},"content":{"rendered":"<p>Levadura en polvo . bicarbonato s\u00f3dico, E500. Destinado a la alimentaci\u00f3n. Este producto puede tener trazas de: <b>Gluten. <\/b>Lugar de procedencia: Turqu\u00eda. Almacenar en un lugar fresco y seco. Comercializaci\u00f3n: Lackmann Fleisch- und Feinkostfabrik GmbH, Carl Benz Stra\u00dfe 10, 77731 Willst\u00e4tt, Alemania. Consumir preferentemente antes de: ver impresi\u00f3n lateral, segunda indicaci\u00f3n.  <!--NWT-Text--> <!--NWT-Table--> <!--Bezeichnung-->Levadura en polvo . <\/p>\n","protected":false},"excerpt":{"rendered":"<p>Levadura en polvo . bicarbonato s\u00f3dico, E500. Destinado a la alimentaci\u00f3n. Este producto puede tener trazas de: Gluten. Lugar de procedencia: Turqu\u00eda. Almacenar en un lugar fresco y seco. Comercializaci\u00f3n: Lackmann Fleisch- und Feinkostfabrik GmbH, Carl Benz Stra\u00dfe 10, 77731 Willst\u00e4tt, Alemania. Consumir preferentemente antes de: ver impresi\u00f3n lateral, segunda indicaci\u00f3n. Levadura en polvo .<\/p>\n","protected":false},"featured_media":3275,"template":"","meta":{"inline_featured_image":false},"product_brand":[],"product_cat":[215,136,137],"product_tag":[],"class_list":{"0":"post-3432","1":"product","2":"type-product","3":"status-publish","4":"has-post-thumbnail","6":"product_cat-salsas-mayonesas-condimentos","7":"product_cat-masla-sousy-i-pripravy","8":"product_cat-sousy-majonezy-pripravy","10":"first","11":"instock","12":"shipping-taxable","13":"purchasable","14":"product-type-simple"},"acf":[],"_links":{"self":[{"href":"https:\/\/kalinkamagazin.com\/es\/wp-json\/wp\/v2\/product\/3432","targetHints":{"allow":["GET"]}}],"collection":[{"href":"https:\/\/kalinkamagazin.com\/es\/wp-json\/wp\/v2\/product"}],"about":[{"href":"https:\/\/kalinkamagazin.com\/es\/wp-json\/wp\/v2\/types\/product"}],"wp:featuredmedia":[{"embeddable":true,"href":"https:\/\/kalinkamagazin.com\/es\/wp-json\/wp\/v2\/media\/3275"}],"wp:attachment":[{"href":"https:\/\/kalinkamagazin.com\/es\/wp-json\/wp\/v2\/media?parent=3432"}],"wp:term":[{"taxonomy":"product_brand","embeddable":true,"href":"https:\/\/kalinkamagazin.com\/es\/wp-json\/wp\/v2\/product_brand?post=3432"},{"taxonomy":"product_cat","embeddable":true,"href":"https:\/\/kalinkamagazin.com\/es\/wp-json\/wp\/v2\/product_cat?post=3432"},{"taxonomy":"product_tag","embeddable":true,"href":"https:\/\/kalinkamagazin.com\/es\/wp-json\/wp\/v2\/product_tag?post=3432"}],"curies":[{"name":"wp","href":"https:\/\/api.w.org\/{rel}","templated":true}]}}