{"id":3433,"date":"2026-01-27T20:42:05","date_gmt":"2026-01-27T17:42:05","guid":{"rendered":"https:\/\/kalinkamagazin.com\/product\/7043-salsa-shashlik\/"},"modified":"2026-01-27T20:42:05","modified_gmt":"2026-01-27T17:42:05","slug":"7043-salsa-shashlik","status":"publish","type":"product","link":"https:\/\/kalinkamagazin.com\/es\/product\/7043-salsa-shashlik\/","title":{"rendered":"Salsa shashlik"},"content":{"rendered":"<p>Salsa condimentada. . 260 ml. La imagen muestra una sugerencia de presentaci\u00f3n.. Ingredientes: agua, Concentrado de tomate, Az\u00facar, espesantes: (E1422), sal de calidad alimentaria, deshidratado Verduras: (Ajo, cebollas, verde Pimiento, Piment\u00f3n, Cilantro, cebollas, Eneldo), correctores de acidez: (E260, E270), antioxidantes: \u00e1cido asc\u00f3rbico, conservantes: (E202, E211). Almacenar en un lugar fresco y seco. Consumir preferentemente antes de: ver m\u00e1s arriba, segunda l\u00ednea. Comercializaci\u00f3n: Lackmann Fleisch- und Feinkostfabrik GmbH, Carl Benz Stra\u00dfe 10, 77731 Willst\u00e4tt, Alemania.  <!--NWT-Text-->Valores energ\u00e9ticos y nutricionales medios por 100g: Valor energ\u00e9tico: 362 kJ \/ 85 kcal, Grasas: 0g, - de las cuales \u00e1cidos grasos saturados: 0g, Hidratos de Carbono: 20g, - de los cuales az\u00facares: 18g, Prote\u00ednas: 1,4g, Sal: 2,0g,  <!--NWT-Table--><\/p>\n<table>\n<tbody>\n<tr>\n<td colspan=\"2\">Valores energ\u00e9ticos y nutricionales medios por 100g:<\/td>\n<\/tr>\n<tr>\n<td>Valor energ\u00e9tico:<\/td>\n<td align = \"right\">362 kJ\/85kcal<\/td>\n<\/tr>\n<tr>\n<td>Grasas:<\/td>\n<td align = \"right\">0g<\/td>\n<\/tr>\n<tr>\n<td>- de las cuales \u00e1cidos grasos saturados:<\/td>\n<td align = \"right\">0g<\/td>\n<\/tr>\n<tr>\n<td>Hidratos de Carbono:<\/td>\n<td align = \"right\">20g<\/td>\n<\/tr>\n<tr>\n<td>- de los cuales az\u00facares:<\/td>\n<td align = \"right\">18g<\/td>\n<\/tr>\n<tr>\n<td>Prote\u00ednas:<\/td>\n<td align = \"right\">1,4g<\/td>\n<\/tr>\n<tr>\n<td>Sal:<\/td>\n<td align = \"right\">2,0g<\/td>\n<\/tr>\n<\/tbody>\n<\/table>\n<p> <!--Bezeichnung-->Salsa condimentada. . <\/p>\n","protected":false},"excerpt":{"rendered":"<p>Salsa condimentada. . 260 ml. La imagen muestra una sugerencia de presentaci\u00f3n.. Ingredientes: agua, Concentrado de tomate, Az\u00facar, espesantes: (E1422), sal de calidad alimentaria, deshidratado Verduras: (Ajo, cebollas, verde Pimiento, Piment\u00f3n, Cilantro, cebollas, Eneldo), correctores de acidez: (E260, E270), antioxidantes: \u00e1cido asc\u00f3rbico, conservantes: (E202, E211). Almacenar en un lugar fresco y seco. Consumir preferentemente antes [&hellip;]<\/p>\n","protected":false},"featured_media":3278,"template":"","meta":{"inline_featured_image":false},"product_brand":[],"product_cat":[136,137],"product_tag":[],"class_list":{"0":"post-3433","1":"product","2":"type-product","3":"status-publish","4":"has-post-thumbnail","6":"product_cat-masla-sousy-i-pripravy","7":"product_cat-sousy-majonezy-pripravy","9":"first","10":"instock","11":"shipping-taxable","12":"purchasable","13":"product-type-simple"},"acf":[],"_links":{"self":[{"href":"https:\/\/kalinkamagazin.com\/es\/wp-json\/wp\/v2\/product\/3433","targetHints":{"allow":["GET"]}}],"collection":[{"href":"https:\/\/kalinkamagazin.com\/es\/wp-json\/wp\/v2\/product"}],"about":[{"href":"https:\/\/kalinkamagazin.com\/es\/wp-json\/wp\/v2\/types\/product"}],"wp:featuredmedia":[{"embeddable":true,"href":"https:\/\/kalinkamagazin.com\/es\/wp-json\/wp\/v2\/media\/3278"}],"wp:attachment":[{"href":"https:\/\/kalinkamagazin.com\/es\/wp-json\/wp\/v2\/media?parent=3433"}],"wp:term":[{"taxonomy":"product_brand","embeddable":true,"href":"https:\/\/kalinkamagazin.com\/es\/wp-json\/wp\/v2\/product_brand?post=3433"},{"taxonomy":"product_cat","embeddable":true,"href":"https:\/\/kalinkamagazin.com\/es\/wp-json\/wp\/v2\/product_cat?post=3433"},{"taxonomy":"product_tag","embeddable":true,"href":"https:\/\/kalinkamagazin.com\/es\/wp-json\/wp\/v2\/product_tag?post=3433"}],"curies":[{"name":"wp","href":"https:\/\/api.w.org\/{rel}","templated":true}]}}