{"id":3435,"date":"2026-01-27T20:42:17","date_gmt":"2026-01-27T17:42:17","guid":{"rendered":"https:\/\/kalinkamagazin.com\/product\/7421-salsa-de-rbano-picante\/"},"modified":"2026-01-27T20:42:17","modified_gmt":"2026-01-27T17:42:17","slug":"7421-salsa-de-rbano-picante","status":"publish","type":"product","link":"https:\/\/kalinkamagazin.com\/es\/product\/7421-salsa-de-rbano-picante\/","title":{"rendered":"Salsa de r\u00e1bano picante"},"content":{"rendered":"<p>Salsa de r\u00e1bano picante. . 135 ml. Ingredientes: Ra\u00edz del r\u00e1bano picante 50%, agua potable, aceite de girasol, Az\u00facar, sal de calidad alimentaria, corrector de acidez: (E260), conservante: <b>(metabisulfito s\u00f3dico). <\/b>Almacenar en un lugar fresco y seco. Proteger de la radiaci\u00f3n solar directa. Una vez abierto, conservar en la nevera y consumir en un m\u00e1ximo de 30 d\u00edas., Sin abrir, consumir preferentemente antes de: ver impresi\u00f3n segunda l\u00ednea. Comercializaci\u00f3n: Lackmann Fleisch- und Feinkostfabrik GmbH, Carl Benz Stra\u00dfe 10, 77731 Willst\u00e4tt, Alemania.  <!--NWT-Text-->Valores energ\u00e9ticos y nutricionales medios por 100g: Valor energ\u00e9tico: 213 kJ \/ 51 kcal, Grasas: 2,5g, - de las cuales \u00e1cidos grasos saturados: 0,2g, Hidratos de Carbono: 4,6g, - de los cuales az\u00facares: 3,9g, Prote\u00ednas: 2,5g, Sal: 1,9g,  <!--NWT-Table--><\/p>\n<table>\n<tbody>\n<tr>\n<td colspan=\"2\">Valores energ\u00e9ticos y nutricionales medios por 100g:<\/td>\n<\/tr>\n<tr>\n<td>Valor energ\u00e9tico:<\/td>\n<td align = \"right\">213 kJ\/51kcal<\/td>\n<\/tr>\n<tr>\n<td>Grasas:<\/td>\n<td align = \"right\">2,5g<\/td>\n<\/tr>\n<tr>\n<td>- de las cuales \u00e1cidos grasos saturados:<\/td>\n<td align = \"right\">0,2g<\/td>\n<\/tr>\n<tr>\n<td>Hidratos de Carbono:<\/td>\n<td align = \"right\">4,6g<\/td>\n<\/tr>\n<tr>\n<td>- de los cuales az\u00facares:<\/td>\n<td align = \"right\">3,9g<\/td>\n<\/tr>\n<tr>\n<td>Prote\u00ednas:<\/td>\n<td align = \"right\">2,5g<\/td>\n<\/tr>\n<tr>\n<td>Sal:<\/td>\n<td align = \"right\">1,9g<\/td>\n<\/tr>\n<\/tbody>\n<\/table>\n<p> <!--Bezeichnung-->Salsa de r\u00e1bano picante. . <\/p>\n","protected":false},"excerpt":{"rendered":"<p>Salsa de r\u00e1bano picante. . 135 ml. Ingredientes: Ra\u00edz del r\u00e1bano picante 50%, agua potable, aceite de girasol, Az\u00facar, sal de calidad alimentaria, corrector de acidez: (E260), conservante: (metabisulfito s\u00f3dico). Almacenar en un lugar fresco y seco. Proteger de la radiaci\u00f3n solar directa. Una vez abierto, conservar en la nevera y consumir en un m\u00e1ximo [&hellip;]<\/p>\n","protected":false},"featured_media":3284,"template":"","meta":{"inline_featured_image":false},"product_brand":[],"product_cat":[136,137],"product_tag":[],"class_list":{"0":"post-3435","1":"product","2":"type-product","3":"status-publish","4":"has-post-thumbnail","6":"product_cat-masla-sousy-i-pripravy","7":"product_cat-sousy-majonezy-pripravy","9":"first","10":"instock","11":"shipping-taxable","12":"purchasable","13":"product-type-simple"},"acf":[],"_links":{"self":[{"href":"https:\/\/kalinkamagazin.com\/es\/wp-json\/wp\/v2\/product\/3435","targetHints":{"allow":["GET"]}}],"collection":[{"href":"https:\/\/kalinkamagazin.com\/es\/wp-json\/wp\/v2\/product"}],"about":[{"href":"https:\/\/kalinkamagazin.com\/es\/wp-json\/wp\/v2\/types\/product"}],"wp:featuredmedia":[{"embeddable":true,"href":"https:\/\/kalinkamagazin.com\/es\/wp-json\/wp\/v2\/media\/3284"}],"wp:attachment":[{"href":"https:\/\/kalinkamagazin.com\/es\/wp-json\/wp\/v2\/media?parent=3435"}],"wp:term":[{"taxonomy":"product_brand","embeddable":true,"href":"https:\/\/kalinkamagazin.com\/es\/wp-json\/wp\/v2\/product_brand?post=3435"},{"taxonomy":"product_cat","embeddable":true,"href":"https:\/\/kalinkamagazin.com\/es\/wp-json\/wp\/v2\/product_cat?post=3435"},{"taxonomy":"product_tag","embeddable":true,"href":"https:\/\/kalinkamagazin.com\/es\/wp-json\/wp\/v2\/product_tag?post=3435"}],"curies":[{"name":"wp","href":"https:\/\/api.w.org\/{rel}","templated":true}]}}