{"id":3437,"date":"2026-01-27T20:42:29","date_gmt":"2026-01-27T17:42:29","guid":{"rendered":"https:\/\/kalinkamagazin.com\/product\/8737-queso-fundido-50-grasa\/"},"modified":"2026-01-27T20:42:29","modified_gmt":"2026-01-27T17:42:29","slug":"8737-queso-fundido-50-grasa","status":"publish","type":"product","link":"https:\/\/kalinkamagazin.com\/es\/product\/8737-queso-fundido-50-grasa\/","title":{"rendered":"Queso fundido, 50% grasa"},"content":{"rendered":"<p>Preparaci\u00f3n de queso para untar. . 50% grasa en el extracto seca Ingredientes: <b>Queso 35%, <\/b>agua, <b>Mantequilla <\/b>23%, <b>Producto a base de suero de leche, <\/b>Almid\u00f3n de patata, sales emulsionantes: (E452, E339), Consumir preferentemente antes de: A +2 \u00b0C - +6 \u00b0C consumir preferentemente antes de: ver impresi\u00f3n.  <!--NWT-Text-->Valores energ\u00e9ticos y nutricionales medios por 100g: Valor energ\u00e9tico: 1206 kJ \/ 291 kcal, Grasas: 24g, - de las cuales \u00e1cidos grasos saturados: 17g, Hidratos de Carbono: 9,8g, - de los cuales az\u00facares: 6,6g, Prote\u00ednas: 8,9g, Sal: 1,9g,  <!--NWT-Table--><\/p>\n<table>\n<tbody>\n<tr>\n<td colspan=\"2\">Valores energ\u00e9ticos y nutricionales medios por 100g:<\/td>\n<\/tr>\n<tr>\n<td>Valor energ\u00e9tico:<\/td>\n<td align = \"right\">1206 kJ\/291kcal<\/td>\n<\/tr>\n<tr>\n<td>Grasas:<\/td>\n<td align = \"right\">24g<\/td>\n<\/tr>\n<tr>\n<td>- de las cuales \u00e1cidos grasos saturados:<\/td>\n<td align = \"right\">17g<\/td>\n<\/tr>\n<tr>\n<td>Hidratos de Carbono:<\/td>\n<td align = \"right\">9,8g<\/td>\n<\/tr>\n<tr>\n<td>- de los cuales az\u00facares:<\/td>\n<td align = \"right\">6,6g<\/td>\n<\/tr>\n<tr>\n<td>Prote\u00ednas:<\/td>\n<td align = \"right\">8,9g<\/td>\n<\/tr>\n<tr>\n<td>Sal:<\/td>\n<td align = \"right\">1,9g<\/td>\n<\/tr>\n<\/tbody>\n<\/table>\n<p> <!--Bezeichnung-->Preparaci\u00f3n de queso para untar. . <\/p>\n","protected":false},"excerpt":{"rendered":"<p>Preparaci\u00f3n de queso para untar. . 50% grasa en el extracto seca Ingredientes: Queso 35%, agua, Mantequilla 23%, Producto a base de suero de leche, Almid\u00f3n de patata, sales emulsionantes: (E452, E339), Consumir preferentemente antes de: A +2 \u00b0C - +6 \u00b0C consumir preferentemente antes de: ver impresi\u00f3n. Valores energ\u00e9ticos y nutricionales medios por 100g: [&hellip;]<\/p>\n","protected":false},"featured_media":3308,"template":"","meta":{"inline_featured_image":false},"product_brand":[],"product_cat":[121,119],"product_tag":[],"class_list":{"0":"post-3437","1":"product","2":"type-product","3":"status-publish","4":"has-post-thumbnail","6":"product_cat-kislomolochnye-produkty","7":"product_cat-molochnye-produkty","9":"first","10":"instock","11":"shipping-taxable","12":"purchasable","13":"product-type-simple"},"acf":[],"_links":{"self":[{"href":"https:\/\/kalinkamagazin.com\/es\/wp-json\/wp\/v2\/product\/3437","targetHints":{"allow":["GET"]}}],"collection":[{"href":"https:\/\/kalinkamagazin.com\/es\/wp-json\/wp\/v2\/product"}],"about":[{"href":"https:\/\/kalinkamagazin.com\/es\/wp-json\/wp\/v2\/types\/product"}],"wp:featuredmedia":[{"embeddable":true,"href":"https:\/\/kalinkamagazin.com\/es\/wp-json\/wp\/v2\/media\/3308"}],"wp:attachment":[{"href":"https:\/\/kalinkamagazin.com\/es\/wp-json\/wp\/v2\/media?parent=3437"}],"wp:term":[{"taxonomy":"product_brand","embeddable":true,"href":"https:\/\/kalinkamagazin.com\/es\/wp-json\/wp\/v2\/product_brand?post=3437"},{"taxonomy":"product_cat","embeddable":true,"href":"https:\/\/kalinkamagazin.com\/es\/wp-json\/wp\/v2\/product_cat?post=3437"},{"taxonomy":"product_tag","embeddable":true,"href":"https:\/\/kalinkamagazin.com\/es\/wp-json\/wp\/v2\/product_tag?post=3437"}],"curies":[{"name":"wp","href":"https:\/\/api.w.org\/{rel}","templated":true}]}}