{"id":3438,"date":"2026-01-27T20:42:35","date_gmt":"2026-01-27T17:42:35","guid":{"rendered":"https:\/\/kalinkamagazin.com\/product\/6409-pastel-kyiv-v\/"},"modified":"2026-01-27T20:42:35","modified_gmt":"2026-01-27T17:42:35","slug":"6409-pastel-kyiv-v","status":"publish","type":"product","link":"https:\/\/kalinkamagazin.com\/es\/product\/6409-pastel-kyiv-v\/","title":{"rendered":"Pastel Kyiv-V"},"content":{"rendered":"<p>tarta en capas, con relleno de malvavisco 11% & cacahuetes 5,5%, ultracongelado. . Ingredientes: <b>leche condensada azucarada caramelizada <\/b><b>(Leche desnatada, <\/b>Az\u00facar, <b>Nata, <\/b><b>Lactosa), <\/b>Az\u00facar, <b>Huevo, <\/b><b>harina de trigo, <\/b>grasas y aceites vegetales parcialmente hidrogenado en proporci\u00f3n variable (girasol, Palma), <b>cacahuetes, <\/b><b>Producto a base de suero de leche, <\/b><b>Grasa l\u00e1ctea, <\/b>agua, Almid\u00f3n de patata, emulgentes: E471, E322 <b>(Soja), <\/b>E475, conservantes: E202, E211, E200, Antioxidantes: E320, E321, colorante: E160a, soporte alimentario: E1520, aromas. Puede contener: <b>mostaza, <\/b><b>S\u00e9samo. <\/b>Comercializaci\u00f3n: Lackmann Fleisch- und Feinkostfabrik GmbH, Carl Benz Stra\u00dfe 10, 77731 Willst\u00e4tt, Alemania. Despu\u00e9s de descongelar, no volver a congelar. A una temperatura de \u2264 -18\u00b0C consumir preferentemente antes de: n\u00famero de lote:  <!--NWT-Text-->Valores energ\u00e9ticos y nutricionales medios por 100g: Valor energ\u00e9tico: 1645 kJ \/ 392 kcal, Grasas: 26g, - de las cuales \u00e1cidos grasos saturados: 11g, Hidratos de Carbono: 34g, - de los cuales az\u00facares: 26g, Prote\u00ednas: 4,8g, Sal: 0,20g,  <!--NWT-Table--><\/p>\n<table>\n<tbody>\n<tr>\n<td colspan=\"2\">Valores energ\u00e9ticos y nutricionales medios por 100g:<\/td>\n<\/tr>\n<tr>\n<td>Valor energ\u00e9tico:<\/td>\n<td align = \"right\">1645 kJ\/392kcal<\/td>\n<\/tr>\n<tr>\n<td>Grasas:<\/td>\n<td align = \"right\">26g<\/td>\n<\/tr>\n<tr>\n<td>- de las cuales \u00e1cidos grasos saturados:<\/td>\n<td align = \"right\">11g<\/td>\n<\/tr>\n<tr>\n<td>Hidratos de Carbono:<\/td>\n<td align = \"right\">34g<\/td>\n<\/tr>\n<tr>\n<td>- de los cuales az\u00facares:<\/td>\n<td align = \"right\">26g<\/td>\n<\/tr>\n<tr>\n<td>Prote\u00ednas:<\/td>\n<td align = \"right\">4,8g<\/td>\n<\/tr>\n<tr>\n<td>Sal:<\/td>\n<td align = \"right\">0,20g<\/td>\n<\/tr>\n<\/tbody>\n<\/table>\n<p> <!--Bezeichnung-->tarta en capas, con relleno de malvavisco 11% & cacahuetes 5,5%, ultracongelado. . <\/p>\n","protected":false},"excerpt":{"rendered":"<p>tarta en capas, con relleno de malvavisco 11% &#038; cacahuetes 5,5%, ultracongelado. . Ingredientes: leche condensada azucarada caramelizada (Leche desnatada, Az\u00facar, Nata, Lactosa), Az\u00facar, Huevo, harina de trigo, grasas y aceites vegetales parcialmente hidrogenado en proporci\u00f3n variable (girasol, Palma), cacahuetes, Producto a base de suero de leche, Grasa l\u00e1ctea, agua, Almid\u00f3n de patata, emulgentes: E471, [&hellip;]<\/p>\n","protected":false},"featured_media":3327,"template":"","meta":{"inline_featured_image":false},"product_brand":[],"product_cat":[174],"product_tag":[],"class_list":{"0":"post-3438","1":"product","2":"type-product","3":"status-publish","4":"has-post-thumbnail","6":"product_cat-konfety","8":"first","9":"instock","10":"shipping-taxable","11":"purchasable","12":"product-type-simple"},"acf":[],"_links":{"self":[{"href":"https:\/\/kalinkamagazin.com\/es\/wp-json\/wp\/v2\/product\/3438","targetHints":{"allow":["GET"]}}],"collection":[{"href":"https:\/\/kalinkamagazin.com\/es\/wp-json\/wp\/v2\/product"}],"about":[{"href":"https:\/\/kalinkamagazin.com\/es\/wp-json\/wp\/v2\/types\/product"}],"wp:featuredmedia":[{"embeddable":true,"href":"https:\/\/kalinkamagazin.com\/es\/wp-json\/wp\/v2\/media\/3327"}],"wp:attachment":[{"href":"https:\/\/kalinkamagazin.com\/es\/wp-json\/wp\/v2\/media?parent=3438"}],"wp:term":[{"taxonomy":"product_brand","embeddable":true,"href":"https:\/\/kalinkamagazin.com\/es\/wp-json\/wp\/v2\/product_brand?post=3438"},{"taxonomy":"product_cat","embeddable":true,"href":"https:\/\/kalinkamagazin.com\/es\/wp-json\/wp\/v2\/product_cat?post=3438"},{"taxonomy":"product_tag","embeddable":true,"href":"https:\/\/kalinkamagazin.com\/es\/wp-json\/wp\/v2\/product_tag?post=3438"}],"curies":[{"name":"wp","href":"https:\/\/api.w.org\/{rel}","templated":true}]}}