{"id":3439,"date":"2026-01-27T20:42:42","date_gmt":"2026-01-27T17:42:42","guid":{"rendered":"https:\/\/kalinkamagazin.com\/product\/6790-pastel-medovik-con-caramelo\/"},"modified":"2026-01-27T20:42:42","modified_gmt":"2026-01-27T17:42:42","slug":"6790-pastel-medovik-con-caramelo","status":"publish","type":"product","link":"https:\/\/kalinkamagazin.com\/es\/product\/6790-pastel-medovik-con-caramelo\/","title":{"rendered":"Pastel Medovik con caramelo"},"content":{"rendered":"<p>Tarta en capas con sabor a miel y con relleno de crema (50%), con relleno de crema de caramelo (Caramelo 13%), ultracongelado.. Ingredientes: Relleno (Az\u00facar caramelizado, agua potable, <b>Leche desnatada en polvo, <\/b>Grasa de palma, Jarabe de glucosa, espesantes: (cloruro c\u00e1lcio, carrageenanos, pectinas), almid\u00f3n de ma\u00edz, aroma, estabilizador: Enzima, conservante: \u00e1cido s\u00f3rbico), <b>harina de trigo, <\/b>Az\u00facar glaseado, <b>Crema agria <\/b><b>(Nata, <\/b>Almid\u00f3n de patata, Cultivos de bacterias \u00e1cido l\u00e1cticas), grasas y aceites vegetales en proporci\u00f3n variable parcialmente hidrogenado (Palma, Colza, girasol, coco), <b>Mantequilla, <\/b>agua potable, <b>yogurt de leche desnatada, <\/b><b>Suero de leche, <\/b><b>Huevo, <\/b>Sal, Miel 3%, <b>Nuez <\/b>2%, <b>leche condensada azucarada <\/b><b>(Leche entera, <\/b>Az\u00facar, <b>Lactosa), <\/b>emulgentes: (monoglic\u00e9ridos y diacilglic\u00e9ridos de \u00e1cidos grasos, \u00e9steres poliglic\u00e9ricos de \u00e1cidos grasos), conservante: (sorbato pot\u00e1sico), colorante: (Betacaroteno), corrector de acidez: (\u00c1cido c\u00edtrico), aroma, gasificante: (Bicarbonato de sodio), Jarabe de az\u00facar invertido, Az\u00facar, Az\u00facar caramelizado, Jarabe de glucosa, aroma. A una temperatura de \u2264 -18\u00b0C consumir preferentemente antes de: Ver fecha en el lateral (equivale a n\u00famero de lote). Despu\u00e9s de descongelar, no volver a congelar. Una vez descongelado el producto, se puede conservar a un m\u00e1ximo de 1-8 \u00b0C hasta 7 d\u00edas. Comercializaci\u00f3n: Lackmann Fleisch- und Feinkostfabrik GmbH, Carl Benz Stra\u00dfe 10, 77731 Willst\u00e4tt, Alemania.  <!--NWT-Text-->Valores energ\u00e9ticos y nutricionales medios por 100g: Valor energ\u00e9tico: 1620 kJ \/ 388 kcal, Grasas: 19g, - de las cuales \u00e1cidos grasos saturados: 11g, Hidratos de Carbono: 48g, - de los cuales az\u00facares: 25g, Prote\u00ednas: 6,6g, Sal: 0,60g,  <!--NWT-Table--><\/p>\n<table>\n<tbody>\n<tr>\n<td colspan=\"2\">Valores energ\u00e9ticos y nutricionales medios por 100g:<\/td>\n<\/tr>\n<tr>\n<td>Valor energ\u00e9tico:<\/td>\n<td align = \"right\">1620 kJ\/388kcal<\/td>\n<\/tr>\n<tr>\n<td>Grasas:<\/td>\n<td align = \"right\">19g<\/td>\n<\/tr>\n<tr>\n<td>- de las cuales \u00e1cidos grasos saturados:<\/td>\n<td align = \"right\">11g<\/td>\n<\/tr>\n<tr>\n<td>Hidratos de Carbono:<\/td>\n<td align = \"right\">48g<\/td>\n<\/tr>\n<tr>\n<td>- de los cuales az\u00facares:<\/td>\n<td align = \"right\">25g<\/td>\n<\/tr>\n<tr>\n<td>Prote\u00ednas:<\/td>\n<td align = \"right\">6,6g<\/td>\n<\/tr>\n<tr>\n<td>Sal:<\/td>\n<td align = \"right\">0,60g<\/td>\n<\/tr>\n<\/tbody>\n<\/table>\n<p> <!--Bezeichnung-->Tarta en capas con sabor a miel y con relleno de crema (50%), con relleno de crema de caramelo (Caramelo 13%), ultracongelado.. <\/p>\n","protected":false},"excerpt":{"rendered":"<p>Tarta en capas con sabor a miel y con relleno de crema (50%), con relleno de crema de caramelo (Caramelo 13%), ultracongelado.. Ingredientes: Relleno (Az\u00facar caramelizado, agua potable, Leche desnatada en polvo, Grasa de palma, Jarabe de glucosa, espesantes: (cloruro c\u00e1lcio, carrageenanos, pectinas), almid\u00f3n de ma\u00edz, aroma, estabilizador: Enzima, conservante: \u00e1cido s\u00f3rbico), harina de trigo, [&hellip;]<\/p>\n","protected":false},"featured_media":3330,"template":"","meta":{"inline_featured_image":false},"product_brand":[],"product_cat":[164,168],"product_tag":[],"class_list":{"0":"post-3439","1":"product","2":"type-product","3":"status-publish","4":"has-post-thumbnail","6":"product_cat-sladosti-i-vypechka","7":"product_cat-torty","9":"first","10":"instock","11":"shipping-taxable","12":"purchasable","13":"product-type-simple"},"acf":[],"_links":{"self":[{"href":"https:\/\/kalinkamagazin.com\/es\/wp-json\/wp\/v2\/product\/3439","targetHints":{"allow":["GET"]}}],"collection":[{"href":"https:\/\/kalinkamagazin.com\/es\/wp-json\/wp\/v2\/product"}],"about":[{"href":"https:\/\/kalinkamagazin.com\/es\/wp-json\/wp\/v2\/types\/product"}],"wp:featuredmedia":[{"embeddable":true,"href":"https:\/\/kalinkamagazin.com\/es\/wp-json\/wp\/v2\/media\/3330"}],"wp:attachment":[{"href":"https:\/\/kalinkamagazin.com\/es\/wp-json\/wp\/v2\/media?parent=3439"}],"wp:term":[{"taxonomy":"product_brand","embeddable":true,"href":"https:\/\/kalinkamagazin.com\/es\/wp-json\/wp\/v2\/product_brand?post=3439"},{"taxonomy":"product_cat","embeddable":true,"href":"https:\/\/kalinkamagazin.com\/es\/wp-json\/wp\/v2\/product_cat?post=3439"},{"taxonomy":"product_tag","embeddable":true,"href":"https:\/\/kalinkamagazin.com\/es\/wp-json\/wp\/v2\/product_tag?post=3439"}],"curies":[{"name":"wp","href":"https:\/\/api.w.org\/{rel}","templated":true}]}}