{"id":3440,"date":"2026-01-27T20:42:48","date_gmt":"2026-01-27T17:42:48","guid":{"rendered":"https:\/\/kalinkamagazin.com\/product\/8205-t-verde-flying-dragon\/"},"modified":"2026-01-27T20:42:48","modified_gmt":"2026-01-27T17:42:48","slug":"8205-t-verde-flying-dragon","status":"publish","type":"product","link":"https:\/\/kalinkamagazin.com\/es\/product\/8205-t-verde-flying-dragon\/","title":{"rendered":"T\u00e9 verde Flying Dragon"},"content":{"rendered":"<p>Helado con sabor a chocolate y tarrina de barquillo (6,9%). Ingredientes: agua, Az\u00facar, Aceite de coco, tarrina de barquillo <b>(harina de trigo, <\/b>almid\u00f3n de ma\u00edz, aceite de colza, Az\u00facar, gasificante carbonatos de sodio, Sal, emulgente: lecitina <b>(soja)), <\/b>Jarabe de glucosa, <b>Leche desnatada en polvo, <\/b><b>Proteinas l\u00e1cteas, <\/b>Cacao en polvo, emulgentes: (mono y diglic\u00e9ridos de \u00e1cidos grasos alimenticios), estabilizadores: (goma guar , E433, E466, carrageenanos), aroma. A una temperatura de \u2264 -18\u00b0C consumir preferentemente antes de: La fecha se indica en la parte frontal del envase. Comercializaci\u00f3n: Lackmann Fleisch- und Feinkostfabrik GmbH, Carl Benz Stra\u00dfe 10, 77731 Willst\u00e4tt, Alemania.  <!--NWT-Text-->Valores energ\u00e9ticos y nutricionales medios por 100g: Valor energ\u00e9tico: 973 kJ \/ 233 kcal, Grasas: 14g, - de las cuales \u00e1cidos grasos saturados: 12g, Hidratos de Carbono: 25g, - de los cuales az\u00facares: 18g, Prote\u00ednas: 2,9g, Sal: 0,20g,  <!--NWT-Table--><\/p>\n<table>\n<tbody>\n<tr>\n<td colspan=\"2\">Valores energ\u00e9ticos y nutricionales medios por 100g:<\/td>\n<\/tr>\n<tr>\n<td>Valor energ\u00e9tico:<\/td>\n<td align = \"right\">973 kJ\/233kcal<\/td>\n<\/tr>\n<tr>\n<td>Grasas:<\/td>\n<td align = \"right\">14g<\/td>\n<\/tr>\n<tr>\n<td>- de las cuales \u00e1cidos grasos saturados:<\/td>\n<td align = \"right\">12g<\/td>\n<\/tr>\n<tr>\n<td>Hidratos de Carbono:<\/td>\n<td align = \"right\">25g<\/td>\n<\/tr>\n<tr>\n<td>- de los cuales az\u00facares:<\/td>\n<td align = \"right\">18g<\/td>\n<\/tr>\n<tr>\n<td>Prote\u00ednas:<\/td>\n<td align = \"right\">2,9g<\/td>\n<\/tr>\n<tr>\n<td>Sal:<\/td>\n<td align = \"right\">0,20g<\/td>\n<\/tr>\n<\/tbody>\n<\/table>\n<p> <!--Bezeichnung-->Helado con sabor a chocolate y tarrina de barquillo (6,9%). <\/p>\n","protected":false},"excerpt":{"rendered":"<p>Helado con sabor a chocolate y tarrina de barquillo (6,9%). Ingredientes: agua, Az\u00facar, Aceite de coco, tarrina de barquillo (harina de trigo, almid\u00f3n de ma\u00edz, aceite de colza, Az\u00facar, gasificante carbonatos de sodio, Sal, emulgente: lecitina (soja)), Jarabe de glucosa, Leche desnatada en polvo, Proteinas l\u00e1cteas, Cacao en polvo, emulgentes: (mono y diglic\u00e9ridos de \u00e1cidos [&hellip;]<\/p>\n","protected":false},"featured_media":3339,"template":"","meta":{"inline_featured_image":false},"product_brand":[],"product_cat":[149,147],"product_tag":[],"class_list":{"0":"post-3440","1":"product","2":"type-product","3":"status-publish","4":"has-post-thumbnail","6":"product_cat-kofe","7":"product_cat-chaj-i-kofe","9":"first","10":"instock","11":"shipping-taxable","12":"purchasable","13":"product-type-simple"},"acf":[],"_links":{"self":[{"href":"https:\/\/kalinkamagazin.com\/es\/wp-json\/wp\/v2\/product\/3440","targetHints":{"allow":["GET"]}}],"collection":[{"href":"https:\/\/kalinkamagazin.com\/es\/wp-json\/wp\/v2\/product"}],"about":[{"href":"https:\/\/kalinkamagazin.com\/es\/wp-json\/wp\/v2\/types\/product"}],"wp:featuredmedia":[{"embeddable":true,"href":"https:\/\/kalinkamagazin.com\/es\/wp-json\/wp\/v2\/media\/3339"}],"wp:attachment":[{"href":"https:\/\/kalinkamagazin.com\/es\/wp-json\/wp\/v2\/media?parent=3440"}],"wp:term":[{"taxonomy":"product_brand","embeddable":true,"href":"https:\/\/kalinkamagazin.com\/es\/wp-json\/wp\/v2\/product_brand?post=3440"},{"taxonomy":"product_cat","embeddable":true,"href":"https:\/\/kalinkamagazin.com\/es\/wp-json\/wp\/v2\/product_cat?post=3440"},{"taxonomy":"product_tag","embeddable":true,"href":"https:\/\/kalinkamagazin.com\/es\/wp-json\/wp\/v2\/product_tag?post=3440"}],"curies":[{"name":"wp","href":"https:\/\/api.w.org\/{rel}","templated":true}]}}