{"id":3441,"date":"2026-01-27T20:42:54","date_gmt":"2026-01-27T17:42:54","guid":{"rendered":"https:\/\/kalinkamagazin.com\/product\/7475-t-negro-earl-grey-sabor-a-bergamota\/"},"modified":"2026-01-27T20:42:54","modified_gmt":"2026-01-27T17:42:54","slug":"7475-t-negro-earl-grey-sabor-a-bergamota","status":"publish","type":"product","link":"https:\/\/kalinkamagazin.com\/es\/product\/7475-t-negro-earl-grey-sabor-a-bergamota\/","title":{"rendered":"T\u00e9 negro Earl Grey, sabor a bergamota"},"content":{"rendered":"<p>t\u00e9 negro, aromatizado, Con sabor a bergamota, a granel. . Ingredientes: t\u00e9 negro, flores de aciano, aroma. Origen: Sri Lanka. Verter siempre con agua hirviendo burbujeante y dejar reposar al menos 3-5 minutos. Solo as\u00ed disfrutar\u00e1 de un alimento seguro.. Sin abrir, consumir preferentemente antes del fin de: v\u00e9ase en la base, segunda l\u00ednea. Comercializaci\u00f3n: Lackmann Fleisch- und Feinkostfabrik GmbH, Carl Benz Stra\u00dfe 10, 77731 Willst\u00e4tt, Alemania.  <!--NWT-Text--> <!--NWT-Table--> <!--Bezeichnung-->t\u00e9 negro, aromatizado, Con sabor a bergamota, a granel. . <\/p>\n","protected":false},"excerpt":{"rendered":"<p>t\u00e9 negro, aromatizado, Con sabor a bergamota, a granel. . Ingredientes: t\u00e9 negro, flores de aciano, aroma. Origen: Sri Lanka. Verter siempre con agua hirviendo burbujeante y dejar reposar al menos 3-5 minutos. Solo as\u00ed disfrutar\u00e1 de un alimento seguro.. Sin abrir, consumir preferentemente antes del fin de: v\u00e9ase en la base, segunda l\u00ednea. Comercializaci\u00f3n: [&hellip;]<\/p>\n","protected":false},"featured_media":3345,"template":"","meta":{"inline_featured_image":false},"product_brand":[],"product_cat":[149,147],"product_tag":[],"class_list":{"0":"post-3441","1":"product","2":"type-product","3":"status-publish","4":"has-post-thumbnail","6":"product_cat-kofe","7":"product_cat-chaj-i-kofe","9":"first","10":"instock","11":"shipping-taxable","12":"purchasable","13":"product-type-simple"},"acf":[],"_links":{"self":[{"href":"https:\/\/kalinkamagazin.com\/es\/wp-json\/wp\/v2\/product\/3441","targetHints":{"allow":["GET"]}}],"collection":[{"href":"https:\/\/kalinkamagazin.com\/es\/wp-json\/wp\/v2\/product"}],"about":[{"href":"https:\/\/kalinkamagazin.com\/es\/wp-json\/wp\/v2\/types\/product"}],"wp:featuredmedia":[{"embeddable":true,"href":"https:\/\/kalinkamagazin.com\/es\/wp-json\/wp\/v2\/media\/3345"}],"wp:attachment":[{"href":"https:\/\/kalinkamagazin.com\/es\/wp-json\/wp\/v2\/media?parent=3441"}],"wp:term":[{"taxonomy":"product_brand","embeddable":true,"href":"https:\/\/kalinkamagazin.com\/es\/wp-json\/wp\/v2\/product_brand?post=3441"},{"taxonomy":"product_cat","embeddable":true,"href":"https:\/\/kalinkamagazin.com\/es\/wp-json\/wp\/v2\/product_cat?post=3441"},{"taxonomy":"product_tag","embeddable":true,"href":"https:\/\/kalinkamagazin.com\/es\/wp-json\/wp\/v2\/product_tag?post=3441"}],"curies":[{"name":"wp","href":"https:\/\/api.w.org\/{rel}","templated":true}]}}