{"id":3442,"date":"2026-01-27T20:43:00","date_gmt":"2026-01-27T17:43:00","guid":{"rendered":"https:\/\/kalinkamagazin.com\/product\/8777-ajo-granulado\/"},"modified":"2026-01-27T20:43:00","modified_gmt":"2026-01-27T17:43:00","slug":"8777-ajo-granulado","status":"publish","type":"product","link":"https:\/\/kalinkamagazin.com\/es\/product\/8777-ajo-granulado\/","title":{"rendered":"Ajo granulado"},"content":{"rendered":"<p>Ajo, deshidratado. . Puede contener: <b>Cereales que contienen gluten, <\/b><b>Huevos, <\/b><b>Leche, <\/b><b>Soja, <\/b><b>mostaza, <\/b><b>Apio, <\/b><b>cacahuetes. <\/b>Almacenar en un lugar fresco y seco. Sin abrir, consumir preferentemente antes de: ver el reverso, segunda l\u00ednea. Comercializaci\u00f3n: Lackmann Fleisch- und Feinkostfabrik GmbH, Carl Benz Stra\u00dfe 10, 77731 Willst\u00e4tt, Alemania.  <!--NWT-Text--> <!--NWT-Table--> <!--Bezeichnung-->Ajo, deshidratado. . <\/p>\n","protected":false},"excerpt":{"rendered":"<p>Ajo, deshidratado. . Puede contener: Cereales que contienen gluten, Huevos, Leche, Soja, mostaza, Apio, cacahuetes. Almacenar en un lugar fresco y seco. Sin abrir, consumir preferentemente antes de: ver el reverso, segunda l\u00ednea. Comercializaci\u00f3n: Lackmann Fleisch- und Feinkostfabrik GmbH, Carl Benz Stra\u00dfe 10, 77731 Willst\u00e4tt, Alemania. Ajo, deshidratado. .<\/p>\n","protected":false},"featured_media":3366,"template":"","meta":{"inline_featured_image":false},"product_brand":[],"product_cat":[136,137],"product_tag":[],"class_list":{"0":"post-3442","1":"product","2":"type-product","3":"status-publish","4":"has-post-thumbnail","6":"product_cat-masla-sousy-i-pripravy","7":"product_cat-sousy-majonezy-pripravy","9":"first","10":"instock","11":"shipping-taxable","12":"purchasable","13":"product-type-simple"},"acf":[],"_links":{"self":[{"href":"https:\/\/kalinkamagazin.com\/es\/wp-json\/wp\/v2\/product\/3442","targetHints":{"allow":["GET"]}}],"collection":[{"href":"https:\/\/kalinkamagazin.com\/es\/wp-json\/wp\/v2\/product"}],"about":[{"href":"https:\/\/kalinkamagazin.com\/es\/wp-json\/wp\/v2\/types\/product"}],"wp:featuredmedia":[{"embeddable":true,"href":"https:\/\/kalinkamagazin.com\/es\/wp-json\/wp\/v2\/media\/3366"}],"wp:attachment":[{"href":"https:\/\/kalinkamagazin.com\/es\/wp-json\/wp\/v2\/media?parent=3442"}],"wp:term":[{"taxonomy":"product_brand","embeddable":true,"href":"https:\/\/kalinkamagazin.com\/es\/wp-json\/wp\/v2\/product_brand?post=3442"},{"taxonomy":"product_cat","embeddable":true,"href":"https:\/\/kalinkamagazin.com\/es\/wp-json\/wp\/v2\/product_cat?post=3442"},{"taxonomy":"product_tag","embeddable":true,"href":"https:\/\/kalinkamagazin.com\/es\/wp-json\/wp\/v2\/product_tag?post=3442"}],"curies":[{"name":"wp","href":"https:\/\/api.w.org\/{rel}","templated":true}]}}