{"id":3443,"date":"2026-01-27T17:51:29","date_gmt":"2026-01-27T14:51:29","guid":{"rendered":"https:\/\/kalinkamagazin.com\/product\/7230-chips-de-nori\/"},"modified":"2026-01-27T20:43:05","modified_gmt":"2026-01-27T17:43:05","slug":"7230-chips-de-nori","status":"publish","type":"product","link":"https:\/\/kalinkamagazin.com\/es\/product\/7230-chips-de-nori\/","title":{"rendered":"Chips de nori"},"content":{"rendered":"<p>Aperitivo de Nori, tostado.. peso: 4,5g. Atenci\u00f3n: El envase contiene una peque\u00f1a bolsa con sustancias que absorben la humedad. Estas sustancias NO SON COMESTIBLES. Deseche la bolsa despu\u00e9s de abrir el paquete. La imagen muestra una sugerencia de presentaci\u00f3n.. Ingredientes: Nori, aceites vegetales: (ma\u00edz, <b>S\u00e9samo), <\/b>cloruro de sodio. La fecha en el envase indica la fecha de fabricaci\u00f3n o envasado: Almacenar en un lugar fresco y seco. Comercializaci\u00f3n: Lackmann Fleisch- und Feinkostfabrik GmbH, Carl Benz Stra\u00dfe 10, 77731 Willst\u00e4tt, Alemania. Consumir preferentemente antes de:  <!--NWT-Text-->Valores energ\u00e9ticos y nutricionales medios por 100g: Valor energ\u00e9tico: 2290 kJ \/ 550 kcal, Grasas: 45g, - de las cuales \u00e1cidos grasos saturados: 22g, Hidratos de Carbono: 23g, - de los cuales az\u00facares: 0g, Prote\u00ednas: 15g, Sal: 4,4g,  <!--NWT-Table--><\/p>\n<table>\n<tbody>\n<tr>\n<td colspan=\"2\">Valores energ\u00e9ticos y nutricionales medios por 100g:<\/td>\n<\/tr>\n<tr>\n<td>Valor energ\u00e9tico:<\/td>\n<td align = \"right\">2290 kJ\/550kcal<\/td>\n<\/tr>\n<tr>\n<td>Grasas:<\/td>\n<td align = \"right\">45g<\/td>\n<\/tr>\n<tr>\n<td>- de las cuales \u00e1cidos grasos saturados:<\/td>\n<td align = \"right\">22g<\/td>\n<\/tr>\n<tr>\n<td>Hidratos de Carbono:<\/td>\n<td align = \"right\">23g<\/td>\n<\/tr>\n<tr>\n<td>- de los cuales az\u00facares:<\/td>\n<td align = \"right\">0g<\/td>\n<\/tr>\n<tr>\n<td>Prote\u00ednas:<\/td>\n<td align = \"right\">15g<\/td>\n<\/tr>\n<tr>\n<td>Sal:<\/td>\n<td align = \"right\">4,4g<\/td>\n<\/tr>\n<\/tbody>\n<\/table>\n<p> <!--Bezeichnung-->Aperitivo de Nori, tostado.. <\/p>\n","protected":false},"excerpt":{"rendered":"<p>Aperitivo de Nori, tostado.. peso: 4,5g. Atenci\u00f3n: El envase contiene una peque\u00f1a bolsa con sustancias que absorben la humedad. Estas sustancias NO SON COMESTIBLES. Deseche la bolsa despu\u00e9s de abrir el paquete. La imagen muestra una sugerencia de presentaci\u00f3n.. Ingredientes: Nori, aceites vegetales: (ma\u00edz, S\u00e9samo), cloruro de sodio. La fecha en el envase indica la [&hellip;]<\/p>\n","protected":false},"featured_media":3373,"template":"","meta":{"inline_featured_image":false},"product_brand":[],"product_cat":[208,207],"product_tag":[],"class_list":{"0":"post-3443","1":"product","2":"type-product","3":"status-publish","4":"has-post-thumbnail","6":"product_cat-granos-cereales","7":"product_cat-granos-cereales-y-snacks","9":"first","10":"instock","11":"shipping-taxable","12":"purchasable","13":"product-type-simple"},"acf":[],"_links":{"self":[{"href":"https:\/\/kalinkamagazin.com\/es\/wp-json\/wp\/v2\/product\/3443","targetHints":{"allow":["GET"]}}],"collection":[{"href":"https:\/\/kalinkamagazin.com\/es\/wp-json\/wp\/v2\/product"}],"about":[{"href":"https:\/\/kalinkamagazin.com\/es\/wp-json\/wp\/v2\/types\/product"}],"wp:featuredmedia":[{"embeddable":true,"href":"https:\/\/kalinkamagazin.com\/es\/wp-json\/wp\/v2\/media\/3373"}],"wp:attachment":[{"href":"https:\/\/kalinkamagazin.com\/es\/wp-json\/wp\/v2\/media?parent=3443"}],"wp:term":[{"taxonomy":"product_brand","embeddable":true,"href":"https:\/\/kalinkamagazin.com\/es\/wp-json\/wp\/v2\/product_brand?post=3443"},{"taxonomy":"product_cat","embeddable":true,"href":"https:\/\/kalinkamagazin.com\/es\/wp-json\/wp\/v2\/product_cat?post=3443"},{"taxonomy":"product_tag","embeddable":true,"href":"https:\/\/kalinkamagazin.com\/es\/wp-json\/wp\/v2\/product_tag?post=3443"}],"curies":[{"name":"wp","href":"https:\/\/api.w.org\/{rel}","templated":true}]}}