{"id":3444,"date":"2026-01-27T20:43:12","date_gmt":"2026-01-27T17:43:12","guid":{"rendered":"https:\/\/kalinkamagazin.com\/product\/6507-alforfn\/"},"modified":"2026-01-27T20:43:12","modified_gmt":"2026-01-27T17:43:12","slug":"6507-alforfn","status":"publish","type":"product","link":"https:\/\/kalinkamagazin.com\/es\/product\/6507-alforfn\/","title":{"rendered":"Alforf\u00f3n"},"content":{"rendered":"<p>Alforf\u00f3n tostado. . Consumir preferentemente antes de: Comercializaci\u00f3n: Lackmann Fleisch- und Feinkostfabrik GmbH, Carl Benz Stra\u00dfe 10, 77731 Willst\u00e4tt, Alemania.  <!--NWT-Text-->Valores energ\u00e9ticos y nutricionales medios por 100g: Valor energ\u00e9tico: 1377 kJ \/ 329 kcal, Grasas: 2,6g, - de las cuales \u00e1cidos grasos saturados: 0,6g, Hidratos de Carbono: 68g, - de los cuales az\u00facares: 1,4g, Prote\u00ednas: 13g, Sal: <0,1g,  <!--NWT-Table--><\/p>\n<table>\n<tbody>\n<tr>\n<td colspan=\"2\">Valores energ\u00e9ticos y nutricionales medios por 100g:<\/td>\n<\/tr>\n<tr>\n<td>Valor energ\u00e9tico:<\/td>\n<td align = \"right\">1377 kJ\/329kcal<\/td>\n<\/tr>\n<tr>\n<td>Grasas:<\/td>\n<td align = \"right\">2,6g<\/td>\n<\/tr>\n<tr>\n<td>- de las cuales \u00e1cidos grasos saturados:<\/td>\n<td align = \"right\">0,6g<\/td>\n<\/tr>\n<tr>\n<td>Hidratos de Carbono:<\/td>\n<td align = \"right\">68g<\/td>\n<\/tr>\n<tr>\n<td>- de los cuales az\u00facares:<\/td>\n<td align = \"right\">1,4g<\/td>\n<\/tr>\n<tr>\n<td>Prote\u00ednas:<\/td>\n<td align = \"right\">13g<\/td>\n<\/tr>\n<tr>\n<td>Sal:<\/td>\n<td align = \"right\"><0,1g<\/td>\n<\/tr>\n<\/tbody>\n<\/table>\n<p> <!--Bezeichnung-->Alforf\u00f3n tostado. . <\/p>\n","protected":false},"excerpt":{"rendered":"<p>Alforf\u00f3n tostado. . Consumir preferentemente antes de: Comercializaci\u00f3n: Lackmann Fleisch- und Feinkostfabrik GmbH, Carl Benz Stra\u00dfe 10, 77731 Willst\u00e4tt, Alemania. Valores energ\u00e9ticos y nutricionales medios por 100g: Valor energ\u00e9tico: 1377 kJ \/ 329 kcal, Grasas: 2,6g, - de las cuales \u00e1cidos grasos saturados: 0,6g, Hidratos de Carbono: 68g, - de los cuales az\u00facares: 1,4g, Prote\u00ednas: [&hellip;]<\/p>\n","protected":false},"featured_media":2820,"template":"","meta":{"inline_featured_image":false},"product_brand":[],"product_cat":[153,151],"product_tag":[],"class_list":{"0":"post-3444","1":"product","2":"type-product","3":"status-publish","4":"has-post-thumbnail","6":"product_cat-mineralnaya-voda-gazirovannye-napitki","7":"product_cat-napitki","9":"first","10":"instock","11":"shipping-taxable","12":"purchasable","13":"product-type-simple"},"acf":[],"_links":{"self":[{"href":"https:\/\/kalinkamagazin.com\/es\/wp-json\/wp\/v2\/product\/3444","targetHints":{"allow":["GET"]}}],"collection":[{"href":"https:\/\/kalinkamagazin.com\/es\/wp-json\/wp\/v2\/product"}],"about":[{"href":"https:\/\/kalinkamagazin.com\/es\/wp-json\/wp\/v2\/types\/product"}],"wp:featuredmedia":[{"embeddable":true,"href":"https:\/\/kalinkamagazin.com\/es\/wp-json\/wp\/v2\/media\/2820"}],"wp:attachment":[{"href":"https:\/\/kalinkamagazin.com\/es\/wp-json\/wp\/v2\/media?parent=3444"}],"wp:term":[{"taxonomy":"product_brand","embeddable":true,"href":"https:\/\/kalinkamagazin.com\/es\/wp-json\/wp\/v2\/product_brand?post=3444"},{"taxonomy":"product_cat","embeddable":true,"href":"https:\/\/kalinkamagazin.com\/es\/wp-json\/wp\/v2\/product_cat?post=3444"},{"taxonomy":"product_tag","embeddable":true,"href":"https:\/\/kalinkamagazin.com\/es\/wp-json\/wp\/v2\/product_tag?post=3444"}],"curies":[{"name":"wp","href":"https:\/\/api.w.org\/{rel}","templated":true}]}}