{"id":3445,"date":"2026-01-27T17:32:08","date_gmt":"2026-01-27T14:32:08","guid":{"rendered":"https:\/\/kalinkamagazin.com\/product\/7401-alforfn-al-vapor\/"},"modified":"2026-01-27T20:43:17","modified_gmt":"2026-01-27T17:43:17","slug":"7401-alforfn-al-vapor","status":"publish","type":"product","link":"https:\/\/kalinkamagazin.com\/es\/product\/7401-alforfn-al-vapor\/","title":{"rendered":"Alforf\u00f3n, al vapor."},"content":{"rendered":"<p>Alforf\u00f3n, al vapor.. Valores energ\u00e9ticos y nutricionales medios por 100g: Fibra 5,7g. Este producto puede tener trazas de: <b>Trigo, <\/b><b>Avena, <\/b><b>Centeno, <\/b><b>cebada, <\/b><b>Espelta. <\/b>Almacenar en un lugar fresco y seco. Sugerencias de preparaci\u00f3n: aclarar con agua fr\u00eda Verter el doble de agua, calentar hasta que hierva y dejar hervir aprox. unos 10 minutos. Consumir preferentemente antes de: ver impresi\u00f3n, segunda l\u00ednea. Comercializaci\u00f3n:  Lackmann Fleisch- und Feinkostfabrik GmbH, Carl-Benz-Stra\u00dfe 10, 77731 Willst\u00e4tt, Deutschland.  <!--NWT-Text-->Valores energ\u00e9ticos y nutricionales medios por 100g: Valor energ\u00e9tico: 1453 kJ \/ 343 kcal, Grasas: 2,9g, - de las cuales \u00e1cidos grasos saturados: 0,8g, Hidratos de Carbono: 67g, - de los cuales az\u00facares: 0,9g, Prote\u00ednas: 9,2g, Sal: <0,1g,  <!--NWT-Table--><\/p>\n<table>\n<tbody>\n<tr>\n<td colspan=\"2\">Valores energ\u00e9ticos y nutricionales medios por 100g:<\/td>\n<\/tr>\n<tr>\n<td>Valor energ\u00e9tico:<\/td>\n<td align = \"right\">1453 kJ\/343kcal<\/td>\n<\/tr>\n<tr>\n<td>Grasas:<\/td>\n<td align = \"right\">2,9g<\/td>\n<\/tr>\n<tr>\n<td>- de las cuales \u00e1cidos grasos saturados:<\/td>\n<td align = \"right\">0,8g<\/td>\n<\/tr>\n<tr>\n<td>Hidratos de Carbono:<\/td>\n<td align = \"right\">67g<\/td>\n<\/tr>\n<tr>\n<td>- de los cuales az\u00facares:<\/td>\n<td align = \"right\">0,9g<\/td>\n<\/tr>\n<tr>\n<td>Prote\u00ednas:<\/td>\n<td align = \"right\">9,2g<\/td>\n<\/tr>\n<tr>\n<td>Sal:<\/td>\n<td align = \"right\"><0,1g<\/td>\n<\/tr>\n<\/tbody>\n<\/table>\n<p> <!--Bezeichnung-->Alforf\u00f3n, al vapor.. <\/p>\n","protected":false},"excerpt":{"rendered":"<p>Alforf\u00f3n, al vapor.. Valores energ\u00e9ticos y nutricionales medios por 100g: Fibra 5,7g. Este producto puede tener trazas de: Trigo, Avena, Centeno, cebada, Espelta. Almacenar en un lugar fresco y seco. Sugerencias de preparaci\u00f3n: aclarar con agua fr\u00eda Verter el doble de agua, calentar hasta que hierva y dejar hervir aprox. unos 10 minutos. Consumir preferentemente [&hellip;]<\/p>\n","protected":false},"featured_media":2962,"template":"","meta":{"inline_featured_image":false},"product_brand":[],"product_cat":[209,207],"product_tag":[],"class_list":{"0":"post-3445","1":"product","2":"type-product","3":"status-publish","4":"has-post-thumbnail","6":"product_cat-cereales-para-cocinar-grano","7":"product_cat-granos-cereales-y-snacks","9":"first","10":"instock","11":"shipping-taxable","12":"purchasable","13":"product-type-simple"},"acf":[],"_links":{"self":[{"href":"https:\/\/kalinkamagazin.com\/es\/wp-json\/wp\/v2\/product\/3445","targetHints":{"allow":["GET"]}}],"collection":[{"href":"https:\/\/kalinkamagazin.com\/es\/wp-json\/wp\/v2\/product"}],"about":[{"href":"https:\/\/kalinkamagazin.com\/es\/wp-json\/wp\/v2\/types\/product"}],"wp:featuredmedia":[{"embeddable":true,"href":"https:\/\/kalinkamagazin.com\/es\/wp-json\/wp\/v2\/media\/2962"}],"wp:attachment":[{"href":"https:\/\/kalinkamagazin.com\/es\/wp-json\/wp\/v2\/media?parent=3445"}],"wp:term":[{"taxonomy":"product_brand","embeddable":true,"href":"https:\/\/kalinkamagazin.com\/es\/wp-json\/wp\/v2\/product_brand?post=3445"},{"taxonomy":"product_cat","embeddable":true,"href":"https:\/\/kalinkamagazin.com\/es\/wp-json\/wp\/v2\/product_cat?post=3445"},{"taxonomy":"product_tag","embeddable":true,"href":"https:\/\/kalinkamagazin.com\/es\/wp-json\/wp\/v2\/product_tag?post=3445"}],"curies":[{"name":"wp","href":"https:\/\/api.w.org\/{rel}","templated":true}]}}