{"id":3446,"date":"2026-01-27T20:43:24","date_gmt":"2026-01-27T17:43:24","guid":{"rendered":"https:\/\/kalinkamagazin.com\/product\/7416-alforfn\/"},"modified":"2026-01-27T20:43:24","modified_gmt":"2026-01-27T17:43:24","slug":"7416-alforfn","status":"publish","type":"product","link":"https:\/\/kalinkamagazin.com\/es\/product\/7416-alforfn\/","title":{"rendered":"Alforf\u00f3n."},"content":{"rendered":"<p>Alforf\u00f3n.. Valores energ\u00e9ticos y nutricionales medios por 100g: Fibra 5,7g. 5 bolsas de cocci\u00f3n de 80 g. Sugerencias de preparaci\u00f3n: Introducir la bolsa de cocci\u00f3n en una olla con agua hirviendo y dejar hervir a fuego lento 10 minutos. Una vez finalizada la cocci\u00f3n, sacar la bolsa, escurrir brevemente, abrir y servir el contenido. Este producto puede tener trazas de: <b>Trigo, <\/b><b>Avena, <\/b><b>Centeno, <\/b><b>cebada, <\/b><b>Espelta. <\/b>Almacenar en un lugar fresco y seco. Comercializaci\u00f3n: Lackmann Fleisch- und Feinkostfabrik GmbH, Carl Benz Stra\u00dfe 10, 77731 Willst\u00e4tt, Alemania. Consumir preferentemente antes de: v\u00e9ase en el envase, segunda l\u00ednea.  <!--NWT-Text-->Valores energ\u00e9ticos y nutricionales medios por 100g: Valor energ\u00e9tico: 1453 kJ \/ 343 kcal, Grasas: 2,9g, - de las cuales \u00e1cidos grasos saturados: 0,8g, Hidratos de Carbono: 67g, - de los cuales az\u00facares: 0,9g, Prote\u00ednas: 9,2g, Sal: <0,1g,  <!--NWT-Table--><\/p>\n<table>\n<tbody>\n<tr>\n<td colspan=\"2\">Valores energ\u00e9ticos y nutricionales medios por 100g:<\/td>\n<\/tr>\n<tr>\n<td>Valor energ\u00e9tico:<\/td>\n<td align = \"right\">1453 kJ\/343kcal<\/td>\n<\/tr>\n<tr>\n<td>Grasas:<\/td>\n<td align = \"right\">2,9g<\/td>\n<\/tr>\n<tr>\n<td>- de las cuales \u00e1cidos grasos saturados:<\/td>\n<td align = \"right\">0,8g<\/td>\n<\/tr>\n<tr>\n<td>Hidratos de Carbono:<\/td>\n<td align = \"right\">67g<\/td>\n<\/tr>\n<tr>\n<td>- de los cuales az\u00facares:<\/td>\n<td align = \"right\">0,9g<\/td>\n<\/tr>\n<tr>\n<td>Prote\u00ednas:<\/td>\n<td align = \"right\">9,2g<\/td>\n<\/tr>\n<tr>\n<td>Sal:<\/td>\n<td align = \"right\"><0,1g<\/td>\n<\/tr>\n<\/tbody>\n<\/table>\n<p> <!--Bezeichnung-->Alforf\u00f3n.. <\/p>\n","protected":false},"excerpt":{"rendered":"<p>Alforf\u00f3n.. Valores energ\u00e9ticos y nutricionales medios por 100g: Fibra 5,7g. 5 bolsas de cocci\u00f3n de 80 g. Sugerencias de preparaci\u00f3n: Introducir la bolsa de cocci\u00f3n en una olla con agua hirviendo y dejar hervir a fuego lento 10 minutos. Una vez finalizada la cocci\u00f3n, sacar la bolsa, escurrir brevemente, abrir y servir el contenido. Este [&hellip;]<\/p>\n","protected":false},"featured_media":2817,"template":"","meta":{"inline_featured_image":false},"product_brand":[],"product_cat":[136,139],"product_tag":[],"class_list":{"0":"post-3446","1":"product","2":"type-product","3":"status-publish","4":"has-post-thumbnail","6":"product_cat-masla-sousy-i-pripravy","7":"product_cat-hren-uksus-gorchicza","9":"first","10":"instock","11":"shipping-taxable","12":"purchasable","13":"product-type-simple"},"acf":[],"_links":{"self":[{"href":"https:\/\/kalinkamagazin.com\/es\/wp-json\/wp\/v2\/product\/3446","targetHints":{"allow":["GET"]}}],"collection":[{"href":"https:\/\/kalinkamagazin.com\/es\/wp-json\/wp\/v2\/product"}],"about":[{"href":"https:\/\/kalinkamagazin.com\/es\/wp-json\/wp\/v2\/types\/product"}],"wp:featuredmedia":[{"embeddable":true,"href":"https:\/\/kalinkamagazin.com\/es\/wp-json\/wp\/v2\/media\/2817"}],"wp:attachment":[{"href":"https:\/\/kalinkamagazin.com\/es\/wp-json\/wp\/v2\/media?parent=3446"}],"wp:term":[{"taxonomy":"product_brand","embeddable":true,"href":"https:\/\/kalinkamagazin.com\/es\/wp-json\/wp\/v2\/product_brand?post=3446"},{"taxonomy":"product_cat","embeddable":true,"href":"https:\/\/kalinkamagazin.com\/es\/wp-json\/wp\/v2\/product_cat?post=3446"},{"taxonomy":"product_tag","embeddable":true,"href":"https:\/\/kalinkamagazin.com\/es\/wp-json\/wp\/v2\/product_tag?post=3446"}],"curies":[{"name":"wp","href":"https:\/\/api.w.org\/{rel}","templated":true}]}}